{"id":5296,"date":"2024-06-10T06:16:25","date_gmt":"2024-06-10T06:16:25","guid":{"rendered":"https:\/\/www.happysunday.eu\/?post_type=product&#038;p=5296"},"modified":"2026-04-07T07:02:34","modified_gmt":"2026-04-07T07:02:34","slug":"mirdzosa-sausa-ellai-sejai-kermenim-un-matiem-100ml","status":"publish","type":"product","link":"https:\/\/www.happysunday.eu\/?product=mirdzosa-sausa-ellai-sejai-kermenim-un-matiem-100ml","title":{"rendered":"MIRDZO\u0160A SAU\u013bO\u0160AN\u0100S E\u013b\u013bA SEJAI UN \u0136ERMENIM 100ML"},"content":{"rendered":"<div id=\"product-title\">\n<h1 class=\"product_title entry-title\">THAT&#8217;S SO GLOWY GOLD MOISTURIZING SHIMMER EFFECT DRY OIL<\/h1>\n<div class=\"woocommerce-product-details__short-description\">\n<p>Glowy Gold<\/p>\n<p class=\"p1\"><span class=\"s1\">Mirdzo\u0161a e\u013c\u013ca \u0137ermenim<\/span><\/p>\n<p class=\"p1\"><span class=\"s2\">\u0160\u012b luksusa mirdzo\u0161\u0101 e\u013c\u013ca ir ide\u0101li piem\u0113rota ikdienas lieto\u0161anai k\u0101 mitrino\u0161s l\u012bdzeklis, k\u0101 ar\u012b k\u0101 sau\u013co\u0161an\u0101s e\u013c\u013ca tum\u0161ai \u0101dai. T\u0101 viegl\u0101 tekst\u016bra \u0101tri ies\u016bcas, neatst\u0101jot taukainu saj\u016btu, vienlaikus pie\u0161\u0137irot \u0101dai starojo\u0161u un vesel\u012bgu mirdzumu. Bag\u0101tin\u0101ta ar dab\u012bg\u0101m e\u013c\u013c\u0101m un barojo\u0161iem komponentiem, t\u0101 mitrina, aizsarg\u0101 un uzsver \u0101das skaistumu. Perfekts sabiedrotais saulain\u0101m dien\u0101m un \u012bpa\u0161iem mirk\u013ciem!<\/span><\/p>\n<p>K\u0100 TO IZMANTOT<br \/>\nPirms lieto\u0161anas labi sakratiet produktu. Uzkl\u0101jiet to uz \u0101das ar ap\u013cveida kust\u012bb\u0101m. P\u0113c lieto\u0161anas nomazg\u0101jiet rokas. Sejai izsmidziniet l\u012bdzekli uz rok\u0101m un izkl\u0101jiet to ar ap\u013cveida kust\u012bb\u0101m, izvairoties no acu un l\u016bpu zonas.<\/p>\n<\/div>\n<\/div>\n","protected":false},"excerpt":{"rendered":"<p>THAT&#8217;S SO GLOWY GOLD MOISTURIZING SHIMMER EFFECT DRY OIL Glowy Gold Mirdzo\u0161a e\u013c\u013ca \u0137ermenim \u0160\u012b luksusa mirdzo\u0161\u0101 e\u013c\u013ca ir ide\u0101li piem\u0113rota ikdienas lieto\u0161anai k\u0101 mitrino\u0161s l\u012bdzeklis, k\u0101 ar\u012b k\u0101 sau\u013co\u0161an\u0101s e\u013c\u013ca tum\u0161ai \u0101dai. T\u0101 viegl\u0101 tekst\u016bra \u0101tri ies\u016bcas, neatst\u0101jot taukainu saj\u016btu, vienlaikus pie\u0161\u0137irot \u0101dai starojo\u0161u un vesel\u012bgu mirdzumu. Bag\u0101tin\u0101ta ar dab\u012bg\u0101m e\u013c\u013c\u0101m un barojo\u0161iem komponentiem, t\u0101 mitrina, aizsarg\u0101 un uzsver \u0101das skaistumu. Perfekts sabiedrotais saulain\u0101m dien\u0101m un \u012bpa\u0161iem mirk\u013ciem! K\u0100 TO IZMANTOT Pirms lieto\u0161anas labi sakratiet produktu. Uzkl\u0101jiet to uz \u0101das ar ap\u013cveida kust\u012bb\u0101m. P\u0113c lieto\u0161anas nomazg\u0101jiet rokas. Sejai izsmidziniet&hellip;<\/p>\n","protected":false},"featured_media":5297,"template":"","meta":[],"product_brand":[],"product_cat":[33,84,83],"product_tag":[],"class_list":{"0":"post-5296","1":"product","2":"type-product","3":"status-publish","4":"has-post-thumbnail","6":"product_cat-uncategorized","7":"product_cat-saules-kosmetika","8":"product_cat-that-so","10":"first","11":"instock","12":"shipping-taxable","13":"purchasable","14":"product-type-simple"},"_links":{"self":[{"href":"https:\/\/www.happysunday.eu\/index.php?rest_route=\/wp\/v2\/product\/5296","targetHints":{"allow":["GET"]}}],"collection":[{"href":"https:\/\/www.happysunday.eu\/index.php?rest_route=\/wp\/v2\/product"}],"about":[{"href":"https:\/\/www.happysunday.eu\/index.php?rest_route=\/wp\/v2\/types\/product"}],"wp:featuredmedia":[{"embeddable":true,"href":"https:\/\/www.happysunday.eu\/index.php?rest_route=\/wp\/v2\/media\/5297"}],"wp:attachment":[{"href":"https:\/\/www.happysunday.eu\/index.php?rest_route=%2Fwp%2Fv2%2Fmedia&parent=5296"}],"wp:term":[{"taxonomy":"product_brand","embeddable":true,"href":"https:\/\/www.happysunday.eu\/index.php?rest_route=%2Fwp%2Fv2%2Fproduct_brand&post=5296"},{"taxonomy":"product_cat","embeddable":true,"href":"https:\/\/www.happysunday.eu\/index.php?rest_route=%2Fwp%2Fv2%2Fproduct_cat&post=5296"},{"taxonomy":"product_tag","embeddable":true,"href":"https:\/\/www.happysunday.eu\/index.php?rest_route=%2Fwp%2Fv2%2Fproduct_tag&post=5296"}],"curies":[{"name":"wp","href":"https:\/\/api.w.org\/{rel}","templated":true}]}}