{"id":5298,"date":"2024-06-10T06:23:48","date_gmt":"2024-06-10T06:23:48","guid":{"rendered":"https:\/\/www.happysunday.eu\/?post_type=product&#038;p=5298"},"modified":"2026-04-07T07:02:34","modified_gmt":"2026-04-07T07:02:34","slug":"mirdzosa-emulsija-highlighter-kermenim-100ml","status":"publish","type":"product","link":"https:\/\/www.happysunday.eu\/?product=mirdzosa-emulsija-highlighter-kermenim-100ml","title":{"rendered":"MIRDZO\u0160A EMULSIJA DIAMOND HIGHLIGHTER \u0136ERMENIM 100ML"},"content":{"rendered":"<div id=\"product-title\">\n<h1 class=\"product_title entry-title\">THAT&#8217;S SO DIAMOND \u2013 BODY HIGHLIGHT SILKY-EFFECT BODY HIGHLIGHTER<\/h1>\n<div class=\"woocommerce-product-details__short-description\">\n<p>Diamond Body Highlight ir z\u012bdaina efekta fku\u012bds, kas pie\u0161\u0137ir \u0137ermenim mirdzo\u0161u DIAMOND efektu, atst\u0101jot \u0101du maigu un samtainu ar neatvair\u0101mu sp\u012bd\u012bgu apdari. Pateicoties n\u0101trija hialuron\u0101ta un organisk\u0101s alvejas sulas kl\u0101tb\u016btnei, tas pal\u012bdz saglab\u0101t \u0101du mitrin\u0101tu un elast\u012bgu, savuk\u0101rt v\u0113rt\u012bgais, gaismu izklied\u0113jo\u0161ais pigmentu un zelta mikrop\u0113r\u013cu mais\u012bjums pie\u0161\u0137ir \u0101dai spilgtu un sp\u012bd\u012bgu kr\u0101su.<\/p>\n<p>\u201e\u0160\u0137idr\u0101s ze\u0137es\u201c efekts\u2013 lieliska alternat\u012bva kaprona ze\u0137\u0113m karstaj\u0101 laik\u0101. Kr\u0113ms mask\u0113 zilumus, r\u0113tas, asinsvadu zvaigzn\u012btes un spilgti izteiktas v\u0113nas. Uzkl\u0101\u0161anas laik\u0101 veido pl\u0101nu k\u0101rti\u0146u un pie\u0161\u0137ir toni, lai\u017e cauri gaisu un nekairina \u0101du.<\/p>\n<p>Lielisks vasaras laik\u0101. Ide\u0101ls fotosessij\u0101s.<\/p>\n<p>K\u0100 TO IZMANTOT<br \/>\nPirms lieto\u0161anas labi sakratiet produktu. Uzkl\u0101jiet to uz \u0101das ar ap\u013cveida kust\u012bb\u0101m. P\u0113c lieto\u0161anas nomazg\u0101jiet rokas. Sejai izsmidziniet l\u012bdzekli uz rok\u0101m un izkl\u0101jiet to ar ap\u013cveida kust\u012bb\u0101m, izvairoties no acu un l\u016bpu zonas.<\/p>\n<\/div>\n<\/div>\n","protected":false},"excerpt":{"rendered":"<p>THAT&#8217;S SO DIAMOND \u2013 BODY HIGHLIGHT SILKY-EFFECT BODY HIGHLIGHTER Diamond Body Highlight ir z\u012bdaina efekta fku\u012bds, kas pie\u0161\u0137ir \u0137ermenim mirdzo\u0161u DIAMOND efektu, atst\u0101jot \u0101du maigu un samtainu ar neatvair\u0101mu sp\u012bd\u012bgu apdari. Pateicoties n\u0101trija hialuron\u0101ta un organisk\u0101s alvejas sulas kl\u0101tb\u016btnei, tas pal\u012bdz saglab\u0101t \u0101du mitrin\u0101tu un elast\u012bgu, savuk\u0101rt v\u0113rt\u012bgais, gaismu izklied\u0113jo\u0161ais pigmentu un zelta mikrop\u0113r\u013cu mais\u012bjums pie\u0161\u0137ir \u0101dai spilgtu un sp\u012bd\u012bgu kr\u0101su. \u201e\u0160\u0137idr\u0101s ze\u0137es\u201c efekts\u2013 lieliska alternat\u012bva kaprona ze\u0137\u0113m karstaj\u0101 laik\u0101. Kr\u0113ms mask\u0113 zilumus, r\u0113tas, asinsvadu zvaigzn\u012btes un spilgti izteiktas v\u0113nas. Uzkl\u0101\u0161anas laik\u0101 veido pl\u0101nu k\u0101rti\u0146u un pie\u0161\u0137ir toni, lai\u017e cauri&hellip;<\/p>\n","protected":false},"featured_media":5299,"template":"","meta":[],"product_brand":[],"product_cat":[71,33,84,83],"product_tag":[],"class_list":{"0":"post-5298","1":"product","2":"type-product","3":"status-publish","4":"has-post-thumbnail","6":"product_cat-davanas","7":"product_cat-uncategorized","8":"product_cat-saules-kosmetika","9":"product_cat-that-so","11":"first","12":"instock","13":"featured","14":"shipping-taxable","15":"purchasable","16":"product-type-simple"},"_links":{"self":[{"href":"https:\/\/www.happysunday.eu\/index.php?rest_route=\/wp\/v2\/product\/5298","targetHints":{"allow":["GET"]}}],"collection":[{"href":"https:\/\/www.happysunday.eu\/index.php?rest_route=\/wp\/v2\/product"}],"about":[{"href":"https:\/\/www.happysunday.eu\/index.php?rest_route=\/wp\/v2\/types\/product"}],"wp:featuredmedia":[{"embeddable":true,"href":"https:\/\/www.happysunday.eu\/index.php?rest_route=\/wp\/v2\/media\/5299"}],"wp:attachment":[{"href":"https:\/\/www.happysunday.eu\/index.php?rest_route=%2Fwp%2Fv2%2Fmedia&parent=5298"}],"wp:term":[{"taxonomy":"product_brand","embeddable":true,"href":"https:\/\/www.happysunday.eu\/index.php?rest_route=%2Fwp%2Fv2%2Fproduct_brand&post=5298"},{"taxonomy":"product_cat","embeddable":true,"href":"https:\/\/www.happysunday.eu\/index.php?rest_route=%2Fwp%2Fv2%2Fproduct_cat&post=5298"},{"taxonomy":"product_tag","embeddable":true,"href":"https:\/\/www.happysunday.eu\/index.php?rest_route=%2Fwp%2Fv2%2Fproduct_tag&post=5298"}],"curies":[{"name":"wp","href":"https:\/\/api.w.org\/{rel}","templated":true}]}}