{"id":5300,"date":"2024-06-10T06:36:51","date_gmt":"2024-06-10T06:36:51","guid":{"rendered":"https:\/\/www.happysunday.eu\/?post_type=product&#038;p=5300"},"modified":"2026-04-07T07:02:34","modified_gmt":"2026-04-07T07:02:34","slug":"pasiedeguma-nonemsanas-putas-75ml","status":"publish","type":"product","link":"https:\/\/www.happysunday.eu\/?product=pasiedeguma-nonemsanas-putas-75ml","title":{"rendered":"PA\u0160IEDEGUMA NO\u0145EM\u0160ANAS PUTAS 75ML"},"content":{"rendered":"<div id=\"product-title\">\n<h1 class=\"product_title entry-title\">THAT&#8217;S SO SOS INSTANT SELF-TAN REMOVER SELF-TANNER REMOVER MOUSSE<\/h1>\n<div class=\"woocommerce-product-details__short-description\">\n<p>T\u0101 maig\u0101 formula gludi sl\u012bd pa \u0101du, no\u0146emot pa\u0161iedeguma traipus un p\u0101rdoz\u0113\u0161anu uz rok\u0101m, k\u0101j\u0101m un nagiem, nesausinot vai nesaboj\u0101jot hidrolip\u012bdu l\u012bdzsvaru.<\/p>\n<p>Bag\u0101tin\u0101ts ar mitrino\u0161u alvejas sulu un dab\u012bgiem kumel\u012b\u0161u un citronu ekstraktiem, lai m\u012bkstin\u0101tu \u0101du, iedeguma no\u0146em\u0161anas t\u012br\u012b\u0161anas putas ir lieliski piem\u0113rotas, lai pat visjut\u012bg\u0101kajai \u0101dai da\u017eu min\u016b\u0161u laik\u0101 atgrieztu t\u0101s dabisko kr\u0101su, likvid\u0113jot veco, sv\u012btraino kr\u0101su. vai jebk\u0101das k\u013c\u016bdas, kas pie\u013cautas pa\u0161iedeguma uzkl\u0101\u0161anas laik\u0101.<\/p>\n<p>Viegli no\u0146emiet iedegumu, izmantojot SOS Instant Self-tan Remover putas no That\u2019so.<\/p>\n<p>Rezult\u0101ts ir att\u012br\u012bta un vienm\u0113r\u012bga \u0101da, ide\u0101ls pamats jaunai proced\u016brai un pat\u012bkami arom\u0101tisks ar reibino\u0161\u0101m ziedu un jasm\u012bna not\u012bm.<\/p>\n<\/div>\n<\/div>\n","protected":false},"excerpt":{"rendered":"<p>THAT&#8217;S SO SOS INSTANT SELF-TAN REMOVER SELF-TANNER REMOVER MOUSSE T\u0101 maig\u0101 formula gludi sl\u012bd pa \u0101du, no\u0146emot pa\u0161iedeguma traipus un p\u0101rdoz\u0113\u0161anu uz rok\u0101m, k\u0101j\u0101m un nagiem, nesausinot vai nesaboj\u0101jot hidrolip\u012bdu l\u012bdzsvaru. Bag\u0101tin\u0101ts ar mitrino\u0161u alvejas sulu un dab\u012bgiem kumel\u012b\u0161u un citronu ekstraktiem, lai m\u012bkstin\u0101tu \u0101du, iedeguma no\u0146em\u0161anas t\u012br\u012b\u0161anas putas ir lieliski piem\u0113rotas, lai pat visjut\u012bg\u0101kajai \u0101dai da\u017eu min\u016b\u0161u laik\u0101 atgrieztu t\u0101s dabisko kr\u0101su, likvid\u0113jot veco, sv\u012btraino kr\u0101su. vai jebk\u0101das k\u013c\u016bdas, kas pie\u013cautas pa\u0161iedeguma uzkl\u0101\u0161anas laik\u0101. Viegli no\u0146emiet iedegumu, izmantojot SOS Instant Self-tan Remover putas no That\u2019so. Rezult\u0101ts ir att\u012br\u012bta un&hellip;<\/p>\n","protected":false},"featured_media":5302,"template":"","meta":[],"product_brand":[],"product_cat":[33,84,83],"product_tag":[],"class_list":{"0":"post-5300","1":"product","2":"type-product","3":"status-publish","4":"has-post-thumbnail","6":"product_cat-uncategorized","7":"product_cat-saules-kosmetika","8":"product_cat-that-so","10":"first","11":"instock","12":"shipping-taxable","13":"purchasable","14":"product-type-simple"},"_links":{"self":[{"href":"https:\/\/www.happysunday.eu\/index.php?rest_route=\/wp\/v2\/product\/5300","targetHints":{"allow":["GET"]}}],"collection":[{"href":"https:\/\/www.happysunday.eu\/index.php?rest_route=\/wp\/v2\/product"}],"about":[{"href":"https:\/\/www.happysunday.eu\/index.php?rest_route=\/wp\/v2\/types\/product"}],"wp:featuredmedia":[{"embeddable":true,"href":"https:\/\/www.happysunday.eu\/index.php?rest_route=\/wp\/v2\/media\/5302"}],"wp:attachment":[{"href":"https:\/\/www.happysunday.eu\/index.php?rest_route=%2Fwp%2Fv2%2Fmedia&parent=5300"}],"wp:term":[{"taxonomy":"product_brand","embeddable":true,"href":"https:\/\/www.happysunday.eu\/index.php?rest_route=%2Fwp%2Fv2%2Fproduct_brand&post=5300"},{"taxonomy":"product_cat","embeddable":true,"href":"https:\/\/www.happysunday.eu\/index.php?rest_route=%2Fwp%2Fv2%2Fproduct_cat&post=5300"},{"taxonomy":"product_tag","embeddable":true,"href":"https:\/\/www.happysunday.eu\/index.php?rest_route=%2Fwp%2Fv2%2Fproduct_tag&post=5300"}],"curies":[{"name":"wp","href":"https:\/\/api.w.org\/{rel}","templated":true}]}}