{"id":5303,"date":"2024-06-10T06:45:52","date_gmt":"2024-06-10T06:45:52","guid":{"rendered":"https:\/\/www.happysunday.eu\/?post_type=product&#038;p=5303"},"modified":"2026-04-07T07:02:34","modified_gmt":"2026-04-07T07:02:34","slug":"atsvaidzinosa-mirdzosa-un-mitrinosa-esensija-kermenim-200ml","status":"publish","type":"product","link":"https:\/\/www.happysunday.eu\/?product=atsvaidzinosa-mirdzosa-un-mitrinosa-esensija-kermenim-200ml","title":{"rendered":"MIRDZO\u0160A UN MITRINO\u0160A SHIMMER ESENCE \u0136ERMENIM UN MATIEM 200ML"},"content":{"rendered":"<div id=\"product-title\">\n<h1 class=\"product_title entry-title\">THAT&#8217;S SO ESSENCE SHIMMERING MIST SHIMMERING BODY MIST<\/h1>\n<div class=\"woocommerce-product-details__short-description\">\n<p class=\"p1\"><span class=\"s1\">Mirdzo\u0161\u0101 esence ar kokosriekstu \u016bdeni lieliski mitrina un atsvaidzina \u0101du, \u012bpa\u0161i vasaras sezon\u0101. T\u0101 padara iedegumu notur\u012bg\u0101ku un pie\u0161\u0137ir tam skaistu mirdzumu. Bag\u0101t\u012bgs kokosriekstu arom\u0101ts sniedz pat\u012bkamu saj\u016btu, un viegl\u0101 tekst\u016bra neatst\u0101j taukainu saj\u016btu. Piem\u0113rota gan \u0137ermenim, gan matiem, padarot to par ide\u0101lu l\u012bdzekli skaistam iedegumam un \u012bpa\u0161iem mirk\u013ciem. Neaizst\u0101jams sabiedrotais atp\u016bt\u0101 un ce\u013cojumos!<\/span><\/p>\n<p>Iesakam izmantoto p\u0113c sau\u013co\u0161an\u0101s, lai pagarin\u0101tu skaistumkop\u0161ana iedegumu un maksim\u0101li mitrin\u0101tu \u0101du!<\/p>\n<p>Vasaras laik\u0101 nieliski atsvaidzina un mitrina \u0101du.<\/p>\n<p>\u0160is Body Mist aerosols ir bag\u0101tin\u0101ts ar m\u012bkstino\u0161u un aizsarg\u0101jo\u0161u Aloe Vera ekstraktu, kas paz\u012bstams ar sav\u0101m mitrino\u0161aj\u0101m \u012bpa\u0161\u012bb\u0101m un ilgst l\u012bdz 48 stund\u0101m.<\/p>\n<p>Pateicoties Gold Filter Tech, v\u0113rt\u012bgam pigmentu mais\u012bjumam ar dzirksto\u0161u efektu, kas iedarbojas uz \u0101das virsmu, \u0101da mirdz ar maigi mirdzo\u0161u apdari.<\/p>\n<p>Viegli aromatiz\u0113ts ar eksotisku kokosriekstu un vani\u013cas no\u0161u arom\u0101tu, Essence Body Mist ap\u0146em \u0137ermeni neatvair\u0101m\u0101, vienm\u0113r\u012bg\u0101 mirdzuma efekt\u0101.<br \/>\nLieciet justies \u012bpa\u0161am un \u013caujiet savam \u0137ermenim mirdz\u0113t!<\/p>\n<p>K\u0100 TO IZMANTOT<br \/>\nPirms lieto\u0161anas \u013coti labi sakratiet. Izsmidziniet no apm\u0113ram 10 cm un p\u0113c tam vienm\u0113r\u012bgi uzkl\u0101jiet uz \u0101das. \u0100r\u0113jai lieto\u0161anai, izvairieties no saskares ar ac\u012bm.<\/p>\n<\/div>\n<\/div>\n","protected":false},"excerpt":{"rendered":"<p>THAT&#8217;S SO ESSENCE SHIMMERING MIST SHIMMERING BODY MIST Mirdzo\u0161\u0101 esence ar kokosriekstu \u016bdeni lieliski mitrina un atsvaidzina \u0101du, \u012bpa\u0161i vasaras sezon\u0101. T\u0101 padara iedegumu notur\u012bg\u0101ku un pie\u0161\u0137ir tam skaistu mirdzumu. Bag\u0101t\u012bgs kokosriekstu arom\u0101ts sniedz pat\u012bkamu saj\u016btu, un viegl\u0101 tekst\u016bra neatst\u0101j taukainu saj\u016btu. Piem\u0113rota gan \u0137ermenim, gan matiem, padarot to par ide\u0101lu l\u012bdzekli skaistam iedegumam un \u012bpa\u0161iem mirk\u013ciem. Neaizst\u0101jams sabiedrotais atp\u016bt\u0101 un ce\u013cojumos! Iesakam izmantoto p\u0113c sau\u013co\u0161an\u0101s, lai pagarin\u0101tu skaistumkop\u0161ana iedegumu un maksim\u0101li mitrin\u0101tu \u0101du! Vasaras laik\u0101 nieliski atsvaidzina un mitrina \u0101du. \u0160is Body Mist aerosols ir bag\u0101tin\u0101ts ar m\u012bkstino\u0161u un&hellip;<\/p>\n","protected":false},"featured_media":5304,"template":"","meta":[],"product_brand":[],"product_cat":[71,33,84,58,83],"product_tag":[],"class_list":{"0":"post-5303","1":"product","2":"type-product","3":"status-publish","4":"has-post-thumbnail","6":"product_cat-davanas","7":"product_cat-uncategorized","8":"product_cat-saules-kosmetika","9":"product_cat-super-sale","10":"product_cat-that-so","12":"first","13":"instock","14":"shipping-taxable","15":"purchasable","16":"product-type-simple"},"_links":{"self":[{"href":"https:\/\/www.happysunday.eu\/index.php?rest_route=\/wp\/v2\/product\/5303","targetHints":{"allow":["GET"]}}],"collection":[{"href":"https:\/\/www.happysunday.eu\/index.php?rest_route=\/wp\/v2\/product"}],"about":[{"href":"https:\/\/www.happysunday.eu\/index.php?rest_route=\/wp\/v2\/types\/product"}],"wp:featuredmedia":[{"embeddable":true,"href":"https:\/\/www.happysunday.eu\/index.php?rest_route=\/wp\/v2\/media\/5304"}],"wp:attachment":[{"href":"https:\/\/www.happysunday.eu\/index.php?rest_route=%2Fwp%2Fv2%2Fmedia&parent=5303"}],"wp:term":[{"taxonomy":"product_brand","embeddable":true,"href":"https:\/\/www.happysunday.eu\/index.php?rest_route=%2Fwp%2Fv2%2Fproduct_brand&post=5303"},{"taxonomy":"product_cat","embeddable":true,"href":"https:\/\/www.happysunday.eu\/index.php?rest_route=%2Fwp%2Fv2%2Fproduct_cat&post=5303"},{"taxonomy":"product_tag","embeddable":true,"href":"https:\/\/www.happysunday.eu\/index.php?rest_route=%2Fwp%2Fv2%2Fproduct_tag&post=5303"}],"curies":[{"name":"wp","href":"https:\/\/api.w.org\/{rel}","templated":true}]}}