{"id":5311,"date":"2024-06-10T07:09:24","date_gmt":"2024-06-10T07:09:24","guid":{"rendered":"https:\/\/www.happysunday.eu\/?post_type=product&#038;p=5311"},"modified":"2026-04-07T07:02:33","modified_gmt":"2026-04-07T07:02:33","slug":"no-makeup-un-pastonejosa-krema-uzklasanas-ota","status":"publish","type":"product","link":"https:\/\/www.happysunday.eu\/?product=no-makeup-un-pastonejosa-krema-uzklasanas-ota","title":{"rendered":"NO-MAKEUP  PRODUKTA UZKL\u0100\u0160ANAS OTA"},"content":{"rendered":"<div id=\"product-title\">\n<h1 class=\"product_title entry-title\">THAT&#8217;S SO FACE BRUSH MAKE-UP KABUKI BRUSH<\/h1>\n<div class=\"woocommerce-product-details__short-description\">\n<p>That&#8217;so Kabuki ota ir ide\u0101ls aksesu\u0101rs That&#8217;so dekorat\u012bv\u0101s kosm\u0113tikas uzkl\u0101\u0161anai, nodro\u0161inot perfektu produkta izdal\u012b\u0161anos. Izgatavots no \u012bpa\u0161i m\u012bkstas sint\u0113tiskas dzijas un dermatolo\u0123iski p\u0101rbaud\u012bts, piem\u0113rots visiem \u0101das tipiem, pat visjut\u012bg\u0101kajai un maig\u0101kajai.<\/p>\n<p>Lieliski piem\u0113rota ikdienas grimam\u00a0\u2014 lai nodro\u0161in\u0101tu pla\u0161u un dzi\u013cu p\u0101rkl\u0101jumu\u00a0\u2014 \u0161o otu var izmantot ar\u012b sejas vaibstu veido\u0161anai un kont\u016br\u0113\u0161anai, k\u0101 ar\u012b \u0101das toni vienm\u0113r\u012bgai un nevainojamai apdarei.<\/p>\n<p>&nbsp;<\/p>\n<\/div>\n<\/div>\n","protected":false},"excerpt":{"rendered":"<p>THAT&#8217;S SO FACE BRUSH MAKE-UP KABUKI BRUSH That&#8217;so Kabuki ota ir ide\u0101ls aksesu\u0101rs That&#8217;so dekorat\u012bv\u0101s kosm\u0113tikas uzkl\u0101\u0161anai, nodro\u0161inot perfektu produkta izdal\u012b\u0161anos. Izgatavots no \u012bpa\u0161i m\u012bkstas sint\u0113tiskas dzijas un dermatolo\u0123iski p\u0101rbaud\u012bts, piem\u0113rots visiem \u0101das tipiem, pat visjut\u012bg\u0101kajai un maig\u0101kajai. Lieliski piem\u0113rota ikdienas grimam\u00a0\u2014 lai nodro\u0161in\u0101tu pla\u0161u un dzi\u013cu p\u0101rkl\u0101jumu\u00a0\u2014 \u0161o otu var izmantot ar\u012b sejas vaibstu veido\u0161anai un kont\u016br\u0113\u0161anai, k\u0101 ar\u012b \u0101das toni vienm\u0113r\u012bgai un nevainojamai apdarei. &nbsp;<\/p>\n","protected":false},"featured_media":5312,"template":"","meta":[],"product_brand":[],"product_cat":[33,84,83],"product_tag":[],"class_list":{"0":"post-5311","1":"product","2":"type-product","3":"status-publish","4":"has-post-thumbnail","6":"product_cat-uncategorized","7":"product_cat-saules-kosmetika","8":"product_cat-that-so","10":"first","11":"instock","12":"shipping-taxable","13":"purchasable","14":"product-type-simple"},"_links":{"self":[{"href":"https:\/\/www.happysunday.eu\/index.php?rest_route=\/wp\/v2\/product\/5311","targetHints":{"allow":["GET"]}}],"collection":[{"href":"https:\/\/www.happysunday.eu\/index.php?rest_route=\/wp\/v2\/product"}],"about":[{"href":"https:\/\/www.happysunday.eu\/index.php?rest_route=\/wp\/v2\/types\/product"}],"wp:featuredmedia":[{"embeddable":true,"href":"https:\/\/www.happysunday.eu\/index.php?rest_route=\/wp\/v2\/media\/5312"}],"wp:attachment":[{"href":"https:\/\/www.happysunday.eu\/index.php?rest_route=%2Fwp%2Fv2%2Fmedia&parent=5311"}],"wp:term":[{"taxonomy":"product_brand","embeddable":true,"href":"https:\/\/www.happysunday.eu\/index.php?rest_route=%2Fwp%2Fv2%2Fproduct_brand&post=5311"},{"taxonomy":"product_cat","embeddable":true,"href":"https:\/\/www.happysunday.eu\/index.php?rest_route=%2Fwp%2Fv2%2Fproduct_cat&post=5311"},{"taxonomy":"product_tag","embeddable":true,"href":"https:\/\/www.happysunday.eu\/index.php?rest_route=%2Fwp%2Fv2%2Fproduct_tag&post=5311"}],"curies":[{"name":"wp","href":"https:\/\/api.w.org\/{rel}","templated":true}]}}