{"id":5315,"date":"2024-06-10T07:17:53","date_gmt":"2024-06-10T07:17:53","guid":{"rendered":"https:\/\/www.happysunday.eu\/?post_type=product&#038;p=5315"},"modified":"2026-04-07T07:02:33","modified_gmt":"2026-04-07T07:02:33","slug":"izsmidzinams-viegls-tonalais-krems-kermenim-dark-nude-175ml","status":"publish","type":"product","link":"https:\/\/www.happysunday.eu\/?product=izsmidzinams-viegls-tonalais-krems-kermenim-dark-nude-175ml","title":{"rendered":"IZSMIDZIN\u0100MS VIEGLS TON\u0100LAIS KR\u0112MS \u0136ERMENIM DARK NUDE 150ML"},"content":{"rendered":"<div id=\"product-title\">\n<h1 class=\"product_title entry-title\">THAT&#8217;S SO BACE-UP NO-MAKEUP EFFECT SPRAY FOUNDATION<\/h1>\n<div class=\"woocommerce-product-details__short-description\">\n<p>JAUN\u0100S PAAUDZES TON\u0100LA KR\u0112MA UN \u0136\u0112RME\u0145A SERUMA SAJAUKUMS. UNIK\u0100LS SMIDZIN\u0101MS L\u012aDZEKLIS K\u0100J\u0100M. Lielisks iedegu\u0161o k\u0101ju efekts 24 stundu laik\u0101! 1 pudel\u012btes poetisk 45 reiz\u0113m.<\/p>\n<p>Viegl\u0101 uzsmidzin\u0101m\u0101 formula ir viegli lietojama. Body-up acumirkl\u012b efekt\u012bvi nosl\u0113pj t\u0101dus tr\u016bkumus k\u0101 &#8211; redzamie kapil\u0101ri, v\u0113nu varikoze, plankumi, zilumi, zirnek\u013cveida t\u012bklojums uz k\u0101j\u0101m utt. \u00a0 \u2013 pateicoties formulai, kas bag\u0101tin\u0101ta ar CG-TGP2 pept\u012bdu \u2013 veicina gai\u0161\u0101ku un vienm\u0113r\u012bg\u0101ku toni, pie\u0161\u0137irot \u0101dai mirdzo\u0161u izskatu tikai da\u017eu sekun\u017eu laik\u0101.<\/p>\n<p>\u201e\u0160\u0137idr\u0101s ze\u0137es\u201c efekts\u2013 lieliska alternat\u012bva kaprona ze\u0137\u0113m karstaj\u0101 laik\u0101. Kr\u0113ms mask\u0113 zilumus, r\u0113tas, asinsvadu zvaigzn\u012btes un spilgti izteiktas v\u0113nas. Uzkl\u0101\u0161anas laik\u0101 veido pl\u0101nu k\u0101rti\u0146u un pie\u0161\u0137ir toni, lai\u017e cauri gaisu un nekairina \u0101du.<\/p>\n<p>\u012apa\u0161\u0101 formula \u0137ermenim \u2013 pateicoties augstas veiktsp\u0113jas kofe\u012bna kl\u0101tb\u016btnei m\u0113r\u0137tiec\u012bgai iedarb\u012bbai uz siluetu \u2013 veicina liek\u0101 \u0161\u0137idruma aizpl\u016b\u0161anu un pa\u0101trina tauku vielmai\u0146u.<\/p>\n<p>Tekst\u016bra ir viegla un z\u012bdaina, un j\u016bs uz visiem laikiem b\u016bsiet p\u0101rsteigti, cik \u0101tri un viegli to var uzkl\u0101t.<\/p>\n<p>K\u0100 TO IZMANTOT<br \/>\nPirms katras lieto\u0161anas reizes to sakratiet. Uzsmidziniet ton\u0101lo kr\u0113mu neliel\u0101 daudzum\u0101 uz oti\u0146as, p\u0113c tam vienm\u0113r\u012bgi uzkl\u0101jiet uz \u0137ermena. Ir iesp\u0113jams izsmidzin\u0101t produktu tie\u0161i uz \u0137ermeni un p\u0113c tam izklied\u0113t ar oti\u0146u, tom\u0113r, \u0146emiet v\u0113r\u0101, ka \u0161\u0101d\u0101 veid\u0101 produkts tiks pat\u0113r\u0113ts \u0101tr\u0101k. Izsmidziniet tie\u0161i uz \u0101das ar nep\u0101rtraukt\u0101m un vienm\u0113r\u012bg\u0101m kust\u012bb\u0101m, turot aerosolu aptuveni 30 cm att\u0101lum\u0101 no Ada\u015b . Neieelpot. \u00a0P\u0113c 1 minutes ar make up otu amigi izl\u012bdziniet produktu.<\/p>\n<\/div>\n<\/div>\n","protected":false},"excerpt":{"rendered":"<p>THAT&#8217;S SO BACE-UP NO-MAKEUP EFFECT SPRAY FOUNDATION JAUN\u0100S PAAUDZES TON\u0100LA KR\u0112MA UN \u0136\u0112RME\u0145A SERUMA SAJAUKUMS. UNIK\u0100LS SMIDZIN\u0101MS L\u012aDZEKLIS K\u0100J\u0100M. Lielisks iedegu\u0161o k\u0101ju efekts 24 stundu laik\u0101! 1 pudel\u012btes poetisk 45 reiz\u0113m. Viegl\u0101 uzsmidzin\u0101m\u0101 formula ir viegli lietojama. Body-up acumirkl\u012b efekt\u012bvi nosl\u0113pj t\u0101dus tr\u016bkumus k\u0101 &#8211; redzamie kapil\u0101ri, v\u0113nu varikoze, plankumi, zilumi, zirnek\u013cveida t\u012bklojums uz k\u0101j\u0101m utt. \u00a0 \u2013 pateicoties formulai, kas bag\u0101tin\u0101ta ar CG-TGP2 pept\u012bdu \u2013 veicina gai\u0161\u0101ku un vienm\u0113r\u012bg\u0101ku toni, pie\u0161\u0137irot \u0101dai mirdzo\u0161u izskatu tikai da\u017eu sekun\u017eu laik\u0101. \u201e\u0160\u0137idr\u0101s ze\u0137es\u201c efekts\u2013 lieliska alternat\u012bva kaprona ze\u0137\u0113m karstaj\u0101 laik\u0101. Kr\u0113ms mask\u0113&hellip;<\/p>\n","protected":false},"featured_media":5316,"template":"","meta":[],"product_brand":[],"product_cat":[33,84,58,83],"product_tag":[],"class_list":{"0":"post-5315","1":"product","2":"type-product","3":"status-publish","4":"has-post-thumbnail","6":"product_cat-uncategorized","7":"product_cat-saules-kosmetika","8":"product_cat-super-sale","9":"product_cat-that-so","11":"first","12":"instock","13":"shipping-taxable","14":"purchasable","15":"product-type-simple"},"_links":{"self":[{"href":"https:\/\/www.happysunday.eu\/index.php?rest_route=\/wp\/v2\/product\/5315","targetHints":{"allow":["GET"]}}],"collection":[{"href":"https:\/\/www.happysunday.eu\/index.php?rest_route=\/wp\/v2\/product"}],"about":[{"href":"https:\/\/www.happysunday.eu\/index.php?rest_route=\/wp\/v2\/types\/product"}],"wp:featuredmedia":[{"embeddable":true,"href":"https:\/\/www.happysunday.eu\/index.php?rest_route=\/wp\/v2\/media\/5316"}],"wp:attachment":[{"href":"https:\/\/www.happysunday.eu\/index.php?rest_route=%2Fwp%2Fv2%2Fmedia&parent=5315"}],"wp:term":[{"taxonomy":"product_brand","embeddable":true,"href":"https:\/\/www.happysunday.eu\/index.php?rest_route=%2Fwp%2Fv2%2Fproduct_brand&post=5315"},{"taxonomy":"product_cat","embeddable":true,"href":"https:\/\/www.happysunday.eu\/index.php?rest_route=%2Fwp%2Fv2%2Fproduct_cat&post=5315"},{"taxonomy":"product_tag","embeddable":true,"href":"https:\/\/www.happysunday.eu\/index.php?rest_route=%2Fwp%2Fv2%2Fproduct_tag&post=5315"}],"curies":[{"name":"wp","href":"https:\/\/api.w.org\/{rel}","templated":true}]}}