{"id":5334,"date":"2024-06-11T13:07:12","date_gmt":"2024-06-11T13:07:12","guid":{"rendered":"https:\/\/www.happysunday.eu\/?post_type=product&#038;p=5334"},"modified":"2026-04-07T07:03:09","modified_gmt":"2026-04-07T07:03:09","slug":"saules-saulosanas-komplekts","status":"publish","type":"product","link":"https:\/\/www.happysunday.eu\/?product=saules-saulosanas-komplekts","title":{"rendered":"SAULES SAULO\u0160AN\u0100S KOMPLEKTS"},"content":{"rendered":"<div id=\"product-title\">\n<h1 class=\"product_title entry-title\">1. SPF 20\/30\/50+ SAULES AIZSARGKR\u0112MS 175ML<\/h1>\n<h1 class=\"product_title entry-title\">THAT&#8217;S SO ALL IN ONE SPF 20\/30*\/50+* PROGRESSIVE SUNSCREEN<\/h1>\n<ol>\n<li>All-In-One SPF 20\/30\/50+ ir sau\u013co\u0161an\u0101s l\u012bdzeklis, \u016bdensiztur\u012bgs, \u00a0ar vid\u0113ju aizsardz\u012bbas faktoru, kas nor\u0101d\u012bts pirmaj\u0101 saules iedarb\u012bbas period\u0101. Tas ir ide\u0101li piem\u0113rots no pirmaj\u0101m dien\u0101m pludmal\u0113, kaln\u0101, kaln\u0101, ezer\u0101 un pat pils\u0113t\u0101, dodoties uz parku, lai bez riska sau\u013cotos. TAS IR UNIK\u0100LS SAV\u0100 NI\u0160\u0100 JO VAR B\u016aT AR AIZSARDZ\u012aBU GAN SPF20, GAN SPF30, \u00a0GAN SPF50. Pak\u0101peniski izsmidzin\u0101ms sau\u013co\u0161an\u0101s l\u012bdzeklis nodro\u0161ina 3 saules aizsargl\u012bdzek\u013cus vien\u0101 produkt\u0101, pateicoties pak\u0101peniskajai sau\u013co\u0161an\u0101s tehnolo\u0123ijai, kas pak\u0101peniski palielin\u0101s ar katru lieto\u0161anas reizi, ar 10 min\u016b\u0161u interv\u0101lu, p\u0101rejot no koeficienta 20 l\u012bdz 30 l\u012bdz 50+.<\/li>\n<\/ol>\n<p>TO VAR IZMANTOT VISA GIMENE: PIEAUGU\u0160IE SPF20-30, BET B\u0112RNI SPF50.<\/p>\n<p>TO VAR IZMANTOT ATVA\u013bIN\u0100JUM\u0100 PIRMAJ\u0100S DIEN\u0100S , KA SPF 50, ATVA\u013bIN\u0100JUM\u0100 VID\u016a, KA SPF 30, UN ATVA\u013bIN\u0100JUM\u0100 BEIG\u0100S KA SPF20.<\/p>\n<p>TO VAR IZMANTOT ATSEVI\u0160\u0136I KATRAI \u0136ERME\u0145A ZONAI, KA: K\u0100J\u0100M SPF20, \u0136ERMENIM SPF 30, SEJAI &#8211; SPF50!<\/p>\n<p>All-In-One SPF 20\/30\/50+ saules aizsargkr\u0113ms nodro\u0161ina augsta spektra aizsardz\u012bbu, aizsarg\u0101jot \u0101du gan no UVB, gan UVA un infrasarkanajiem stariem, kas izraisa priek\u0161laic\u012bgu \u0101das noveco\u0161anos.<br \/>\nAll-In-One SPF 20\/30\/50+, kas bag\u0101tin\u0101ts ar avokado e\u013c\u013cu, jojobu un E vitam\u012bnu, uzlabo \u0101das mitrin\u0101\u0161anu, tonusu un elast\u012bbu.<br \/>\nNep\u0101rtrauktas doz\u0113\u0161anas aerosols ar videi draudz\u012bgu, g\u0101zi nesaturo\u0161u BOV (Bag on Valve) tehnolo\u0123iju \u013cauj viegli uzkl\u0101t produktu, sasniedzot pat vissare\u017e\u0123\u012bt\u0101k\u0101s vietas.<br \/>\nAll-In-One SPF 20\/30\/50+ ir \u016bdens un sviedru iztur\u012bgs, tam ir piem\u0113rota aizsardz\u012bba pret saules apdegumiem un tas nov\u0113r\u0161 balto efektu uz \u0101das.<br \/>\nTas atst\u0101j \u0101du pat\u012bkami arom\u0101tisku ar vani\u013cas un kokosriekstu arom\u0101tu.<br \/>\nAr pareizo saules aizsardz\u012bbas faktoru m\u016bsu \u0101da ir dro\u0161a!<\/p>\n<p>&nbsp;<\/p>\n<div class=\"summary entry-summary\">\n<h1 class=\"product_title entry-title\">2. P\u0112CSAU\u013bO\u0160ANAS SOS PRET APDEGUMU MITRINO\u0160S SPREJS 200ML<\/h1>\n<\/div>\n<h1 class=\"product_title entry-title\">THAT\u2019S SO ALL IN ONE AFTER SUN SOOTHING MOISTURIZING AFTERSUN<\/h1>\n<p>All-In-One After Sun ir p\u0113csau\u013co\u0161an\u0101s aerosols, kas dzi\u013ci mitrina, atsvaidzina un nomierina aps\u0101rtumu, ko izraisa intens\u012bva saules iedarb\u012bba. Tas ir SOS l\u012bdzeklis ar augstu pantenola saturu, ko izmanto saules apdegumu gad\u012bjum\u0101. Ar \u012bpa\u0161u formulu, kas bag\u0101tin\u0101ta ar D.S.B. C\u00ae pretiekaisuma un nomierino\u0161ai iedarb\u012bbai un Aloe Vera, That\u2019so p\u0113csau\u013co\u0161an\u0101s aerosols aizsarg\u0101 \u0101du no br\u012bvajiem radik\u0101\u013ciem un atjauno mitrumu un baro\u0161anu, atst\u0101jot to uz ilgu laiku gludu un samtainu.<br \/>\nInovat\u012bv\u0101 sast\u0101vda\u013ca BRONZYL\u00ae stimul\u0113 melan\u012bna ra\u017eo\u0161anas un iedeguma veido\u0161an\u0101s procesu, k\u0101 ar\u012b padara All-In-One After Sun par ide\u0101lu risin\u0101jumu tiem, kas v\u0113las pagarin\u0101t iedeguma ilgumu un pie\u0161\u0137irt savam \u0137ermenim intens\u012bvu, vienm\u0113r\u012bgu kr\u0101su.<br \/>\nVisbeidzot, mentols sniedz pat\u012bkamu svaiguma saj\u016btu \u0101dai, kas ir dehidr\u0113ta un aps\u0101rtusi p\u0113c saules iedarb\u012bbas.<\/p>\n<h1 class=\"product_title entry-title\">3. IEDEGUMA VEICIN\u0100T\u0100JS AR SP\u012aDUMIEM 500ML<\/h1>\n<h1 class=\"product_title entry-title\">THAT\u2019S SO ALL IN ONE TAN ACCELERATOR REFRESHING WATER<\/h1>\n<p>Zelta svaiga efekta sprejs, kas apr\u012bkots ar UNIPERTAN VEG-242\u00ae tehnolo\u0123iju, kas stimul\u0113 iedeguma procesus un melan\u012bna sint\u0113zi un bag\u0101tin\u0101ts ar Aloe Vera ekstraktu, v\u0113rt\u012bgu sabiedroto, kas noder \u0101das mitruma uztur\u0113\u0161anai.<\/p>\n<p>GLOW FILTER TECH pie\u0161\u0137ir \u0101dai mirdzo\u0161u efektu, palielinot t\u0101s spilgtumu un uzlabojot iedegumu. GLOW FILTER TECH pie\u0161\u0137ir \u0101dai dzirksto\u0161u efektu, palielinot t\u0101s spilgtumu un uzlabojot iedegumu.<\/p>\n<p>LIETO\u0160ANA:<br \/>\nPirms lieto\u0161anas labi sakratiet. Izsmidziniet no apm\u0113ram 10 cm un p\u0113c tam vienm\u0113r\u012bgi uzkl\u0101jiet uz \u0101das pries sau\u013co\u0161an\u0101s saul\u0113 vai sol\u0101rij\u0101. \u0100r\u0113jai lieto\u0161anai, izvairieties no saskares ar ac\u012bm.<\/p>\n<\/div>\n","protected":false},"excerpt":{"rendered":"<p>1. SPF 20\/30\/50+ SAULES AIZSARGKR\u0112MS 175ML THAT&#8217;S SO ALL IN ONE SPF 20\/30*\/50+* PROGRESSIVE SUNSCREEN All-In-One SPF 20\/30\/50+ ir sau\u013co\u0161an\u0101s l\u012bdzeklis, \u016bdensiztur\u012bgs, \u00a0ar vid\u0113ju aizsardz\u012bbas faktoru, kas nor\u0101d\u012bts pirmaj\u0101 saules iedarb\u012bbas period\u0101. Tas ir ide\u0101li piem\u0113rots no pirmaj\u0101m dien\u0101m pludmal\u0113, kaln\u0101, kaln\u0101, ezer\u0101 un pat pils\u0113t\u0101, dodoties uz parku, lai bez riska sau\u013cotos. TAS IR UNIK\u0100LS SAV\u0100 NI\u0160\u0100 JO VAR B\u016aT AR AIZSARDZ\u012aBU GAN SPF20, GAN SPF30, \u00a0GAN SPF50. Pak\u0101peniski izsmidzin\u0101ms sau\u013co\u0161an\u0101s l\u012bdzeklis nodro\u0161ina 3 saules aizsargl\u012bdzek\u013cus vien\u0101 produkt\u0101, pateicoties pak\u0101peniskajai sau\u013co\u0161an\u0101s tehnolo\u0123ijai, kas pak\u0101peniski palielin\u0101s ar katru lieto\u0161anas reizi,&hellip;<\/p>\n","protected":false},"featured_media":5335,"template":"","meta":[],"product_brand":[],"product_cat":[33,84,34,58,83],"product_tag":[],"class_list":{"0":"post-5334","1":"product","2":"type-product","3":"status-publish","4":"has-post-thumbnail","6":"product_cat-uncategorized","7":"product_cat-saules-kosmetika","8":"product_cat-kosmetika","9":"product_cat-super-sale","10":"product_cat-that-so","12":"first","13":"instock","14":"featured","15":"shipping-taxable","16":"purchasable","17":"product-type-simple"},"_links":{"self":[{"href":"https:\/\/www.happysunday.eu\/index.php?rest_route=\/wp\/v2\/product\/5334","targetHints":{"allow":["GET"]}}],"collection":[{"href":"https:\/\/www.happysunday.eu\/index.php?rest_route=\/wp\/v2\/product"}],"about":[{"href":"https:\/\/www.happysunday.eu\/index.php?rest_route=\/wp\/v2\/types\/product"}],"wp:featuredmedia":[{"embeddable":true,"href":"https:\/\/www.happysunday.eu\/index.php?rest_route=\/wp\/v2\/media\/5335"}],"wp:attachment":[{"href":"https:\/\/www.happysunday.eu\/index.php?rest_route=%2Fwp%2Fv2%2Fmedia&parent=5334"}],"wp:term":[{"taxonomy":"product_brand","embeddable":true,"href":"https:\/\/www.happysunday.eu\/index.php?rest_route=%2Fwp%2Fv2%2Fproduct_brand&post=5334"},{"taxonomy":"product_cat","embeddable":true,"href":"https:\/\/www.happysunday.eu\/index.php?rest_route=%2Fwp%2Fv2%2Fproduct_cat&post=5334"},{"taxonomy":"product_tag","embeddable":true,"href":"https:\/\/www.happysunday.eu\/index.php?rest_route=%2Fwp%2Fv2%2Fproduct_tag&post=5334"}],"curies":[{"name":"wp","href":"https:\/\/api.w.org\/{rel}","templated":true}]}}