{"id":5433,"date":"2024-07-10T12:33:37","date_gmt":"2024-07-10T12:33:37","guid":{"rendered":"https:\/\/www.happysunday.eu\/?post_type=product&#038;p=5433"},"modified":"2026-04-07T19:30:32","modified_gmt":"2026-04-07T19:30:32","slug":"iedeguma-veicinatajs-ar-spidumiem-500ml","status":"publish","type":"product","link":"https:\/\/www.happysunday.eu\/?product=iedeguma-veicinatajs-ar-spidumiem-500ml","title":{"rendered":"IEDEGUMA VEICIN\u0100T\u0100JS AR SP\u012aDUMIEM 500ML"},"content":{"rendered":"<div id=\"product-title\">\n<h1 class=\"product_title entry-title\"><\/h1>\n<h1 class=\"product_title entry-title\">THAT&#8217;S SO ALL IN ONE TAN ACCELERATOR REFRESHING WATER<\/h1>\n<p>Zelta svaiga efekta sprejs, kas apr\u012bkots ar UNIPERTAN VEG-242\u00ae tehnolo\u0123iju, kas stimul\u0113 iedeguma procesus un melan\u012bna sint\u0113zi un bag\u0101tin\u0101ts ar Aloe Vera ekstraktu, v\u0113rt\u012bgu sabiedroto, kas noder \u0101das mitruma uztur\u0113\u0161anai.<\/p>\n<p>GLOW FILTER TECH pie\u0161\u0137ir \u0101dai mirdzo\u0161u efektu, palielinot t\u0101s spilgtumu un uzlabojot iedegumu. GLOW FILTER TECH pie\u0161\u0137ir \u0101dai dzirksto\u0161u efektu, palielinot t\u0101s spilgtumu un uzlabojot iedegumu.<\/p>\n<p>LIETO\u0160ANA:<br \/>\nPirms lieto\u0161anas labi sakratiet. Izsmidziniet no apm\u0113ram 10 cm un p\u0113c tam vienm\u0113r\u012bgi uzkl\u0101jiet uz \u0101das pries sau\u013co\u0161an\u0101s saul\u0113 vai sol\u0101rij\u0101. \u0100r\u0113jai lieto\u0161anai, izvairieties no saskares ar ac\u012bm.<\/p>\n<\/div>\n","protected":false},"excerpt":{"rendered":"<p>THAT&#8217;S SO ALL IN ONE TAN ACCELERATOR REFRESHING WATER Zelta svaiga efekta sprejs, kas apr\u012bkots ar UNIPERTAN VEG-242\u00ae tehnolo\u0123iju, kas stimul\u0113 iedeguma procesus un melan\u012bna sint\u0113zi un bag\u0101tin\u0101ts ar Aloe Vera ekstraktu, v\u0113rt\u012bgu sabiedroto, kas noder \u0101das mitruma uztur\u0113\u0161anai. GLOW FILTER TECH pie\u0161\u0137ir \u0101dai mirdzo\u0161u efektu, palielinot t\u0101s spilgtumu un uzlabojot iedegumu. GLOW FILTER TECH pie\u0161\u0137ir \u0101dai dzirksto\u0161u efektu, palielinot t\u0101s spilgtumu un uzlabojot iedegumu. LIETO\u0160ANA: Pirms lieto\u0161anas labi sakratiet. Izsmidziniet no apm\u0113ram 10 cm un p\u0113c tam vienm\u0113r\u012bgi uzkl\u0101jiet uz \u0101das pries sau\u013co\u0161an\u0101s saul\u0113 vai sol\u0101rij\u0101. \u0100r\u0113jai lieto\u0161anai, izvairieties&hellip;<\/p>\n","protected":false},"featured_media":5279,"template":"","meta":[],"product_brand":[],"product_cat":[33,84,34,83],"product_tag":[],"class_list":{"0":"post-5433","1":"product","2":"type-product","3":"status-publish","4":"has-post-thumbnail","6":"product_cat-uncategorized","7":"product_cat-saules-kosmetika","8":"product_cat-kosmetika","9":"product_cat-that-so","11":"first","12":"instock","13":"shipping-taxable","14":"purchasable","15":"product-type-simple"},"_links":{"self":[{"href":"https:\/\/www.happysunday.eu\/index.php?rest_route=\/wp\/v2\/product\/5433","targetHints":{"allow":["GET"]}}],"collection":[{"href":"https:\/\/www.happysunday.eu\/index.php?rest_route=\/wp\/v2\/product"}],"about":[{"href":"https:\/\/www.happysunday.eu\/index.php?rest_route=\/wp\/v2\/types\/product"}],"wp:featuredmedia":[{"embeddable":true,"href":"https:\/\/www.happysunday.eu\/index.php?rest_route=\/wp\/v2\/media\/5279"}],"wp:attachment":[{"href":"https:\/\/www.happysunday.eu\/index.php?rest_route=%2Fwp%2Fv2%2Fmedia&parent=5433"}],"wp:term":[{"taxonomy":"product_brand","embeddable":true,"href":"https:\/\/www.happysunday.eu\/index.php?rest_route=%2Fwp%2Fv2%2Fproduct_brand&post=5433"},{"taxonomy":"product_cat","embeddable":true,"href":"https:\/\/www.happysunday.eu\/index.php?rest_route=%2Fwp%2Fv2%2Fproduct_cat&post=5433"},{"taxonomy":"product_tag","embeddable":true,"href":"https:\/\/www.happysunday.eu\/index.php?rest_route=%2Fwp%2Fv2%2Fproduct_tag&post=5433"}],"curies":[{"name":"wp","href":"https:\/\/api.w.org\/{rel}","templated":true}]}}