{"id":5491,"date":"2024-07-23T11:50:38","date_gmt":"2024-07-23T11:50:38","guid":{"rendered":"https:\/\/www.happysunday.eu\/?post_type=product&#038;p=5491"},"modified":"2026-04-09T06:17:14","modified_gmt":"2026-04-09T06:17:14","slug":"exoserum-glow-serums-sejais-ar-niacinamidu-centella-eksosomam-hialuronskabi","status":"publish","type":"product","link":"https:\/\/www.happysunday.eu\/?product=exoserum-glow-serums-sejais-ar-niacinamidu-centella-eksosomam-hialuronskabi","title":{"rendered":"EXOSERUM GLOW SERUMS SEJAI AR NIACINAM\u012aDU, CENTELLA EKSOSOM\u0100M,  HIALURONSK\u0100BI"},"content":{"rendered":"<div id=\"product-title\">\n<p class=\"p1\"><strong><span class=\"s1\">DR KRAUT EXOSERUM \u2013 GLOW SERUM<\/span><\/strong><\/p>\n<p class=\"p1\"><strong><span class=\"s1\">SEJAS SERUMS AR NIACINAM\u012aDU, CENTELLA EKSOSOM\u0100M, HIALURONSK\u0100BI<\/span><\/strong><\/p>\n<p class=\"p1\"><span class=\"s2\">Sejas serums, kas bag\u0101tin\u0101ts ar akt\u012bv\u0101m sast\u0101vda\u013c\u0101m ar izgaismojo\u0161\u0101m, izl\u012bdzino\u0161\u0101m un pretnoveco\u0161an\u0101s \u012bpa\u0161\u012bb\u0101m. Izstr\u0101d\u0101ts ar <\/span><span class=\"s1\">Centella asiatica eksosom\u0101m<\/span><span class=\"s2\">, niacinam\u012bdu un hialuronsk\u0101bi, pal\u012bdz mazin\u0101t \u0101das kairin\u0101jumu un nelielas sejas izteiksmes paz\u012bmes, plankumus un bl\u0101vu sejas kr\u0101su. Dzi\u013ci mitrina \u0101du, padarot to kompaktu un mirdzo\u0161u.<\/span><\/p>\n<p class=\"p1\"><strong><span class=\"s1\">VEG\u0100NU FORMULA \u2013 VAIR\u0100K K\u0100 95% DAB\u012aGU SAST\u0100VDA\u013bU<\/span><\/strong><\/p>\n<p class=\"p1\"><strong><span class=\"s1\">Eksosomu priek\u0161roc\u012bbas:<\/span><\/strong><\/p>\n<p class=\"p1\"><span class=\"s2\">Eksosomas ir mikroskopiskas biolo\u0123iskas da\u013ci\u0146as, kas dabiski rodas \u0161\u016bn\u0101s un darbojas k\u0101 \u0161\u016bnu starpnieki. Kosm\u0113tik\u0101 t\u0101s ir jaun\u0101k\u0101s paaudzes akt\u012bv\u0101s sast\u0101vda\u013cas, kas sp\u0113j <\/span><span class=\"s1\">transport\u0113t barojo\u0161us un atjaunojo\u0161us sign\u0101lus dzi\u013c\u0101kajos \u0101das sl\u0101\u0146os<\/span><span class=\"s2\">, stimul\u0113jot <\/span><span class=\"s1\">\u0161\u016bnu atjauno\u0161anos, kolag\u0113na un elast\u012bna sint\u0113zi<\/span><span class=\"s2\">. Pateicoties eksosomu sp\u0113jai uzlabot \u0101das aizsargfunkcijas un nomierin\u0101t iekaisumu, t\u0101s ir ide\u0101li piem\u0113rotas <\/span><span class=\"s1\">jut\u012bgai, boj\u0101tai vai nobriedu\u0161ai \u0101dai<\/span><span class=\"s2\">, kur nepiecie\u0161ama intens\u012bva atjauno\u0161ana un atbalsts. Serums ar Centella eksosom\u0101m pal\u012bdz \u0101dai atjaunoties, samazinot aps\u0101rtumu, raupjumu un veicinot vienm\u0113r\u012bgu toni un tvirtumu.<\/span><\/p>\n<p class=\"p1\"><span class=\"s2\">Niacinam\u012bds ir B3 vitam\u012bna veids, kas atrodams ga\u013c\u0101, graudaugos, ziv\u012bs, riekstos, ol\u0101s, aug\u013cos un d\u0101rze\u0146os. Tas t\u0101pat k\u0101 hialuronsk\u0101be, retinols un C vitam\u012bns tiek uzskat\u012bts par \u013coti v\u0113rt\u012bgu kosm\u0113tikas sast\u0101vda\u013cu, un, ja J\u016bs nomoka p\u016bt\u012btes, akne vai grumbas un pigmenta plankumi, noteikti nepalaidiet gar\u0101m kosm\u0113tiku ar niacinam\u012bdu!<\/span><\/p>\n<p class=\"p1\"><strong><span class=\"s1\">Niacinam\u012bda \u012bpa\u0161\u012bbas:<\/span><\/strong><\/p>\n<p class=\"p1\"><span class=\"s2\">Niacinam\u012bdam ir fundament\u0101la vieta kosm\u0113tikas nozar\u0113, pateicoties t\u0101 skaistumkop\u0161anas iedarb\u012bbai uz \u0101du. Tas non\u0101k dzi\u013ci \u0101d\u0101, kur c\u012bn\u0101s pret noveco\u0161an\u0101s paz\u012bm\u0113m, grumb\u0101m, pigmenta plankumiem un akni. Iepaz\u012bstiet ar\u012b citu niacinam\u012bda iedarb\u012bbu uz sejas \u0101das!<\/span><\/p>\n<p class=\"p1\"><span class=\"s2\">Sejas serums ar mitrino\u0161u un pretnoveco\u0161anas iedarb\u012bbu, kas veidots ar pept\u012bdiem, augstas molekulmasas hialuronsk\u0101bi un hialuronsk\u0101bes prekursoru, lai veicin\u0101tu kolag\u0113na veido\u0161anos un pie\u0161\u0137irtu sejai toniz\u0113jo\u0161u un tvirtu izskatu, nodro\u0161inot dzi\u013cu mitrin\u0101\u0161anu. Tr\u012bs funkcion\u0101l\u0101s sast\u0101vda\u013cas darbojas siner\u0123ij\u0101, lai samazin\u0101tu fotonoveco\u0161an\u0101s rad\u012btos boj\u0101jumus, nov\u0113rstu pak\u0101penisku elast\u012bbas un tvirtuma zudumu un c\u012bn\u012btos pret grumbu un smalko l\u012bniju par\u0101d\u012b\u0161anos.<\/span><\/p>\n<p class=\"p1\"><span class=\"s1\">Mitrino\u0161s sejas serums \u2013 visiem \u0101das tipiem.<\/span><\/p>\n<p class=\"p1\"><span class=\"s2\">\u012apa\u0161i indic\u0113ts nobriedu\u0161ai \u0101dai, kurai ir pirm\u0101s noveco\u0161an\u0101s paz\u012bmes, bet var lietot ar\u012b jaun\u0101kas k\u0101 profilakses l\u012bdzeklis, lai saglab\u0101tu \u0101das tvirtumu.<\/span><\/p>\n<p class=\"p1\"><span class=\"s1\">K\u0100 LIETOT:<\/span><\/p>\n<p class=\"p1\"><span class=\"s2\">Uzkl\u0101jiet dienu un nakti da\u017eus pilienus seruma uz att\u012br\u012btas sejas un kakla. Mas\u0101\u017ea l\u012bdz uzs\u016bk\u0161anai. Uzkl\u0101jiet parasto sejas kr\u0113mu. Tikai \u0101r\u0113jai lieto\u0161anai.<\/span><\/p>\n<\/div>\n","protected":false},"excerpt":{"rendered":"<p>DR KRAUT EXOSERUM \u2013 GLOW SERUM SEJAS SERUMS AR NIACINAM\u012aDU, CENTELLA EKSOSOM\u0100M, HIALURONSK\u0100BI Sejas serums, kas bag\u0101tin\u0101ts ar akt\u012bv\u0101m sast\u0101vda\u013c\u0101m ar izgaismojo\u0161\u0101m, izl\u012bdzino\u0161\u0101m un pretnoveco\u0161an\u0101s \u012bpa\u0161\u012bb\u0101m. Izstr\u0101d\u0101ts ar Centella asiatica eksosom\u0101m, niacinam\u012bdu un hialuronsk\u0101bi, pal\u012bdz mazin\u0101t \u0101das kairin\u0101jumu un nelielas sejas izteiksmes paz\u012bmes, plankumus un bl\u0101vu sejas kr\u0101su. Dzi\u013ci mitrina \u0101du, padarot to kompaktu un mirdzo\u0161u. VEG\u0100NU FORMULA \u2013 VAIR\u0100K K\u0100 95% DAB\u012aGU SAST\u0100VDA\u013bU Eksosomu priek\u0161roc\u012bbas: Eksosomas ir mikroskopiskas biolo\u0123iskas da\u013ci\u0146as, kas dabiski rodas \u0161\u016bn\u0101s un darbojas k\u0101 \u0161\u016bnu starpnieki. Kosm\u0113tik\u0101 t\u0101s ir jaun\u0101k\u0101s paaudzes akt\u012bv\u0101s sast\u0101vda\u013cas, kas sp\u0113j transport\u0113t&hellip;<\/p>\n","protected":false},"featured_media":5492,"template":"","meta":[],"product_brand":[],"product_cat":[71,33,63],"product_tag":[],"class_list":{"0":"post-5491","1":"product","2":"type-product","3":"status-publish","4":"has-post-thumbnail","6":"product_cat-davanas","7":"product_cat-uncategorized","8":"product_cat-kosmetologija","10":"first","11":"instock","12":"shipping-taxable","13":"purchasable","14":"product-type-simple"},"_links":{"self":[{"href":"https:\/\/www.happysunday.eu\/index.php?rest_route=\/wp\/v2\/product\/5491","targetHints":{"allow":["GET"]}}],"collection":[{"href":"https:\/\/www.happysunday.eu\/index.php?rest_route=\/wp\/v2\/product"}],"about":[{"href":"https:\/\/www.happysunday.eu\/index.php?rest_route=\/wp\/v2\/types\/product"}],"wp:featuredmedia":[{"embeddable":true,"href":"https:\/\/www.happysunday.eu\/index.php?rest_route=\/wp\/v2\/media\/5492"}],"wp:attachment":[{"href":"https:\/\/www.happysunday.eu\/index.php?rest_route=%2Fwp%2Fv2%2Fmedia&parent=5491"}],"wp:term":[{"taxonomy":"product_brand","embeddable":true,"href":"https:\/\/www.happysunday.eu\/index.php?rest_route=%2Fwp%2Fv2%2Fproduct_brand&post=5491"},{"taxonomy":"product_cat","embeddable":true,"href":"https:\/\/www.happysunday.eu\/index.php?rest_route=%2Fwp%2Fv2%2Fproduct_cat&post=5491"},{"taxonomy":"product_tag","embeddable":true,"href":"https:\/\/www.happysunday.eu\/index.php?rest_route=%2Fwp%2Fv2%2Fproduct_tag&post=5491"}],"curies":[{"name":"wp","href":"https:\/\/api.w.org\/{rel}","templated":true}]}}