{"id":5772,"date":"2024-09-03T12:43:46","date_gmt":"2024-09-03T12:43:46","guid":{"rendered":"https:\/\/www.happysunday.eu\/?post_type=product&#038;p=5772"},"modified":"2026-03-31T13:16:12","modified_gmt":"2026-03-31T13:16:12","slug":"majas-smarzas-ar-kociniem-red-wine-100ml-2","status":"publish","type":"product","link":"https:\/\/www.happysunday.eu\/?product=majas-smarzas-ar-kociniem-red-wine-100ml-2","title":{"rendered":"M\u0100JAS SMAR\u017dAS AR KOCI\u0145IEM RED WINE 100ML"},"content":{"rendered":"<p>ERBOLINEA pied\u0101v\u0101 izsmalcin\u0101tus un koncentr\u0113tus ni\u0161as arom\u0101tus, radot modernu, bet taj\u0101 pa\u0161\u0101 laik\u0101 m\u0101j\u012bgu atmosf\u0113ru. No augst\u0101k\u0101s kvalit\u0101tes sast\u0101vda\u013c\u0101m kombin\u0113t\u0101s smar\u017eas uz e\u013c\u013cas b\u0101zes nodro\u0161in\u0101s intens\u012bvas arom\u0101tu J\u016bsu telp\u0101 l\u012bdz pat 360 dien\u0101m. Eleganta stikla pudel\u012bte un \u00a0koci\u0146i nodro\u0161in\u0101s efekt\u012bvu smar\u017eu izplat\u012b\u0161anos izv\u0113l\u0113taj\u0101 telp\u0101. \u0160is komplekts ir ievietots ori\u0123in\u0101l\u0101, grezn\u0101 kast\u012bt\u0113.<\/p>\n<p>VIN DI VINO Intens\u012bvs aug\u013cu, reibino\u0161s arom\u0101ts ar sul\u012bgu it\u0101\u013cu v\u012bnogas raksturu. Citrusaug\u013cu, aug\u013cu un vani\u013cas arom\u0101ts.<\/p>\n<p>Lieto\u0161ana:<\/p>\n<p>Ievietojiet bambusa koci\u0146us stikla pudel\u0113, un pat\u012bkamais arom\u0101ts dabiski izplat\u012bsies vis\u0101 m\u0101jokl\u012b. Lai arom\u0101ts b\u016btu intens\u012bv\u0101ks, apgrieziet bambusa n\u016bji\u0146as. Ieteicams tur\u0113t izstr\u0101d\u0101jumu aptuveni 150 cm no gr\u012bdas, v\u0113lams uz galda.<\/p>\n<div>Izvairieties no tie\u0161iem saules stariem, karstuma avotiem un gaisa kondicion\u0113t\u0101jiem, jo tie var v\u0101jin\u0101t m\u0101jas smar\u017eu iedarb\u012bbu un sa\u012bsin\u0101t lieto\u0161anas laiku.<\/div>\n<div>Pirmo reizi n\u016bji\u0146as ieteicams apgriezt p\u0113c 1 stundas un p\u0113c tam 2-4 reizes ned\u0113\u013c\u0101. \u0160\u0101d\u0101 veid\u0101 j\u016bs saglab\u0101siet maksim\u0101li intens\u012bvu smar\u017eu sav\u0101 m\u0101jokl\u012b. Apgrie\u017eot n\u016bji\u0146as, p\u0101rliecinieties, ka esences pilieni nenokr\u012bt uz da\u017e\u0101d\u0101m virsm\u0101m. Ja t\u0101 notiek, m\u0113\u0123iniet p\u0113c iesp\u0113jas \u0101tr\u0101k iztuk\u0161ot \u016bdeni. Iegremd\u0113tos koci\u0146us ieteicams lietot l\u012bdz 6 m\u0113ne\u0161iem un p\u0113c tam tos nomain\u012bt.<\/div>\n<div><\/div>\n<div>\n<p>Ra\u017eots It\u0101lij\u0101<\/p>\n<p style=\"font-weight: 400;\">Izraisa nopietnu acu kairin\u0101jumu. \u0160\u0137idrums un tvaiki ir viegli uzliesmojo\u0161i. Var izrais\u012bt aler\u0123isku \u0101das reakciju. Ja nepiecie\u0161ama \u0101rsta konsult\u0101cija, turiet iepakojumu vai eti\u0137eti pie rokas. Tur\u0113t b\u0113rniem nepieejam\u0101 viet\u0101. Tur\u0113t t\u0101l\u0101k no siltuma avotiem, karst\u0101m virsm\u0101m, dzirkstel\u0113m, liesm\u0101m vai cit\u0101m aizdeg\u0161an\u0101s avotiem. Nesm\u0113\u0137\u0113t.\u00a0<strong>SASKAR\u0112 AR AC\u012aM:<\/strong>\u00a0r\u016bp\u012bgi skalot ar \u016bdeni vair\u0101kas min\u016btes. No\u0146emt kontaktl\u0113cas, ja t\u0101s ir un tas ir viegli izdar\u0101ms. Turpin\u0101t skalot. Izmest produktu\/iepakojumu saska\u0146\u0101 ar viet\u0113j\u0101m atkritumu apsaimnieko\u0161anas pras\u012bb\u0101m.\u00a0<strong>SASKAR\u0112 AR \u0100DU:<\/strong>\u00a0r\u016bp\u012bgi mazg\u0101t ar \u016bdeni. Kairin\u0101juma vai izsitumu gad\u012bjum\u0101 konsult\u0113ties ar \u0101rstu.<\/p>\n<p style=\"font-weight: 400;\">\n<p style=\"font-weight: 400;\"><strong>Satur:<\/strong>\u00a0citronellu, eugenolu, laimu (Citrus aurantifolia) ekstraktu, lin\u0101loolu, apels\u012bnu ekstraktu, 4-terc-butilcikloheksilacet\u0101tu.<\/p>\n<\/div>\n","protected":false},"excerpt":{"rendered":"<p>ERBOLINEA pied\u0101v\u0101 izsmalcin\u0101tus un koncentr\u0113tus ni\u0161as arom\u0101tus, radot modernu, bet taj\u0101 pa\u0161\u0101 laik\u0101 m\u0101j\u012bgu atmosf\u0113ru. No augst\u0101k\u0101s kvalit\u0101tes sast\u0101vda\u013c\u0101m kombin\u0113t\u0101s smar\u017eas uz e\u013c\u013cas b\u0101zes nodro\u0161in\u0101s intens\u012bvas arom\u0101tu J\u016bsu telp\u0101 l\u012bdz pat 360 dien\u0101m. Eleganta stikla pudel\u012bte un \u00a0koci\u0146i nodro\u0161in\u0101s efekt\u012bvu smar\u017eu izplat\u012b\u0161anos izv\u0113l\u0113taj\u0101 telp\u0101. \u0160is komplekts ir ievietots ori\u0123in\u0101l\u0101, grezn\u0101 kast\u012bt\u0113. VIN DI VINO Intens\u012bvs aug\u013cu, reibino\u0161s arom\u0101ts ar sul\u012bgu it\u0101\u013cu v\u012bnogas raksturu. Citrusaug\u013cu, aug\u013cu un vani\u013cas arom\u0101ts. Lieto\u0161ana: Ievietojiet bambusa koci\u0146us stikla pudel\u0113, un pat\u012bkamais arom\u0101ts dabiski izplat\u012bsies vis\u0101 m\u0101jokl\u012b. Lai arom\u0101ts b\u016btu intens\u012bv\u0101ks, apgrieziet bambusa n\u016bji\u0146as. Ieteicams tur\u0113t&hellip;<\/p>\n","protected":false},"featured_media":5773,"template":"","meta":[],"product_brand":[],"product_cat":[71,80],"product_tag":[],"class_list":{"0":"post-5772","1":"product","2":"type-product","3":"status-publish","4":"has-post-thumbnail","6":"product_cat-davanas","7":"product_cat-majas-aromati","9":"first","10":"instock","11":"sale","12":"shipping-taxable","13":"purchasable","14":"product-type-simple"},"_links":{"self":[{"href":"https:\/\/www.happysunday.eu\/index.php?rest_route=\/wp\/v2\/product\/5772","targetHints":{"allow":["GET"]}}],"collection":[{"href":"https:\/\/www.happysunday.eu\/index.php?rest_route=\/wp\/v2\/product"}],"about":[{"href":"https:\/\/www.happysunday.eu\/index.php?rest_route=\/wp\/v2\/types\/product"}],"wp:featuredmedia":[{"embeddable":true,"href":"https:\/\/www.happysunday.eu\/index.php?rest_route=\/wp\/v2\/media\/5773"}],"wp:attachment":[{"href":"https:\/\/www.happysunday.eu\/index.php?rest_route=%2Fwp%2Fv2%2Fmedia&parent=5772"}],"wp:term":[{"taxonomy":"product_brand","embeddable":true,"href":"https:\/\/www.happysunday.eu\/index.php?rest_route=%2Fwp%2Fv2%2Fproduct_brand&post=5772"},{"taxonomy":"product_cat","embeddable":true,"href":"https:\/\/www.happysunday.eu\/index.php?rest_route=%2Fwp%2Fv2%2Fproduct_cat&post=5772"},{"taxonomy":"product_tag","embeddable":true,"href":"https:\/\/www.happysunday.eu\/index.php?rest_route=%2Fwp%2Fv2%2Fproduct_tag&post=5772"}],"curies":[{"name":"wp","href":"https:\/\/api.w.org\/{rel}","templated":true}]}}