{"id":5991,"date":"2026-03-31T13:56:10","date_gmt":"2026-03-31T13:56:10","guid":{"rendered":"https:\/\/www.happysunday.eu\/?post_type=product&#038;p=5991"},"modified":"2026-04-07T07:08:06","modified_gmt":"2026-04-07T07:08:06","slug":"vellutier-aromatiska-svece-succulent-pink-grapefruit-515gr","status":"publish","type":"product","link":"https:\/\/www.happysunday.eu\/?product=vellutier-aromatiska-svece-succulent-pink-grapefruit-515gr","title":{"rendered":"VELLUTIER AROM\u0100TISKA SVECE SUCCULENT PINK GRAPEFRUIT 515GR"},"content":{"rendered":"<div class=\"page\" title=\"Page 10\">\n<div class=\"section\">\n<div class=\"layoutArea\">\n<div class=\"column\">\n<div class=\"page\" title=\"Page 12\">\n<div class=\"section\">\n<div class=\"layoutArea\">\n<div class=\"column\">\n<div class=\"page\" title=\"Page 14\">\n<div class=\"section\">\n<div class=\"layoutArea\">\n<div class=\"column\">\n<div class=\"page\" title=\"Page 15\">\n<div class=\"section\">\n<div class=\"layoutArea\">\n<div class=\"column\">\n<div class=\"page\" title=\"Page 17\">\n<div class=\"section\">\n<div class=\"layoutArea\">\n<div class=\"column\">\n<div class=\"page\" title=\"Page 22\">\n<div class=\"section\">\n<div class=\"layoutArea\">\n<div class=\"column\">\n<div class=\"page\" title=\"Page 24\">\n<div class=\"section\">\n<div class=\"layoutArea\">\n<div class=\"column\">\n<div class=\"page\" title=\"Page 27\">\n<div class=\"section\">\n<div class=\"layoutArea\">\n<div class=\"column\">\n<div class=\"page\" title=\"Page 31\">\n<div class=\"section\">\n<div class=\"layoutArea\">\n<div class=\"column\">\n<div class=\"page\" title=\"Page 33\">\n<div class=\"section\">\n<div class=\"layoutArea\">\n<div class=\"column\">\n<p>Sagatavojieties porcijai suli\u0304ga, augl\u0327u svaiguma. Ju\u0304s sagaidi\u0304s mu\u0304su i\u0304pas\u030ci nobriedus\u030cais un aroma\u0304tiskais roza\u0304 greipfru\u0304ts, kas iegu\u0304ts ties\u030ci no saulaina\u0304s Floridas kokiem, pievienojot saldo apelsi\u0304nu un svaigu anana\u0304su, kas pies\u030ck\u0327irs neticamu energ\u0327iju jebkuram interjeram. Lai uzsve\u0304rtu mu\u0304su kompozi\u0304cijas unika\u0304lo raksturu,<br \/>\nme\u0304s pievienoja\u0304m saule\u0304 piesu\u0304cina\u0304tu zemen\u0327u un smalku jasmi\u0304na ziedlapin\u0327u notis.<\/p>\n<\/div>\n<\/div>\n<\/div>\n<\/div>\n<\/div>\n<\/div>\n<\/div>\n<\/div>\n<\/div>\n<\/div>\n<\/div>\n<\/div>\n<\/div>\n<\/div>\n<\/div>\n<\/div>\n<\/div>\n<\/div>\n<\/div>\n<\/div>\n<\/div>\n<\/div>\n<\/div>\n<\/div>\n<\/div>\n<\/div>\n<\/div>\n<\/div>\n<\/div>\n<\/div>\n<\/div>\n<\/div>\n<\/div>\n<\/div>\n<\/div>\n<\/div>\n<\/div>\n<\/div>\n<\/div>\n<\/div>\n<p>Vellutier vaska mais\u012bjuma pamat\u0101 ir dab\u012bgs rap\u0161u vasks no re\u0123ion\u0101laj\u0101m Eiropas kult\u016br\u0101m. Dakts izgatavots no 100% kokvilnas un t\u0101 nodro\u0161ina arom\u0101tisku deg\u0161anu l\u012bdz pat 120 stund\u0101m.<\/p>\n<p>Ra\u017eots Lielbit\u0101nij\u0101<\/p>\n<p>Sveci novietojiet uz pietiekami siltumiztur\u012bgas virsmas. Ne\u013caujiet tai degt ilg\u0101k par 4\u00a0stund\u0101m. Nekad ne\u013caujiet svecei piln\u012bgi izdegt. Nekad neatst\u0101jiet dego\u0161u sveci bez uzraudz\u012bbas un viegli uzliesmojo\u0161u priek\u0161metu tuvum\u0101. Sarg\u0101jiet no b\u0113rniem un m\u0101jdz\u012bvniekiem. \u013baujiet svecei degt vismaz tik ilgi, l\u012bdz izk\u016bst viss aug\u0161\u0113jais sl\u0101nis, lai neveidotos nev\u0113lams padzi\u013cin\u0101jums vask\u0101. Optim\u0101lai deg\u0161anai ieteicams regul\u0101ri nogriezt dakti l\u012bdz nor\u0101d\u012btajam garumam.<\/p>\n<p>Var izrais\u012bt aler\u0123isku reakciju uz \u0101das.<br \/>\nJa rodas \u0101das kairin\u0101jums, konsult\u0113ties ar \u0101rstu vai mekl\u0113t medic\u012bnisko pal\u012bdz\u012bbu. Nepie\u013caut nok\u013c\u016b\u0161anu vid\u0113.<\/p>\n","protected":false},"excerpt":{"rendered":"<p>Sagatavojieties porcijai suli\u0304ga, augl\u0327u svaiguma. Ju\u0304s sagaidi\u0304s mu\u0304su i\u0304pas\u030ci nobriedus\u030cais un aroma\u0304tiskais roza\u0304 greipfru\u0304ts, kas iegu\u0304ts ties\u030ci no saulaina\u0304s Floridas kokiem, pievienojot saldo apelsi\u0304nu un svaigu anana\u0304su, kas pies\u030ck\u0327irs neticamu energ\u0327iju jebkuram interjeram. Lai uzsve\u0304rtu mu\u0304su kompozi\u0304cijas unika\u0304lo raksturu, me\u0304s pievienoja\u0304m saule\u0304 piesu\u0304cina\u0304tu zemen\u0327u un smalku jasmi\u0304na ziedlapin\u0327u notis. Vellutier vaska mais\u012bjuma pamat\u0101 ir dab\u012bgs rap\u0161u vasks no re\u0123ion\u0101laj\u0101m Eiropas kult\u016br\u0101m. Dakts izgatavots no 100% kokvilnas un t\u0101 nodro\u0161ina arom\u0101tisku deg\u0161anu l\u012bdz pat 120 stund\u0101m. Ra\u017eots Lielbit\u0101nij\u0101 Sveci novietojiet uz pietiekami siltumiztur\u012bgas virsmas. Ne\u013caujiet tai degt ilg\u0101k par 4\u00a0stund\u0101m. Nekad&hellip;<\/p>\n","protected":false},"featured_media":5870,"template":"","meta":[],"product_brand":[],"product_cat":[80,85],"product_tag":[],"class_list":{"0":"post-5991","1":"product","2":"type-product","3":"status-publish","4":"has-post-thumbnail","6":"product_cat-majas-aromati","7":"product_cat-vellutier-sveces","9":"first","10":"instock","11":"shipping-taxable","12":"purchasable","13":"product-type-simple"},"_links":{"self":[{"href":"https:\/\/www.happysunday.eu\/index.php?rest_route=\/wp\/v2\/product\/5991","targetHints":{"allow":["GET"]}}],"collection":[{"href":"https:\/\/www.happysunday.eu\/index.php?rest_route=\/wp\/v2\/product"}],"about":[{"href":"https:\/\/www.happysunday.eu\/index.php?rest_route=\/wp\/v2\/types\/product"}],"wp:featuredmedia":[{"embeddable":true,"href":"https:\/\/www.happysunday.eu\/index.php?rest_route=\/wp\/v2\/media\/5870"}],"wp:attachment":[{"href":"https:\/\/www.happysunday.eu\/index.php?rest_route=%2Fwp%2Fv2%2Fmedia&parent=5991"}],"wp:term":[{"taxonomy":"product_brand","embeddable":true,"href":"https:\/\/www.happysunday.eu\/index.php?rest_route=%2Fwp%2Fv2%2Fproduct_brand&post=5991"},{"taxonomy":"product_cat","embeddable":true,"href":"https:\/\/www.happysunday.eu\/index.php?rest_route=%2Fwp%2Fv2%2Fproduct_cat&post=5991"},{"taxonomy":"product_tag","embeddable":true,"href":"https:\/\/www.happysunday.eu\/index.php?rest_route=%2Fwp%2Fv2%2Fproduct_tag&post=5991"}],"curies":[{"name":"wp","href":"https:\/\/api.w.org\/{rel}","templated":true}]}}