{"id":6010,"date":"2026-03-31T13:56:10","date_gmt":"2026-03-31T13:56:10","guid":{"rendered":"https:\/\/www.happysunday.eu\/?post_type=product&#038;p=6010"},"modified":"2026-04-07T07:08:54","modified_gmt":"2026-04-07T07:08:54","slug":"vellutier-aromatiska-svece-cafe-au-lait-515gr-2","status":"publish","type":"product","link":"https:\/\/www.happysunday.eu\/?product=vellutier-aromatiska-svece-cafe-au-lait-515gr-2","title":{"rendered":"VELLUTIER AROM\u0100TISKA SVECE CAF\u00c9 AU LAIT 515GR"},"content":{"rendered":"<div class=\"page\" title=\"Page 10\">\n<div class=\"section\">\n<div class=\"layoutArea\">\n<div class=\"column\">\n<div class=\"page\" title=\"Page 12\">\n<div class=\"section\">\n<div class=\"layoutArea\">\n<div class=\"column\">\n<div class=\"page\" title=\"Page 14\">\n<div class=\"section\">\n<div class=\"layoutArea\">\n<div class=\"column\">\n<div class=\"page\" title=\"Page 15\">\n<div class=\"section\">\n<div class=\"layoutArea\">\n<div class=\"column\">\n<div class=\"page\" title=\"Page 17\">\n<div class=\"section\">\n<div class=\"layoutArea\">\n<div class=\"column\">\n<div class=\"page\" title=\"Page 22\">\n<div class=\"section\">\n<div class=\"layoutArea\">\n<div class=\"column\">\n<div class=\"page\" title=\"Page 24\">\n<div class=\"section\">\n<div class=\"layoutArea\">\n<div class=\"column\">\n<div class=\"page\" title=\"Page 27\">\n<div class=\"section\">\n<div class=\"layoutArea\">\n<div class=\"column\">\n<div class=\"page\" title=\"Page 31\">\n<div class=\"section\">\n<div class=\"layoutArea\">\n<div class=\"column\">\n<div class=\"page\" title=\"Page 33\">\n<div class=\"section\">\n<div class=\"layoutArea\">\n<div class=\"column\">\n<div class=\"page\" title=\"Page 36\">\n<div class=\"section\">\n<div class=\"layoutArea\">\n<div class=\"column\">\n<div class=\"page\" title=\"Page 37\">\n<div class=\"section\">\n<div class=\"layoutArea\">\n<div class=\"column\">\n<div class=\"page\" title=\"Page 38\">\n<div class=\"section\">\n<div class=\"layoutArea\">\n<div class=\"column\">\n<div class=\"page\" title=\"Page 42\">\n<div class=\"section\">\n<div class=\"layoutArea\">\n<div class=\"column\">\n<p>Nekas neatmodina saju\u0304tas no ri\u0304ta ka\u0304 skaisti smarz\u030ci\u0304ga kafija. Sagaidiet savu dienu franc\u030cu gaume\u0304, pateicoties baga\u0304ti\u0304gajam svaigi maltu arabikas pupin\u0327u aroma\u0304tam, nedaudz putotam, siltam pienam ar salduma nokra\u0304su, kas pasle\u0304ptas smalka\u0304kaja\u0304 vanil\u0327a\u0304.<\/p>\n<\/div>\n<\/div>\n<\/div>\n<\/div>\n<\/div>\n<\/div>\n<\/div>\n<\/div>\n<\/div>\n<\/div>\n<\/div>\n<\/div>\n<\/div>\n<\/div>\n<\/div>\n<\/div>\n<\/div>\n<\/div>\n<\/div>\n<\/div>\n<\/div>\n<\/div>\n<\/div>\n<\/div>\n<\/div>\n<\/div>\n<\/div>\n<\/div>\n<\/div>\n<\/div>\n<\/div>\n<\/div>\n<\/div>\n<\/div>\n<\/div>\n<\/div>\n<\/div>\n<\/div>\n<\/div>\n<\/div>\n<\/div>\n<\/div>\n<\/div>\n<\/div>\n<\/div>\n<\/div>\n<\/div>\n<\/div>\n<\/div>\n<\/div>\n<\/div>\n<\/div>\n<\/div>\n<\/div>\n<\/div>\n<\/div>\n<p>Vellutier vaska mais\u012bjuma pamat\u0101 ir dab\u012bgs rap\u0161u vasks no re\u0123ion\u0101laj\u0101m Eiropas kult\u016br\u0101m. Dakts izgatavots no 100% kokvilnas un t\u0101 nodro\u0161ina arom\u0101tisku deg\u0161anu l\u012bdz pat 120 stund\u0101m.<\/p>\n<p>Ra\u017eots Lielbit\u0101nij\u0101<\/p>\n<p>Sveci novietojiet uz pietiekami siltumiztur\u012bgas virsmas. Ne\u013caujiet tai degt ilg\u0101k par 4\u00a0stund\u0101m. Nekad ne\u013caujiet svecei piln\u012bgi izdegt. Nekad neatst\u0101jiet dego\u0161u sveci bez uzraudz\u012bbas un viegli uzliesmojo\u0161u priek\u0161metu tuvum\u0101. Sarg\u0101jiet no b\u0113rniem un m\u0101jdz\u012bvniekiem. \u013baujiet svecei degt vismaz tik ilgi, l\u012bdz izk\u016bst viss aug\u0161\u0113jais sl\u0101nis, lai neveidotos nev\u0113lams padzi\u013cin\u0101jums vask\u0101. Optim\u0101lai deg\u0161anai ieteicams regul\u0101ri nogriezt dakti l\u012bdz nor\u0101d\u012btajam garumam.<\/p>\n<p>Var izrais\u012bt aler\u0123isku reakciju uz \u0101das.<br \/>\nJa rodas \u0101das kairin\u0101jums, konsult\u0113ties ar \u0101rstu vai mekl\u0113t medic\u012bnisko pal\u012bdz\u012bbu. Nepie\u013caut nok\u013c\u016b\u0161anu vid\u0113.<\/p>\n","protected":false},"excerpt":{"rendered":"<p>Nekas neatmodina saju\u0304tas no ri\u0304ta ka\u0304 skaisti smarz\u030ci\u0304ga kafija. Sagaidiet savu dienu franc\u030cu gaume\u0304, pateicoties baga\u0304ti\u0304gajam svaigi maltu arabikas pupin\u0327u aroma\u0304tam, nedaudz putotam, siltam pienam ar salduma nokra\u0304su, kas pasle\u0304ptas smalka\u0304kaja\u0304 vanil\u0327a\u0304. Vellutier vaska mais\u012bjuma pamat\u0101 ir dab\u012bgs rap\u0161u vasks no re\u0123ion\u0101laj\u0101m Eiropas kult\u016br\u0101m. Dakts izgatavots no 100% kokvilnas un t\u0101 nodro\u0161ina arom\u0101tisku deg\u0161anu l\u012bdz pat 120 stund\u0101m. Ra\u017eots Lielbit\u0101nij\u0101 Sveci novietojiet uz pietiekami siltumiztur\u012bgas virsmas. Ne\u013caujiet tai degt ilg\u0101k par 4\u00a0stund\u0101m. Nekad ne\u013caujiet svecei piln\u012bgi izdegt. Nekad neatst\u0101jiet dego\u0161u sveci bez uzraudz\u012bbas un viegli uzliesmojo\u0161u priek\u0161metu tuvum\u0101. Sarg\u0101jiet no&hellip;<\/p>\n","protected":false},"featured_media":5883,"template":"","meta":[],"product_brand":[],"product_cat":[80,85],"product_tag":[],"class_list":{"0":"post-6010","1":"product","2":"type-product","3":"status-publish","4":"has-post-thumbnail","6":"product_cat-majas-aromati","7":"product_cat-vellutier-sveces","9":"first","10":"instock","11":"shipping-taxable","12":"purchasable","13":"product-type-simple"},"_links":{"self":[{"href":"https:\/\/www.happysunday.eu\/index.php?rest_route=\/wp\/v2\/product\/6010","targetHints":{"allow":["GET"]}}],"collection":[{"href":"https:\/\/www.happysunday.eu\/index.php?rest_route=\/wp\/v2\/product"}],"about":[{"href":"https:\/\/www.happysunday.eu\/index.php?rest_route=\/wp\/v2\/types\/product"}],"wp:featuredmedia":[{"embeddable":true,"href":"https:\/\/www.happysunday.eu\/index.php?rest_route=\/wp\/v2\/media\/5883"}],"wp:attachment":[{"href":"https:\/\/www.happysunday.eu\/index.php?rest_route=%2Fwp%2Fv2%2Fmedia&parent=6010"}],"wp:term":[{"taxonomy":"product_brand","embeddable":true,"href":"https:\/\/www.happysunday.eu\/index.php?rest_route=%2Fwp%2Fv2%2Fproduct_brand&post=6010"},{"taxonomy":"product_cat","embeddable":true,"href":"https:\/\/www.happysunday.eu\/index.php?rest_route=%2Fwp%2Fv2%2Fproduct_cat&post=6010"},{"taxonomy":"product_tag","embeddable":true,"href":"https:\/\/www.happysunday.eu\/index.php?rest_route=%2Fwp%2Fv2%2Fproduct_tag&post=6010"}],"curies":[{"name":"wp","href":"https:\/\/api.w.org\/{rel}","templated":true}]}}