{"id":6113,"date":"2024-10-17T07:08:39","date_gmt":"2024-10-17T07:08:39","guid":{"rendered":"https:\/\/www.happysunday.eu\/?post_type=product&#038;p=6113"},"modified":"2026-04-07T07:05:52","modified_gmt":"2026-04-07T07:05:52","slug":"orchid-oil-keratin-kondicionieris-1000ml","status":"publish","type":"product","link":"https:\/\/www.happysunday.eu\/?product=orchid-oil-keratin-kondicionieris-1000ml","title":{"rendered":"ORCHID OIL KERATIN KONDICIONIERIS 1000ML"},"content":{"rendered":"<p>Kleral System Orchid Oil INSTANT CREAM<\/p>\n<p>Jaun\u0101 Orchid Oil Keratin s\u0113rija ir inovat\u012bva l\u012bnija, kas satur prokerat\u012bnu un orhideju ekstraktu. Prokerat\u012bns atjauno boj\u0101tus matus, bet orhideju ekstrakts baro un mitrina. Visi produkti nesatur parab\u0113nus, SLS un SLES, un tiem ir maig\u0101ka formula, kas izstr\u0101d\u0101ta, lai izvair\u012btos no iesp\u0113jama kairin\u0101juma. Orchid Oil Keratin produkti ir piem\u0113roti ikdienas lieto\u0161anai un var tikt izmantoti p\u0113c proced\u016br\u0101m (kr\u0101so\u0161ana, Botox, kerat\u012bns) matu stiprin\u0101\u0161anai.<\/p>\n<p>\u0100rstniecisk\u0101 kr\u0113mveida maska \u200b\u200bar orhideju e\u013c\u013cu un kerat\u012bnu sausiem matiem. Tam ir kr\u0113m\u012bga strukt\u016bra un pat\u012bkams arom\u0101ts, kas viegli sadal\u0101s vis\u0101 garum\u0101.<br \/>\n\u0100rstniecisk\u0101s maskas bag\u0101t\u012bg\u0101 formula nodro\u0161ina matu baro\u0161anu un nov\u0113r\u0161 to trauslumu.<br \/>\nAtjauno matus no iek\u0161puses, aizpilda kerat\u012bna tr\u016bkumu. Mati ieg\u016bst dabisku sp\u012bdumu, elast\u012bbu un elast\u012bbu.<\/p>\n<p>Lieto\u0161anas nor\u0101d\u012bjumi: izmazg\u0101jiet matus ar \u0161amp\u016bnu ar orhideju e\u013c\u013cu, uzkl\u0101jiet masku vis\u0101 matu garum\u0101. Nomazg\u0101t p\u0113c 10-15 min\u016bt\u0113m<\/p>\n","protected":false},"excerpt":{"rendered":"<p>Kleral System Orchid Oil INSTANT CREAM Jaun\u0101 Orchid Oil Keratin s\u0113rija ir inovat\u012bva l\u012bnija, kas satur prokerat\u012bnu un orhideju ekstraktu. Prokerat\u012bns atjauno boj\u0101tus matus, bet orhideju ekstrakts baro un mitrina. Visi produkti nesatur parab\u0113nus, SLS un SLES, un tiem ir maig\u0101ka formula, kas izstr\u0101d\u0101ta, lai izvair\u012btos no iesp\u0113jama kairin\u0101juma. Orchid Oil Keratin produkti ir piem\u0113roti ikdienas lieto\u0161anai un var tikt izmantoti p\u0113c proced\u016br\u0101m (kr\u0101so\u0161ana, Botox, kerat\u012bns) matu stiprin\u0101\u0161anai. \u0100rstniecisk\u0101 kr\u0113mveida maska \u200b\u200bar orhideju e\u013c\u013cu un kerat\u012bnu sausiem matiem. Tam ir kr\u0113m\u012bga strukt\u016bra un pat\u012bkams arom\u0101ts, kas viegli sadal\u0101s vis\u0101 garum\u0101.&hellip;<\/p>\n","protected":false},"featured_media":6114,"template":"","meta":[],"product_brand":[],"product_cat":[33,69],"product_tag":[],"class_list":{"0":"post-6113","1":"product","2":"type-product","3":"status-publish","4":"has-post-thumbnail","6":"product_cat-uncategorized","7":"product_cat-matu-kopsana-2","9":"first","10":"instock","11":"shipping-taxable","12":"purchasable","13":"product-type-simple"},"_links":{"self":[{"href":"https:\/\/www.happysunday.eu\/index.php?rest_route=\/wp\/v2\/product\/6113","targetHints":{"allow":["GET"]}}],"collection":[{"href":"https:\/\/www.happysunday.eu\/index.php?rest_route=\/wp\/v2\/product"}],"about":[{"href":"https:\/\/www.happysunday.eu\/index.php?rest_route=\/wp\/v2\/types\/product"}],"wp:featuredmedia":[{"embeddable":true,"href":"https:\/\/www.happysunday.eu\/index.php?rest_route=\/wp\/v2\/media\/6114"}],"wp:attachment":[{"href":"https:\/\/www.happysunday.eu\/index.php?rest_route=%2Fwp%2Fv2%2Fmedia&parent=6113"}],"wp:term":[{"taxonomy":"product_brand","embeddable":true,"href":"https:\/\/www.happysunday.eu\/index.php?rest_route=%2Fwp%2Fv2%2Fproduct_brand&post=6113"},{"taxonomy":"product_cat","embeddable":true,"href":"https:\/\/www.happysunday.eu\/index.php?rest_route=%2Fwp%2Fv2%2Fproduct_cat&post=6113"},{"taxonomy":"product_tag","embeddable":true,"href":"https:\/\/www.happysunday.eu\/index.php?rest_route=%2Fwp%2Fv2%2Fproduct_tag&post=6113"}],"curies":[{"name":"wp","href":"https:\/\/api.w.org\/{rel}","templated":true}]}}