{"id":6115,"date":"2024-10-17T07:18:47","date_gmt":"2024-10-17T07:18:47","guid":{"rendered":"https:\/\/www.happysunday.eu\/?post_type=product&#038;p=6115"},"modified":"2026-04-07T07:05:52","modified_gmt":"2026-04-07T07:05:52","slug":"orchid-oil-keratin-sampuns-1000ml","status":"publish","type":"product","link":"https:\/\/www.happysunday.eu\/?product=orchid-oil-keratin-sampuns-1000ml","title":{"rendered":"ORCHID OIL KERATIN \u0160AMP\u016aNS 1000ML"},"content":{"rendered":"<p>Jaun\u0101 Orchid Oil Keratin s\u0113rija ir inovat\u012bva l\u012bnija, kas satur prokerat\u012bnu un orhideju ekstraktu. Prokerat\u012bns atjauno boj\u0101tus matus, bet orhideju ekstrakts baro un mitrina. Visi produkti nesatur parab\u0113nus, SLS un SLES, un tiem ir maig\u0101ka formula, kas izstr\u0101d\u0101ta, lai izvair\u012btos no iesp\u0113jama kairin\u0101juma. Orchid Oil Keratin produkti ir piem\u0113roti ikdienas lieto\u0161anai un var tikt izmantoti p\u0113c proced\u016br\u0101m (kr\u0101so\u0161ana, Botox, kerat\u012bns) matu stiprin\u0101\u0161anai.<\/p>\n<p>\u0160amp\u016bns sausiem un boj\u0101tiem matiem maigi un efekt\u012bvi att\u012bra matus un galvas \u0101du, iedarbojas uz matu strukt\u016bru mitrino\u0161i un normaliz\u0113 galvas \u0101das pH l\u012bdzsvaru. Orhideju e\u013c\u013cai ir atjaunojo\u0161a iedarb\u012bba un t\u0101 atjauno matu apjomu, maigumu un elast\u012bbu. Nesatur parab\u0113nus, SLS un SLES, un tam ir maig\u0101ks sast\u0101vs, kas paredz\u0113ts, lai izvair\u012btos no iesp\u0113jama kairin\u0101juma.<\/p>\n<p>Lieto\u0161anas nor\u0101d\u012bjumi: Uzkl\u0101jiet uz mitriem matiem un maigi iemas\u0113jiet ar pirkstiem. Noskalo ar lielu daudzumu \u016bdens.<\/p>\n<p>RA\u017dOTS IT\u0100LIJ\u0100<\/p>\n<p>&nbsp;<\/p>\n","protected":false},"excerpt":{"rendered":"<p>Jaun\u0101 Orchid Oil Keratin s\u0113rija ir inovat\u012bva l\u012bnija, kas satur prokerat\u012bnu un orhideju ekstraktu. Prokerat\u012bns atjauno boj\u0101tus matus, bet orhideju ekstrakts baro un mitrina. Visi produkti nesatur parab\u0113nus, SLS un SLES, un tiem ir maig\u0101ka formula, kas izstr\u0101d\u0101ta, lai izvair\u012btos no iesp\u0113jama kairin\u0101juma. Orchid Oil Keratin produkti ir piem\u0113roti ikdienas lieto\u0161anai un var tikt izmantoti p\u0113c proced\u016br\u0101m (kr\u0101so\u0161ana, Botox, kerat\u012bns) matu stiprin\u0101\u0161anai. \u0160amp\u016bns sausiem un boj\u0101tiem matiem maigi un efekt\u012bvi att\u012bra matus un galvas \u0101du, iedarbojas uz matu strukt\u016bru mitrino\u0161i un normaliz\u0113 galvas \u0101das pH l\u012bdzsvaru. Orhideju e\u013c\u013cai ir atjaunojo\u0161a&hellip;<\/p>\n","protected":false},"featured_media":6116,"template":"","meta":[],"product_brand":[],"product_cat":[33,69],"product_tag":[],"class_list":{"0":"post-6115","1":"product","2":"type-product","3":"status-publish","4":"has-post-thumbnail","6":"product_cat-uncategorized","7":"product_cat-matu-kopsana-2","9":"first","10":"instock","11":"shipping-taxable","12":"purchasable","13":"product-type-simple"},"_links":{"self":[{"href":"https:\/\/www.happysunday.eu\/index.php?rest_route=\/wp\/v2\/product\/6115","targetHints":{"allow":["GET"]}}],"collection":[{"href":"https:\/\/www.happysunday.eu\/index.php?rest_route=\/wp\/v2\/product"}],"about":[{"href":"https:\/\/www.happysunday.eu\/index.php?rest_route=\/wp\/v2\/types\/product"}],"wp:featuredmedia":[{"embeddable":true,"href":"https:\/\/www.happysunday.eu\/index.php?rest_route=\/wp\/v2\/media\/6116"}],"wp:attachment":[{"href":"https:\/\/www.happysunday.eu\/index.php?rest_route=%2Fwp%2Fv2%2Fmedia&parent=6115"}],"wp:term":[{"taxonomy":"product_brand","embeddable":true,"href":"https:\/\/www.happysunday.eu\/index.php?rest_route=%2Fwp%2Fv2%2Fproduct_brand&post=6115"},{"taxonomy":"product_cat","embeddable":true,"href":"https:\/\/www.happysunday.eu\/index.php?rest_route=%2Fwp%2Fv2%2Fproduct_cat&post=6115"},{"taxonomy":"product_tag","embeddable":true,"href":"https:\/\/www.happysunday.eu\/index.php?rest_route=%2Fwp%2Fv2%2Fproduct_tag&post=6115"}],"curies":[{"name":"wp","href":"https:\/\/api.w.org\/{rel}","templated":true}]}}