{"id":6117,"date":"2024-10-17T07:23:46","date_gmt":"2024-10-17T07:23:46","guid":{"rendered":"https:\/\/www.happysunday.eu\/?post_type=product&#038;p=6117"},"modified":"2026-04-07T07:05:52","modified_gmt":"2026-04-07T07:05:52","slug":"orchid-oil-keratin-ampulas-matiem-10-x-10ml","status":"publish","type":"product","link":"https:\/\/www.happysunday.eu\/?product=orchid-oil-keratin-ampulas-matiem-10-x-10ml","title":{"rendered":"ORCHID OIL KERATIN AMPULAS MATIEM 10 X 10ML"},"content":{"rendered":"<p>Matu ampulas ar orhideju e\u013c\u013cu un kerat\u012bnu Kleral System Orchid Oil Keratin Treatment 10 gab x 10 ml<\/p>\n<p>Nostiprina kerat\u012bna zv\u012b\u0146as, padara matus m\u012bkstus un sp\u012bd\u012bgus. Lai sasniegtu maksim\u0101lu rezult\u0101tu, ampulas ar orhideju e\u013c\u013cu ieteicams lietot t\u012bros matos, kas iepriek\u0161 izmazg\u0101ti ar \u0161amp\u016bnu ar orhideju e\u013c\u013cu.<\/p>\n<p>Ampulas ar orhideju e\u013c\u013cu ir paredz\u0113tas, lai barotu un intens\u012bvi pies\u0101tin\u0101tu matus ar kerat\u012bnu. Produkta sast\u0101v\u0101 ir orhideju e\u013c\u013ca un \u0123eop\u0101tisk\u0101s esences, pateicoties kuru iedarb\u012bbai tiek nostiprin\u0101ts matu kerat\u012bna sl\u0101nis. \u0160\u012b ampulu apstr\u0101de nodro\u0161ina dzi\u013cu akt\u012bvo vielu iek\u013c\u016b\u0161anu un mitruma saglab\u0101\u0161anu ilgu laiku. Izmanto hidrolamin\u0113\u0161anas proced\u016brai. Jaun\u0101s ampulas intens\u012bvi kondicion\u0113 un restrukturiz\u0113 matus, barojot un piepildot tos ar kerat\u012bnu. Produkts pal\u012bdz piepild\u012bt matus ar dabisku sp\u012bdumu.<\/p>\n<p>Ampulas ar orhideju e\u013c\u013cu ir paredz\u0113tas, lai barotu un intens\u012bvi pies\u0101tin\u0101tu matus ar kerat\u012bnu. Produkta sast\u0101v\u0101 ir orhideju e\u013c\u013ca un \u0123eop\u0101tisk\u0101s esences, pateicoties kuru iedarb\u012bbai tiek nostiprin\u0101ts matu kerat\u012bna sl\u0101nis. \u0160\u012b ampulu apstr\u0101de nodro\u0161ina dzi\u013cu akt\u012bvo vielu iek\u013c\u016b\u0161anu un mitruma saglab\u0101\u0161anu ilgu laiku. Izmanto hidrolamin\u0113\u0161anas proced\u016brai. Jaun\u0101s ampulas intens\u012bvi kondicion\u0113 un restrukturiz\u0113 matus, barojot un piepildot tos ar kerat\u012bnu. Produkts pal\u012bdz piepild\u012bt matus ar dabisku sp\u012bdumu.<\/p>\n<p>Lieto\u0161anas nor\u0101d\u012bjumi: Uzkl\u0101jiet ampulas saturu ar \u0161amp\u016bnu izmazg\u0101tiem un ar dvieli nosusin\u0101tiem matiem. R\u016bp\u012bgi iemas\u0113jiet matus vis\u0101 garum\u0101. Nomazg\u0101t p\u0113c 10-15 min\u016bt\u0113m.<\/p>\n<p>RA\u017dOTS IT\u0100LIJ\u0100<\/p>\n<p>&nbsp;<\/p>\n","protected":false},"excerpt":{"rendered":"<p>Matu ampulas ar orhideju e\u013c\u013cu un kerat\u012bnu Kleral System Orchid Oil Keratin Treatment 10 gab x 10 ml Nostiprina kerat\u012bna zv\u012b\u0146as, padara matus m\u012bkstus un sp\u012bd\u012bgus. Lai sasniegtu maksim\u0101lu rezult\u0101tu, ampulas ar orhideju e\u013c\u013cu ieteicams lietot t\u012bros matos, kas iepriek\u0161 izmazg\u0101ti ar \u0161amp\u016bnu ar orhideju e\u013c\u013cu. Ampulas ar orhideju e\u013c\u013cu ir paredz\u0113tas, lai barotu un intens\u012bvi pies\u0101tin\u0101tu matus ar kerat\u012bnu. Produkta sast\u0101v\u0101 ir orhideju e\u013c\u013ca un \u0123eop\u0101tisk\u0101s esences, pateicoties kuru iedarb\u012bbai tiek nostiprin\u0101ts matu kerat\u012bna sl\u0101nis. \u0160\u012b ampulu apstr\u0101de nodro\u0161ina dzi\u013cu akt\u012bvo vielu iek\u013c\u016b\u0161anu un mitruma saglab\u0101\u0161anu ilgu laiku. Izmanto&hellip;<\/p>\n","protected":false},"featured_media":6118,"template":"","meta":[],"product_brand":[],"product_cat":[71,33,69],"product_tag":[],"class_list":{"0":"post-6117","1":"product","2":"type-product","3":"status-publish","4":"has-post-thumbnail","6":"product_cat-davanas","7":"product_cat-uncategorized","8":"product_cat-matu-kopsana-2","10":"first","11":"instock","12":"shipping-taxable","13":"purchasable","14":"product-type-simple"},"_links":{"self":[{"href":"https:\/\/www.happysunday.eu\/index.php?rest_route=\/wp\/v2\/product\/6117","targetHints":{"allow":["GET"]}}],"collection":[{"href":"https:\/\/www.happysunday.eu\/index.php?rest_route=\/wp\/v2\/product"}],"about":[{"href":"https:\/\/www.happysunday.eu\/index.php?rest_route=\/wp\/v2\/types\/product"}],"wp:featuredmedia":[{"embeddable":true,"href":"https:\/\/www.happysunday.eu\/index.php?rest_route=\/wp\/v2\/media\/6118"}],"wp:attachment":[{"href":"https:\/\/www.happysunday.eu\/index.php?rest_route=%2Fwp%2Fv2%2Fmedia&parent=6117"}],"wp:term":[{"taxonomy":"product_brand","embeddable":true,"href":"https:\/\/www.happysunday.eu\/index.php?rest_route=%2Fwp%2Fv2%2Fproduct_brand&post=6117"},{"taxonomy":"product_cat","embeddable":true,"href":"https:\/\/www.happysunday.eu\/index.php?rest_route=%2Fwp%2Fv2%2Fproduct_cat&post=6117"},{"taxonomy":"product_tag","embeddable":true,"href":"https:\/\/www.happysunday.eu\/index.php?rest_route=%2Fwp%2Fv2%2Fproduct_tag&post=6117"}],"curies":[{"name":"wp","href":"https:\/\/api.w.org\/{rel}","templated":true}]}}