{"id":6121,"date":"2024-10-17T07:34:09","date_gmt":"2024-10-17T07:34:09","guid":{"rendered":"https:\/\/www.happysunday.eu\/?post_type=product&#038;p=6121"},"modified":"2026-05-05T07:29:08","modified_gmt":"2026-05-05T07:29:08","slug":"senjal-sampuns-gels-500ml","status":"publish","type":"product","link":"https:\/\/www.happysunday.eu\/?product=senjal-sampuns-gels-500ml","title":{"rendered":"SENJAL \u0160AMP\u016aNS- G\u0112LS 500ML"},"content":{"rendered":"<p>KLERAL SYSTEM SENJAL VITALIZING GEL SHAMPOO &#8211; RESTOREAL SHAMPOO-GEL NORM\u0100LIEM MATIEM<\/p>\n<p>J\u016bsu uzman\u012bbai pied\u0101v\u0101jam \u201cAtjaunojo\u0161s \u0161amp\u016bns-\u017eeleja norm\u0101liem matiem\u201d. \u0160amp\u016bns-gels ir \u012bsts eliks\u012brs matu kop\u0161anai, pie\u0161\u0137irot tiem vitalit\u0101ti un z\u012bdainumu. Satur z\u012bda prote\u012bnus, kas jau no pirm\u0101s lieto\u0161anas reizes pie\u0161\u0137ir tiem vieglumu un sp\u012bdumu, toniz\u0113 matu folikulu.<\/p>\n<p>Pateicoties t\u0101 maigajai konsistencei, produkts r\u016bp\u012bgi kopj matus, r\u016bp\u012bgi tos att\u012brot. Piem\u0113rots bie\u017eai lieto\u0161anai un jebkura veida matiem.<\/p>\n<p>Lieto\u0161anas nor\u0101d\u012bjumi: Uzkl\u0101jiet uz mitriem matiem un maigi iemas\u0113jiet ar pirkstiem. Noskalo ar lielu daudzumu \u016bdens<\/p>\n<p>RA\u017dOTS IT\u0100LIJ\u0100<\/p>\n<p>&nbsp;<\/p>\n","protected":false},"excerpt":{"rendered":"<p>KLERAL SYSTEM SENJAL VITALIZING GEL SHAMPOO &#8211; RESTOREAL SHAMPOO-GEL NORM\u0100LIEM MATIEM J\u016bsu uzman\u012bbai pied\u0101v\u0101jam \u201cAtjaunojo\u0161s \u0161amp\u016bns-\u017eeleja norm\u0101liem matiem\u201d. \u0160amp\u016bns-gels ir \u012bsts eliks\u012brs matu kop\u0161anai, pie\u0161\u0137irot tiem vitalit\u0101ti un z\u012bdainumu. Satur z\u012bda prote\u012bnus, kas jau no pirm\u0101s lieto\u0161anas reizes pie\u0161\u0137ir tiem vieglumu un sp\u012bdumu, toniz\u0113 matu folikulu. Pateicoties t\u0101 maigajai konsistencei, produkts r\u016bp\u012bgi kopj matus, r\u016bp\u012bgi tos att\u012brot. Piem\u0113rots bie\u017eai lieto\u0161anai un jebkura veida matiem. Lieto\u0161anas nor\u0101d\u012bjumi: Uzkl\u0101jiet uz mitriem matiem un maigi iemas\u0113jiet ar pirkstiem. Noskalo ar lielu daudzumu \u016bdens RA\u017dOTS IT\u0100LIJ\u0100 &nbsp;<\/p>\n","protected":false},"featured_media":6122,"template":"","meta":[],"product_brand":[],"product_cat":[33,69],"product_tag":[],"class_list":{"0":"post-6121","1":"product","2":"type-product","3":"status-publish","4":"has-post-thumbnail","6":"product_cat-uncategorized","7":"product_cat-matu-kopsana-2","9":"first","10":"instock","11":"shipping-taxable","12":"purchasable","13":"product-type-simple"},"_links":{"self":[{"href":"https:\/\/www.happysunday.eu\/index.php?rest_route=\/wp\/v2\/product\/6121","targetHints":{"allow":["GET"]}}],"collection":[{"href":"https:\/\/www.happysunday.eu\/index.php?rest_route=\/wp\/v2\/product"}],"about":[{"href":"https:\/\/www.happysunday.eu\/index.php?rest_route=\/wp\/v2\/types\/product"}],"wp:featuredmedia":[{"embeddable":true,"href":"https:\/\/www.happysunday.eu\/index.php?rest_route=\/wp\/v2\/media\/6122"}],"wp:attachment":[{"href":"https:\/\/www.happysunday.eu\/index.php?rest_route=%2Fwp%2Fv2%2Fmedia&parent=6121"}],"wp:term":[{"taxonomy":"product_brand","embeddable":true,"href":"https:\/\/www.happysunday.eu\/index.php?rest_route=%2Fwp%2Fv2%2Fproduct_brand&post=6121"},{"taxonomy":"product_cat","embeddable":true,"href":"https:\/\/www.happysunday.eu\/index.php?rest_route=%2Fwp%2Fv2%2Fproduct_cat&post=6121"},{"taxonomy":"product_tag","embeddable":true,"href":"https:\/\/www.happysunday.eu\/index.php?rest_route=%2Fwp%2Fv2%2Fproduct_tag&post=6121"}],"curies":[{"name":"wp","href":"https:\/\/api.w.org\/{rel}","templated":true}]}}