{"id":6123,"date":"2024-10-17T07:37:54","date_gmt":"2024-10-17T07:37:54","guid":{"rendered":"https:\/\/www.happysunday.eu\/?post_type=product&#038;p=6123"},"modified":"2026-04-07T07:05:51","modified_gmt":"2026-04-07T07:05:51","slug":"senjal-intensiva-matu-maska-500ml","status":"publish","type":"product","link":"https:\/\/www.happysunday.eu\/?product=senjal-intensiva-matu-maska-500ml","title":{"rendered":"SENJAL INTENS\u012aV\u0100 MATU MASKA 500ML"},"content":{"rendered":"<p>KLERAL SYSTEM SENJAL FORCEDENSIT\u00c9 MASK MATU ATJAUNO\u0160ANAS MASKA<br \/>\nSENS\u0100CIJA \u2013 ATJAUNOJO\u0160S G\u0112LS-KR\u0112MS<\/p>\n<p>Laika gait\u0101 mati m\u0113dz k\u013c\u016bt pl\u0101n\u0101ki un zaud\u0113t vitalit\u0101ti, biezumu un dz\u012bv\u012bgumu. Atjaunojo\u0161ais g\u0113la kr\u0113ms apvieno \u012bpa\u0161i k\u016bsto\u0161a un maiga kr\u0113ma kop\u0161anas priek\u0161roc\u012bbas ar \u017eelejas vieglumu. Tas pie\u0161\u0137ir matiem tekst\u016bru, iztur\u012bbu un dz\u012bv\u012bgumu jau no pirm\u0101s lieto\u0161anas reizes, tos neapsverot.<\/p>\n<p>LIETO\u0160ANA: Uzkl\u0101jiet kr\u0113mu ar otu mitros un ar dvieli nosusin\u0101tos matos, s\u0101kot no sakn\u0113m l\u012bdz galiem. Atst\u0101j uz 5-10 min\u016bt\u0113m. R\u016bp\u012bgi noskalojiet. Lietojiet 1 vai 2 reizes ned\u0113\u013c\u0101.<\/p>\n<p>RA\u017dOTS IT\u0100LIJ\u0100<\/p>\n<p>&nbsp;<\/p>\n","protected":false},"excerpt":{"rendered":"<p>KLERAL SYSTEM SENJAL FORCEDENSIT\u00c9 MASK MATU ATJAUNO\u0160ANAS MASKA SENS\u0100CIJA \u2013 ATJAUNOJO\u0160S G\u0112LS-KR\u0112MS Laika gait\u0101 mati m\u0113dz k\u013c\u016bt pl\u0101n\u0101ki un zaud\u0113t vitalit\u0101ti, biezumu un dz\u012bv\u012bgumu. Atjaunojo\u0161ais g\u0113la kr\u0113ms apvieno \u012bpa\u0161i k\u016bsto\u0161a un maiga kr\u0113ma kop\u0161anas priek\u0161roc\u012bbas ar \u017eelejas vieglumu. Tas pie\u0161\u0137ir matiem tekst\u016bru, iztur\u012bbu un dz\u012bv\u012bgumu jau no pirm\u0101s lieto\u0161anas reizes, tos neapsverot. LIETO\u0160ANA: Uzkl\u0101jiet kr\u0113mu ar otu mitros un ar dvieli nosusin\u0101tos matos, s\u0101kot no sakn\u0113m l\u012bdz galiem. Atst\u0101j uz 5-10 min\u016bt\u0113m. R\u016bp\u012bgi noskalojiet. Lietojiet 1 vai 2 reizes ned\u0113\u013c\u0101. RA\u017dOTS IT\u0100LIJ\u0100 &nbsp;<\/p>\n","protected":false},"featured_media":6124,"template":"","meta":[],"product_brand":[],"product_cat":[33,69],"product_tag":[],"class_list":{"0":"post-6123","1":"product","2":"type-product","3":"status-publish","4":"has-post-thumbnail","6":"product_cat-uncategorized","7":"product_cat-matu-kopsana-2","9":"first","10":"instock","11":"shipping-taxable","12":"purchasable","13":"product-type-simple"},"_links":{"self":[{"href":"https:\/\/www.happysunday.eu\/index.php?rest_route=\/wp\/v2\/product\/6123","targetHints":{"allow":["GET"]}}],"collection":[{"href":"https:\/\/www.happysunday.eu\/index.php?rest_route=\/wp\/v2\/product"}],"about":[{"href":"https:\/\/www.happysunday.eu\/index.php?rest_route=\/wp\/v2\/types\/product"}],"wp:featuredmedia":[{"embeddable":true,"href":"https:\/\/www.happysunday.eu\/index.php?rest_route=\/wp\/v2\/media\/6124"}],"wp:attachment":[{"href":"https:\/\/www.happysunday.eu\/index.php?rest_route=%2Fwp%2Fv2%2Fmedia&parent=6123"}],"wp:term":[{"taxonomy":"product_brand","embeddable":true,"href":"https:\/\/www.happysunday.eu\/index.php?rest_route=%2Fwp%2Fv2%2Fproduct_brand&post=6123"},{"taxonomy":"product_cat","embeddable":true,"href":"https:\/\/www.happysunday.eu\/index.php?rest_route=%2Fwp%2Fv2%2Fproduct_cat&post=6123"},{"taxonomy":"product_tag","embeddable":true,"href":"https:\/\/www.happysunday.eu\/index.php?rest_route=%2Fwp%2Fv2%2Fproduct_tag&post=6123"}],"curies":[{"name":"wp","href":"https:\/\/api.w.org\/{rel}","templated":true}]}}