{"id":6125,"date":"2024-10-17T07:44:43","date_gmt":"2024-10-17T07:44:43","guid":{"rendered":"https:\/\/www.happysunday.eu\/?post_type=product&#038;p=6125"},"modified":"2026-04-07T07:05:51","modified_gmt":"2026-04-07T07:05:51","slug":"senjal-vitamnu-fluids-matu-galiniem-100ml","status":"publish","type":"product","link":"https:\/\/www.happysunday.eu\/?product=senjal-vitamnu-fluids-matu-galiniem-100ml","title":{"rendered":"SENJAL VITAMNU FLU\u012aDS MATU GALI\u0145IEM 100ML"},"content":{"rendered":"<p>KLERAL SYSTEM SENJAL FLUID Z\u012aDA FLUIDS BOJOTIEM UN OTRAIEM MATIEM<br \/>\n\u0160is koncentr\u0113tais multivitam\u012bnu \u0161\u0137idrums uzreiz un dzi\u013ci baro sausus, dehidr\u0113tus un trauslus matus, tos neapgr\u016btinot. Atjauno matu tekst\u016bru un m\u012bkstumu.<\/p>\n<p>\u0160is koncentr\u0113tais multivitam\u012bnu flu\u012bds uzreiz un dzi\u013ci baro sausus, dehidr\u0113tus un trauslus matus, tos neapgr\u016btinot. Atjauno matu tekst\u016bru un m\u012bkstumu. Dabisk\u0101s e\u013c\u013cas un silikoni \u013cauj atjaunot boj\u0101tos galus, kurus cit\u0101di b\u016btu gr\u016bti salabot.<\/p>\n<p>Satur n\u0101tru ekstraktu trausliem matiem, miesnieka slotas ekstraktu ar antiseptisk\u0101m \u012bpa\u0161\u012bb\u0101m, att\u012bro\u0161u burvju lazdas ekstraktu un alanto\u012bnu, apvienojot nomierino\u0161u un pretiekaisuma iedarb\u012bbu ar antioksidantu un mitrino\u0161u iedarb\u012bbu.<\/p>\n<p>LIETO\u0160ANA: uzkl\u0101jiet nelielu produkta daudzumu uz galiem, neizskalojiet.<\/p>\n<p>RA\u017dOTS IT\u0100LIJ\u0100<\/p>\n<p>&nbsp;<\/p>\n","protected":false},"excerpt":{"rendered":"<p>KLERAL SYSTEM SENJAL FLUID Z\u012aDA FLUIDS BOJOTIEM UN OTRAIEM MATIEM \u0160is koncentr\u0113tais multivitam\u012bnu \u0161\u0137idrums uzreiz un dzi\u013ci baro sausus, dehidr\u0113tus un trauslus matus, tos neapgr\u016btinot. Atjauno matu tekst\u016bru un m\u012bkstumu. \u0160is koncentr\u0113tais multivitam\u012bnu flu\u012bds uzreiz un dzi\u013ci baro sausus, dehidr\u0113tus un trauslus matus, tos neapgr\u016btinot. Atjauno matu tekst\u016bru un m\u012bkstumu. Dabisk\u0101s e\u013c\u013cas un silikoni \u013cauj atjaunot boj\u0101tos galus, kurus cit\u0101di b\u016btu gr\u016bti salabot. Satur n\u0101tru ekstraktu trausliem matiem, miesnieka slotas ekstraktu ar antiseptisk\u0101m \u012bpa\u0161\u012bb\u0101m, att\u012bro\u0161u burvju lazdas ekstraktu un alanto\u012bnu, apvienojot nomierino\u0161u un pretiekaisuma iedarb\u012bbu ar antioksidantu un mitrino\u0161u iedarb\u012bbu.&hellip;<\/p>\n","protected":false},"featured_media":6126,"template":"","meta":[],"product_brand":[],"product_cat":[33,69],"product_tag":[],"class_list":{"0":"post-6125","1":"product","2":"type-product","3":"status-publish","4":"has-post-thumbnail","6":"product_cat-uncategorized","7":"product_cat-matu-kopsana-2","9":"first","10":"instock","11":"shipping-taxable","12":"purchasable","13":"product-type-simple"},"_links":{"self":[{"href":"https:\/\/www.happysunday.eu\/index.php?rest_route=\/wp\/v2\/product\/6125","targetHints":{"allow":["GET"]}}],"collection":[{"href":"https:\/\/www.happysunday.eu\/index.php?rest_route=\/wp\/v2\/product"}],"about":[{"href":"https:\/\/www.happysunday.eu\/index.php?rest_route=\/wp\/v2\/types\/product"}],"wp:featuredmedia":[{"embeddable":true,"href":"https:\/\/www.happysunday.eu\/index.php?rest_route=\/wp\/v2\/media\/6126"}],"wp:attachment":[{"href":"https:\/\/www.happysunday.eu\/index.php?rest_route=%2Fwp%2Fv2%2Fmedia&parent=6125"}],"wp:term":[{"taxonomy":"product_brand","embeddable":true,"href":"https:\/\/www.happysunday.eu\/index.php?rest_route=%2Fwp%2Fv2%2Fproduct_brand&post=6125"},{"taxonomy":"product_cat","embeddable":true,"href":"https:\/\/www.happysunday.eu\/index.php?rest_route=%2Fwp%2Fv2%2Fproduct_cat&post=6125"},{"taxonomy":"product_tag","embeddable":true,"href":"https:\/\/www.happysunday.eu\/index.php?rest_route=%2Fwp%2Fv2%2Fproduct_tag&post=6125"}],"curies":[{"name":"wp","href":"https:\/\/api.w.org\/{rel}","templated":true}]}}