{"id":6129,"date":"2024-10-17T13:16:41","date_gmt":"2024-10-17T13:16:41","guid":{"rendered":"https:\/\/www.happysunday.eu\/?post_type=product&#038;p=6129"},"modified":"2026-04-07T07:05:51","modified_gmt":"2026-04-07T07:05:51","slug":"semi-di-lino-sampuns-1000ml","status":"publish","type":"product","link":"https:\/\/www.happysunday.eu\/?product=semi-di-lino-sampuns-1000ml","title":{"rendered":"SEMI DI LINO \u0160AMP\u016aNS 1000ML"},"content":{"rendered":"<p>Kleral System Semi Di Lino \u0161amp\u016bns<\/p>\n<p>\u0160amp\u016bns ar linu e\u013c\u013cu baro un stiprina matus, atjauno to strukt\u016bru, pie\u0161\u0137ir sp\u012bdumu un z\u012bdainumu.<\/p>\n<p>Lieto\u0161anas nor\u0101d\u012bjumi<br \/>\nVienm\u0113r\u012bgi uzkl\u0101jiet uz mitriem matiem un saputojiet. P\u0113c da\u017e\u0101m min\u016bt\u0113m nomazg\u0101t. Ja nepiecie\u0161ams, atk\u0101rtojiet proced\u016bru.<\/p>\n<p>RA\u017dOTS IT\u0100LIJ\u0100<\/p>\n<p>&nbsp;<\/p>\n","protected":false},"excerpt":{"rendered":"<p>Kleral System Semi Di Lino \u0161amp\u016bns \u0160amp\u016bns ar linu e\u013c\u013cu baro un stiprina matus, atjauno to strukt\u016bru, pie\u0161\u0137ir sp\u012bdumu un z\u012bdainumu. Lieto\u0161anas nor\u0101d\u012bjumi Vienm\u0113r\u012bgi uzkl\u0101jiet uz mitriem matiem un saputojiet. P\u0113c da\u017e\u0101m min\u016bt\u0113m nomazg\u0101t. Ja nepiecie\u0161ams, atk\u0101rtojiet proced\u016bru. RA\u017dOTS IT\u0100LIJ\u0100 &nbsp;<\/p>\n","protected":false},"featured_media":6130,"template":"","meta":[],"product_brand":[],"product_cat":[33,69],"product_tag":[],"class_list":{"0":"post-6129","1":"product","2":"type-product","3":"status-publish","4":"has-post-thumbnail","6":"product_cat-uncategorized","7":"product_cat-matu-kopsana-2","9":"first","10":"instock","11":"shipping-taxable","12":"purchasable","13":"product-type-simple"},"_links":{"self":[{"href":"https:\/\/www.happysunday.eu\/index.php?rest_route=\/wp\/v2\/product\/6129","targetHints":{"allow":["GET"]}}],"collection":[{"href":"https:\/\/www.happysunday.eu\/index.php?rest_route=\/wp\/v2\/product"}],"about":[{"href":"https:\/\/www.happysunday.eu\/index.php?rest_route=\/wp\/v2\/types\/product"}],"wp:featuredmedia":[{"embeddable":true,"href":"https:\/\/www.happysunday.eu\/index.php?rest_route=\/wp\/v2\/media\/6130"}],"wp:attachment":[{"href":"https:\/\/www.happysunday.eu\/index.php?rest_route=%2Fwp%2Fv2%2Fmedia&parent=6129"}],"wp:term":[{"taxonomy":"product_brand","embeddable":true,"href":"https:\/\/www.happysunday.eu\/index.php?rest_route=%2Fwp%2Fv2%2Fproduct_brand&post=6129"},{"taxonomy":"product_cat","embeddable":true,"href":"https:\/\/www.happysunday.eu\/index.php?rest_route=%2Fwp%2Fv2%2Fproduct_cat&post=6129"},{"taxonomy":"product_tag","embeddable":true,"href":"https:\/\/www.happysunday.eu\/index.php?rest_route=%2Fwp%2Fv2%2Fproduct_tag&post=6129"}],"curies":[{"name":"wp","href":"https:\/\/api.w.org\/{rel}","templated":true}]}}