{"id":6131,"date":"2024-10-17T13:22:14","date_gmt":"2024-10-17T13:22:14","guid":{"rendered":"https:\/\/www.happysunday.eu\/?post_type=product&#038;p=6131"},"modified":"2026-04-07T07:05:51","modified_gmt":"2026-04-07T07:05:51","slug":"semi-di-lino-maska-1000ml","status":"publish","type":"product","link":"https:\/\/www.happysunday.eu\/?product=semi-di-lino-maska-1000ml","title":{"rendered":"SEMI DI LINO GOLD ELIXIR 100ML"},"content":{"rendered":"<p>Kleral System Semi Di Lino zelta eliks\u012brs<\/p>\n<p>Semi di lino s\u0113rijas zelta eliks\u012bram ir vair\u0101kas priek\u0161roc\u012bbas, pateicoties kur\u0101m j\u016bsu mati k\u013c\u016bst sp\u012bd\u012bg\u0101ki, glud\u0101ki un m\u012bkst\u0101ki. Ieteicams lietot gan norm\u0101liem, gan sausiem un boj\u0101tiem matiem. Darbojas k\u0101 atjaunojo\u0161s l\u012bdzeklis; pievieno sp\u012bdumu; padara matus gludus; aizsarg\u0101; atjauno; atvieglo \u0137emm\u0113\u0161anu; mitrina; nodro\u0161ina uzturu; padara matus m\u012bkstus; rada apjomu; nov\u0113r\u0161 matu sprogo\u0161anos; nov\u0113r\u0161 matu galu \u0161\u0137el\u0161anos.<\/p>\n<p>KLERAL GOLD ELIXIR ir unik\u0101ls produkts, kas j\u016bsu matiem dara 12 br\u012bnumus:<\/p>\n<p>1. Iztaisno sprogainus un nepaklaus\u012bgus matus<br \/>\n2. Veicina p\u0101rstruktur\u0113\u0161anu<br \/>\n3. Pie\u0161\u0137ir matiem dabisku sp\u012bdumu<br \/>\n4. Nov\u0113r\u0161 matu galu \u0161\u0137el\u0161anos<br \/>\n5. Saglab\u0101 kr\u0101su<br \/>\n6. Atvieglo \u0137emm\u0113\u0161anu<br \/>\n7. Mitrina ilgu laiku<br \/>\n8. Baro vis\u0101 garum\u0101<br \/>\n9. Padara matus m\u012bkstus<br \/>\n10. Pie\u0161\u0137ir matiem apjomu<br \/>\n11. Piem\u012bt pretnoveco\u0161an\u0101s efekts<br \/>\n12. Aizsarg\u0101 pret negat\u012bviem faktoriem<\/p>\n<p>Lieto\u0161anas nor\u0101d\u012bjumi: Uzkl\u0101jiet eliks\u012bru no matu vidus l\u012bdz galiem uz sausiem vai mitriem matiem. Neizskalojiet.<\/p>\n<p>Lieto\u0161anas nor\u0101d\u012bjumi<br \/>\nIzmantojot mas\u0101\u017eas kust\u012bbas, uzkl\u0101jiet nelielu daudzumu eliks\u012bra mitros vai sausos matos no matu vidus l\u012bdz galiem. Neizskalojiet.<\/p>\n<p>RA\u017dOTS IT\u0100LIJ\u0100<\/p>\n<p>&nbsp;<\/p>\n","protected":false},"excerpt":{"rendered":"<p>Kleral System Semi Di Lino zelta eliks\u012brs Semi di lino s\u0113rijas zelta eliks\u012bram ir vair\u0101kas priek\u0161roc\u012bbas, pateicoties kur\u0101m j\u016bsu mati k\u013c\u016bst sp\u012bd\u012bg\u0101ki, glud\u0101ki un m\u012bkst\u0101ki. Ieteicams lietot gan norm\u0101liem, gan sausiem un boj\u0101tiem matiem. Darbojas k\u0101 atjaunojo\u0161s l\u012bdzeklis; pievieno sp\u012bdumu; padara matus gludus; aizsarg\u0101; atjauno; atvieglo \u0137emm\u0113\u0161anu; mitrina; nodro\u0161ina uzturu; padara matus m\u012bkstus; rada apjomu; nov\u0113r\u0161 matu sprogo\u0161anos; nov\u0113r\u0161 matu galu \u0161\u0137el\u0161anos. KLERAL GOLD ELIXIR ir unik\u0101ls produkts, kas j\u016bsu matiem dara 12 br\u012bnumus: 1. Iztaisno sprogainus un nepaklaus\u012bgus matus 2. Veicina p\u0101rstruktur\u0113\u0161anu 3. Pie\u0161\u0137ir matiem dabisku sp\u012bdumu 4. Nov\u0113r\u0161&hellip;<\/p>\n","protected":false},"featured_media":6134,"template":"","meta":[],"product_brand":[],"product_cat":[33,69],"product_tag":[],"class_list":{"0":"post-6131","1":"product","2":"type-product","3":"status-publish","4":"has-post-thumbnail","6":"product_cat-uncategorized","7":"product_cat-matu-kopsana-2","9":"first","10":"instock","11":"shipping-taxable","12":"purchasable","13":"product-type-simple"},"_links":{"self":[{"href":"https:\/\/www.happysunday.eu\/index.php?rest_route=\/wp\/v2\/product\/6131","targetHints":{"allow":["GET"]}}],"collection":[{"href":"https:\/\/www.happysunday.eu\/index.php?rest_route=\/wp\/v2\/product"}],"about":[{"href":"https:\/\/www.happysunday.eu\/index.php?rest_route=\/wp\/v2\/types\/product"}],"wp:featuredmedia":[{"embeddable":true,"href":"https:\/\/www.happysunday.eu\/index.php?rest_route=\/wp\/v2\/media\/6134"}],"wp:attachment":[{"href":"https:\/\/www.happysunday.eu\/index.php?rest_route=%2Fwp%2Fv2%2Fmedia&parent=6131"}],"wp:term":[{"taxonomy":"product_brand","embeddable":true,"href":"https:\/\/www.happysunday.eu\/index.php?rest_route=%2Fwp%2Fv2%2Fproduct_brand&post=6131"},{"taxonomy":"product_cat","embeddable":true,"href":"https:\/\/www.happysunday.eu\/index.php?rest_route=%2Fwp%2Fv2%2Fproduct_cat&post=6131"},{"taxonomy":"product_tag","embeddable":true,"href":"https:\/\/www.happysunday.eu\/index.php?rest_route=%2Fwp%2Fv2%2Fproduct_tag&post=6131"}],"curies":[{"name":"wp","href":"https:\/\/api.w.org\/{rel}","templated":true}]}}