{"id":6135,"date":"2024-10-17T13:29:18","date_gmt":"2024-10-17T13:29:18","guid":{"rendered":"https:\/\/www.happysunday.eu\/?post_type=product&#038;p=6135"},"modified":"2026-04-07T07:05:51","modified_gmt":"2026-04-07T07:05:51","slug":"semi-di-lino-maska-1000ml-2","status":"publish","type":"product","link":"https:\/\/www.happysunday.eu\/?product=semi-di-lino-maska-1000ml-2","title":{"rendered":"SEMI DI LINO MASKA 1000ML"},"content":{"rendered":"<p>Kleral System Semi Di Lino maska<\/p>\n<p>Nodro\u0161ina intens\u012bvu uzturu un mitrin\u0101\u0161anu sausiem un boj\u0101tiem matiem. Stiprina matus un padara tos m\u012bkstus un z\u012bdainus. Satur: Propil\u0113nglikols: mitrina matus, darbojas k\u0101 antistatisks l\u012bdzeklis, pie\u0161\u0137ir papildus sp\u012bdumu. Lins\u0113klu e\u013c\u013ca: baro un stiprina matus, padarot tos m\u012bkstus un z\u012bdainus. Citronsk\u0101be: pal\u012bdz sa\u0161aurin\u0101t poras, baro un mitrina galvas \u0101du, stiprina matus. Benzofenons-4: nodro\u0161ina aizsardz\u012bbu pret UVA un UVB starojumu.<\/p>\n<p>Lieto\u0161anas nor\u0101d\u012bjumi<br \/>\nVienm\u0113r\u012bgi uzkl\u0101jiet uz t\u012briem, ar dvieli nosusin\u0101tiem matiem vis\u0101 garum\u0101. P\u0113c 5 min\u016bt\u0113m nomazg\u0101t.<\/p>\n<p>RA\u017dOTS IT\u0100LIJ\u0100<\/p>\n<p>&nbsp;<\/p>\n","protected":false},"excerpt":{"rendered":"<p>Kleral System Semi Di Lino maska Nodro\u0161ina intens\u012bvu uzturu un mitrin\u0101\u0161anu sausiem un boj\u0101tiem matiem. Stiprina matus un padara tos m\u012bkstus un z\u012bdainus. Satur: Propil\u0113nglikols: mitrina matus, darbojas k\u0101 antistatisks l\u012bdzeklis, pie\u0161\u0137ir papildus sp\u012bdumu. Lins\u0113klu e\u013c\u013ca: baro un stiprina matus, padarot tos m\u012bkstus un z\u012bdainus. Citronsk\u0101be: pal\u012bdz sa\u0161aurin\u0101t poras, baro un mitrina galvas \u0101du, stiprina matus. Benzofenons-4: nodro\u0161ina aizsardz\u012bbu pret UVA un UVB starojumu. Lieto\u0161anas nor\u0101d\u012bjumi Vienm\u0113r\u012bgi uzkl\u0101jiet uz t\u012briem, ar dvieli nosusin\u0101tiem matiem vis\u0101 garum\u0101. P\u0113c 5 min\u016bt\u0113m nomazg\u0101t. RA\u017dOTS IT\u0100LIJ\u0100 &nbsp;<\/p>\n","protected":false},"featured_media":6136,"template":"","meta":[],"product_brand":[],"product_cat":[33,69],"product_tag":[],"class_list":{"0":"post-6135","1":"product","2":"type-product","3":"status-publish","4":"has-post-thumbnail","6":"product_cat-uncategorized","7":"product_cat-matu-kopsana-2","9":"first","10":"instock","11":"shipping-taxable","12":"purchasable","13":"product-type-simple"},"_links":{"self":[{"href":"https:\/\/www.happysunday.eu\/index.php?rest_route=\/wp\/v2\/product\/6135","targetHints":{"allow":["GET"]}}],"collection":[{"href":"https:\/\/www.happysunday.eu\/index.php?rest_route=\/wp\/v2\/product"}],"about":[{"href":"https:\/\/www.happysunday.eu\/index.php?rest_route=\/wp\/v2\/types\/product"}],"wp:featuredmedia":[{"embeddable":true,"href":"https:\/\/www.happysunday.eu\/index.php?rest_route=\/wp\/v2\/media\/6136"}],"wp:attachment":[{"href":"https:\/\/www.happysunday.eu\/index.php?rest_route=%2Fwp%2Fv2%2Fmedia&parent=6135"}],"wp:term":[{"taxonomy":"product_brand","embeddable":true,"href":"https:\/\/www.happysunday.eu\/index.php?rest_route=%2Fwp%2Fv2%2Fproduct_brand&post=6135"},{"taxonomy":"product_cat","embeddable":true,"href":"https:\/\/www.happysunday.eu\/index.php?rest_route=%2Fwp%2Fv2%2Fproduct_cat&post=6135"},{"taxonomy":"product_tag","embeddable":true,"href":"https:\/\/www.happysunday.eu\/index.php?rest_route=%2Fwp%2Fv2%2Fproduct_tag&post=6135"}],"curies":[{"name":"wp","href":"https:\/\/api.w.org\/{rel}","templated":true}]}}