{"id":6139,"date":"2024-10-17T13:36:19","date_gmt":"2024-10-17T13:36:19","guid":{"rendered":"https:\/\/www.happysunday.eu\/?post_type=product&#038;p=6139"},"modified":"2026-04-07T07:05:51","modified_gmt":"2026-04-07T07:05:51","slug":"semi-di-lino-gold-youth-fluid-80ml","status":"publish","type":"product","link":"https:\/\/www.happysunday.eu\/?product=semi-di-lino-gold-youth-fluid-80ml","title":{"rendered":"SEMI DI LINO GOLD YOUTH FLUID 80ML"},"content":{"rendered":"<p>KLERAL SYSTEM Semi Di Lino Fluid of Youth serums trausliem matiem 80 ml<\/p>\n<p>Jaun\u012bbas eliks\u012brs ar upe\u0146u e\u013c\u013cu un t\u0113jas koka ekstraktu ieteicams trausliem un boj\u0101tiem matiem. Eliks\u012brs satur za\u013c\u0101s t\u0113jas ekstraktu, kas c\u012bn\u0101s ar matu noveco\u0161anos, pateicoties t\u0101 antioksidanta \u012bpa\u0161\u012bb\u0101m. Upe\u0146u e\u013c\u013cu ieg\u016bst, spie\u017eot j\u0101\u0146ogu s\u0113klas, kas aug Eiropas kalnu re\u0123ionos. Detox \u0161\u0137idrums ir bag\u0101ts ar E vitam\u012bnu, kam piem\u012bt antioksidanta iedarb\u012bba, un C vitam\u012bnu, kam piem\u012bt pretiekaisuma \u012bpa\u0161\u012bbas. \u017de\u0146\u0161e\u0146a ekstrakts ir bag\u0101ts ar antioksidantiem, vitam\u012bniem un miner\u0101lviel\u0101m. Piem\u012bt pretnoveco\u0161an\u0101s, uzmundrino\u0161a un atjaunojo\u0161a iedarb\u012bba.<\/p>\n<p>Lieto\u0161anas nor\u0101d\u012bjumi: Uzkl\u0101jiet matos valrieksta lieluma produkta daudzumu. Ar \u0137emmi vienm\u0113r\u012bgi sadaliet pa matiem. Var lietot gan uz mitriem, gan sausiem matiem. Neizskalojiet.<\/p>\n<p>Iepakojums: 80 ml &#8211; pudel\u012bte ir vakuuma tipa bez t\u016bbi\u0146as, darbojas p\u0113c vakuuma veido\u0161anas principa iepakojum\u0101, t\u0101pat k\u0101 l\u016bpu kr\u0101sa, virzot iepakojuma dibenu uz aug\u0161u, pateicoties kam produkts netiek nos\u0113\u017eas uz sien\u0101m un lieto\u0161anas laik\u0101 gaiss nenok\u013c\u016bst iek\u0161\u0101, un produkts tiek izlietots 100%.<\/p>\n<p>RA\u017dOTS IT\u0100LIJ\u0100<\/p>\n<p>&nbsp;<\/p>\n","protected":false},"excerpt":{"rendered":"<p>KLERAL SYSTEM Semi Di Lino Fluid of Youth serums trausliem matiem 80 ml Jaun\u012bbas eliks\u012brs ar upe\u0146u e\u013c\u013cu un t\u0113jas koka ekstraktu ieteicams trausliem un boj\u0101tiem matiem. Eliks\u012brs satur za\u013c\u0101s t\u0113jas ekstraktu, kas c\u012bn\u0101s ar matu noveco\u0161anos, pateicoties t\u0101 antioksidanta \u012bpa\u0161\u012bb\u0101m. Upe\u0146u e\u013c\u013cu ieg\u016bst, spie\u017eot j\u0101\u0146ogu s\u0113klas, kas aug Eiropas kalnu re\u0123ionos. Detox \u0161\u0137idrums ir bag\u0101ts ar E vitam\u012bnu, kam piem\u012bt antioksidanta iedarb\u012bba, un C vitam\u012bnu, kam piem\u012bt pretiekaisuma \u012bpa\u0161\u012bbas. \u017de\u0146\u0161e\u0146a ekstrakts ir bag\u0101ts ar antioksidantiem, vitam\u012bniem un miner\u0101lviel\u0101m. Piem\u012bt pretnoveco\u0161an\u0101s, uzmundrino\u0161a un atjaunojo\u0161a iedarb\u012bba. Lieto\u0161anas nor\u0101d\u012bjumi: Uzkl\u0101jiet matos valrieksta&hellip;<\/p>\n","protected":false},"featured_media":6140,"template":"","meta":[],"product_brand":[],"product_cat":[33,69,58],"product_tag":[],"class_list":{"0":"post-6139","1":"product","2":"type-product","3":"status-publish","4":"has-post-thumbnail","6":"product_cat-uncategorized","7":"product_cat-matu-kopsana-2","8":"product_cat-super-sale","10":"first","11":"instock","12":"shipping-taxable","13":"purchasable","14":"product-type-simple"},"_links":{"self":[{"href":"https:\/\/www.happysunday.eu\/index.php?rest_route=\/wp\/v2\/product\/6139","targetHints":{"allow":["GET"]}}],"collection":[{"href":"https:\/\/www.happysunday.eu\/index.php?rest_route=\/wp\/v2\/product"}],"about":[{"href":"https:\/\/www.happysunday.eu\/index.php?rest_route=\/wp\/v2\/types\/product"}],"wp:featuredmedia":[{"embeddable":true,"href":"https:\/\/www.happysunday.eu\/index.php?rest_route=\/wp\/v2\/media\/6140"}],"wp:attachment":[{"href":"https:\/\/www.happysunday.eu\/index.php?rest_route=%2Fwp%2Fv2%2Fmedia&parent=6139"}],"wp:term":[{"taxonomy":"product_brand","embeddable":true,"href":"https:\/\/www.happysunday.eu\/index.php?rest_route=%2Fwp%2Fv2%2Fproduct_brand&post=6139"},{"taxonomy":"product_cat","embeddable":true,"href":"https:\/\/www.happysunday.eu\/index.php?rest_route=%2Fwp%2Fv2%2Fproduct_cat&post=6139"},{"taxonomy":"product_tag","embeddable":true,"href":"https:\/\/www.happysunday.eu\/index.php?rest_route=%2Fwp%2Fv2%2Fproduct_tag&post=6139"}],"curies":[{"name":"wp","href":"https:\/\/api.w.org\/{rel}","templated":true}]}}