{"id":6141,"date":"2024-10-17T13:54:29","date_gmt":"2024-10-17T13:54:29","guid":{"rendered":"https:\/\/www.happysunday.eu\/?post_type=product&#038;p=6141"},"modified":"2026-04-07T07:05:51","modified_gmt":"2026-04-07T07:05:51","slug":"reach-argan-shea-biutter-royal-pearls-30ml","status":"publish","type":"product","link":"https:\/\/www.happysunday.eu\/?product=reach-argan-shea-biutter-royal-pearls-30ml","title":{"rendered":"REACH ARGAN &#038; SHEA BUTTER ROYAL PEARLS 30ML"},"content":{"rendered":"<p>Kleral System Argan &amp; Shea Rich Butter Royal Pearls<\/p>\n<p>Argana e\u013c\u013ca un \u0161\u012b sviests ir ide\u0101ls duets matu kop\u0161anai. Vitam\u012bni un antioksidanti, v\u0113rt\u012bg\u0101s tauksk\u0101bes un mikroelementi \u2013 \u0161\u012bs e\u013c\u013cas ir bag\u0101tas ar vis\u0101m cirtu vesel\u012bbai un skaistumam nepiecie\u0161amaj\u0101m viel\u0101m. T\u0101p\u0113c Rich Argan &amp; Shea Butter Royal Pearls serumu no Kleral System ir v\u0113rts pievienot savai skaistumkop\u0161anas di\u0113tai. Produkts b\u016bs vislab\u0101kais pal\u012bgs, \u012bpa\u0161i, ja ir t\u0101das nianses k\u0101 neregul\u0101rs uzturs, slikta vide, bie\u017ea matu \u017e\u0101v\u0113t\u0101ja lieto\u0161ana, lok\u0161\u0137\u0113res, gludeklis vai kr\u0101sas mai\u0146a. Viss dabas sp\u0113ks s\u012bk\u0101s seruma l\u0101s\u012bt\u0113s j\u016bsu matu skaistumam un greznam sp\u012bdumam.<\/p>\n<p>Bag\u0101t\u012bgo argana un \u0161\u012b sviesta karalisko p\u0113r\u013cu \u012bpa\u0161\u012bbas:<\/p>\n<p>\u2014 p\u0101rsteidzo\u0161i rezult\u0101ti p\u0113c pirm\u0101s lieto\u0161anas reizes;<br \/>\n&#8211; intens\u012bvi un dzi\u013ci baro matus;<br \/>\n\u2014 atjauno boj\u0101t\u0101s matu \u0161\u0137iedru vietas;<br \/>\n&#8211; dzi\u013ci baro;<br \/>\n&#8211; normaliz\u0113 mitruma l\u012bdzsvaru;<br \/>\n&#8211; nov\u0113r\u0161 matu sausuma un trauslu probl\u0113mu, k\u0101 ar\u012b \u0161\u0137elto matu galu;<br \/>\n&#8211; izl\u012bdzina un pie\u0161\u0137ir greznu sp\u012bdumu;<br \/>\n&#8211; uzlabo matu elast\u012bbu;<br \/>\n&#8211; piem\u012bt antioksidanta iedarb\u012bba;<br \/>\n\u2014 termiski aizsarg\u0101jo\u0161a iedarb\u012bba, izmantojot karstus instrumentus;<br \/>\n\u2014 nodro\u0161ina dro\u0161u aizsardz\u012bbu pret UVA\/UVB<\/p>\n<p>Lietots:<\/p>\n<p>uzkl\u0101t uz mitriem vai sausiem matiem pirms veido\u0161anas;<br \/>\nintens\u012bvai baro\u0161anai un matu atjauno\u0161anai 1-2 ned\u0113\u013c\u0101 ar siltumu 20-30 min\u016btes.<br \/>\npievienots kr\u0101sviel\u0101m un balin\u0101t\u0101jiem, lai aizsarg\u0101tu un barotu matus kr\u0101so\u0161anas laik\u0101.<br \/>\nLieto\u0161anas nor\u0101d\u012bjumi: 1-2 pilienus seruma izklied\u0113jiet t\u012bros, mitros vai sausos matos vis\u0101 matu garum\u0101. Intens\u012bvai atjauno\u0161anai uzkl\u0101jiet serumu ar dvieli nosusin\u0101tos matos un atst\u0101jiet zem karstuma 20-30 min\u016btes. Noskalo ar \u016bdeni. Kr\u0101sojot: kr\u0101su mais\u012bjumam pievienojiet ne vair\u0101k k\u0101 5 ml e\u013c\u013cas.<\/p>\n<p>RA\u017dOTS IT\u0100LIJ\u0100<\/p>\n<p>&nbsp;<\/p>\n","protected":false},"excerpt":{"rendered":"<p>Kleral System Argan &amp; Shea Rich Butter Royal Pearls Argana e\u013c\u013ca un \u0161\u012b sviests ir ide\u0101ls duets matu kop\u0161anai. Vitam\u012bni un antioksidanti, v\u0113rt\u012bg\u0101s tauksk\u0101bes un mikroelementi \u2013 \u0161\u012bs e\u013c\u013cas ir bag\u0101tas ar vis\u0101m cirtu vesel\u012bbai un skaistumam nepiecie\u0161amaj\u0101m viel\u0101m. T\u0101p\u0113c Rich Argan &amp; Shea Butter Royal Pearls serumu no Kleral System ir v\u0113rts pievienot savai skaistumkop\u0161anas di\u0113tai. Produkts b\u016bs vislab\u0101kais pal\u012bgs, \u012bpa\u0161i, ja ir t\u0101das nianses k\u0101 neregul\u0101rs uzturs, slikta vide, bie\u017ea matu \u017e\u0101v\u0113t\u0101ja lieto\u0161ana, lok\u0161\u0137\u0113res, gludeklis vai kr\u0101sas mai\u0146a. Viss dabas sp\u0113ks s\u012bk\u0101s seruma l\u0101s\u012bt\u0113s j\u016bsu matu skaistumam un&hellip;<\/p>\n","protected":false},"featured_media":6142,"template":"","meta":[],"product_brand":[],"product_cat":[69,58],"product_tag":[],"class_list":{"0":"post-6141","1":"product","2":"type-product","3":"status-publish","4":"has-post-thumbnail","6":"product_cat-matu-kopsana-2","7":"product_cat-super-sale","9":"first","10":"instock","11":"shipping-taxable","12":"purchasable","13":"product-type-simple"},"_links":{"self":[{"href":"https:\/\/www.happysunday.eu\/index.php?rest_route=\/wp\/v2\/product\/6141","targetHints":{"allow":["GET"]}}],"collection":[{"href":"https:\/\/www.happysunday.eu\/index.php?rest_route=\/wp\/v2\/product"}],"about":[{"href":"https:\/\/www.happysunday.eu\/index.php?rest_route=\/wp\/v2\/types\/product"}],"wp:featuredmedia":[{"embeddable":true,"href":"https:\/\/www.happysunday.eu\/index.php?rest_route=\/wp\/v2\/media\/6142"}],"wp:attachment":[{"href":"https:\/\/www.happysunday.eu\/index.php?rest_route=%2Fwp%2Fv2%2Fmedia&parent=6141"}],"wp:term":[{"taxonomy":"product_brand","embeddable":true,"href":"https:\/\/www.happysunday.eu\/index.php?rest_route=%2Fwp%2Fv2%2Fproduct_brand&post=6141"},{"taxonomy":"product_cat","embeddable":true,"href":"https:\/\/www.happysunday.eu\/index.php?rest_route=%2Fwp%2Fv2%2Fproduct_cat&post=6141"},{"taxonomy":"product_tag","embeddable":true,"href":"https:\/\/www.happysunday.eu\/index.php?rest_route=%2Fwp%2Fv2%2Fproduct_tag&post=6141"}],"curies":[{"name":"wp","href":"https:\/\/api.w.org\/{rel}","templated":true}]}}