{"id":6143,"date":"2024-10-17T13:59:29","date_gmt":"2024-10-17T13:59:29","guid":{"rendered":"https:\/\/www.happysunday.eu\/?post_type=product&#038;p=6143"},"modified":"2026-04-07T07:05:50","modified_gmt":"2026-04-07T07:05:50","slug":"ampulas-mitrinasanai-un-matu-atjaunosanai-10-x-10ml","status":"publish","type":"product","link":"https:\/\/www.happysunday.eu\/?product=ampulas-mitrinasanai-un-matu-atjaunosanai-10-x-10ml","title":{"rendered":"AMPULAS MITRIN\u0100\u0160ANAI UN MATU ATJAUNO\u0160ANAI 10 X 10ML"},"content":{"rendered":"<p>KLERAL SYSTEM OLIO DI MACADAMIA HIDR\u0112\u0160ANAS AMPULAS HIDR\u0100\u0160ANAI UN MATU ATJAUNO\u0160ANAI<br \/>\nLai j\u016bsu mati izskat\u012btos \u0161iki, mitrino\u0161as un atjaunojo\u0161as ampulas var par\u016bp\u0113ties par dz\u012bvino\u0161\u0101m proced\u016br\u0101m. Katras ampulas v\u0113rt\u012bgais saturs ir bag\u0101ts ar dab\u012bg\u0101m sast\u0101vda\u013c\u0101m, kuru pamat\u0101 ir makad\u0101mijas e\u013c\u013ca. Piem\u0113rots sausiem, boj\u0101tiem un kr\u0101sotiem matiem.<\/p>\n<p>Efekts ir paman\u0101ms jau p\u0113c pirm\u0101s lieto\u0161anas reizes: mati k\u013c\u016bst gludi un m\u012bksti, ieg\u016bst vesel\u012bgu sp\u012bdumu un elast\u012bbu, ir viegli \u0137emm\u0113jami un veidojami.<\/p>\n<p>Kleral System Olio Di Macadamia mitrino\u0161o ampulu \u012bpa\u0161\u012bbas:<br \/>\n&#8211; paredz\u0113ts sausiem, boj\u0101tiem un kr\u0101sotiem matiem<br \/>\n\u2014 satur dz\u012bvino\u0161u makad\u0101mijas e\u013c\u013cu<br \/>\n&#8211; nodro\u0161ina dzi\u013cu \u0161\u0137ipsnu mitrin\u0101\u0161anu<br \/>\n&#8211; piem\u012bt intens\u012bva barojo\u0161a iedarb\u012bba<br \/>\n&#8211; atjaunot boj\u0101to matu strukt\u016bru<br \/>\n&#8211; piem\u012bt stiprino\u0161as, toniz\u0113jo\u0161as un antioksidanta \u012bpa\u0161\u012bbas<br \/>\n&#8211; nov\u0113r\u0161 matu galu \u0161\u0137el\u0161anos, trauslumu un sausu galu veido\u0161anos<br \/>\n&#8211; pie\u0161\u0137ir matiem gludumu un vesel\u012bgu sp\u012bdumu, padarot tos viegl\u0101k vad\u0101mus<\/p>\n<p>Lieto\u0161anas nor\u0101d\u012bjumi: Uzkl\u0101jiet ampulas saturu un uzman\u012bgi sadaliet pa sausu vai<br \/>\nslapji mati. Neizskalojiet.<\/p>\n<p>RA\u017dOTS IT\u0100LIJ\u0100<\/p>\n<p>&nbsp;<\/p>\n","protected":false},"excerpt":{"rendered":"<p>KLERAL SYSTEM OLIO DI MACADAMIA HIDR\u0112\u0160ANAS AMPULAS HIDR\u0100\u0160ANAI UN MATU ATJAUNO\u0160ANAI Lai j\u016bsu mati izskat\u012btos \u0161iki, mitrino\u0161as un atjaunojo\u0161as ampulas var par\u016bp\u0113ties par dz\u012bvino\u0161\u0101m proced\u016br\u0101m. Katras ampulas v\u0113rt\u012bgais saturs ir bag\u0101ts ar dab\u012bg\u0101m sast\u0101vda\u013c\u0101m, kuru pamat\u0101 ir makad\u0101mijas e\u013c\u013ca. Piem\u0113rots sausiem, boj\u0101tiem un kr\u0101sotiem matiem. Efekts ir paman\u0101ms jau p\u0113c pirm\u0101s lieto\u0161anas reizes: mati k\u013c\u016bst gludi un m\u012bksti, ieg\u016bst vesel\u012bgu sp\u012bdumu un elast\u012bbu, ir viegli \u0137emm\u0113jami un veidojami. Kleral System Olio Di Macadamia mitrino\u0161o ampulu \u012bpa\u0161\u012bbas: &#8211; paredz\u0113ts sausiem, boj\u0101tiem un kr\u0101sotiem matiem \u2014 satur dz\u012bvino\u0161u makad\u0101mijas e\u013c\u013cu &#8211; nodro\u0161ina&hellip;<\/p>\n","protected":false},"featured_media":6144,"template":"","meta":[],"product_brand":[],"product_cat":[71,33,69,58],"product_tag":[],"class_list":{"0":"post-6143","1":"product","2":"type-product","3":"status-publish","4":"has-post-thumbnail","6":"product_cat-davanas","7":"product_cat-uncategorized","8":"product_cat-matu-kopsana-2","9":"product_cat-super-sale","11":"first","12":"instock","13":"shipping-taxable","14":"purchasable","15":"product-type-simple"},"_links":{"self":[{"href":"https:\/\/www.happysunday.eu\/index.php?rest_route=\/wp\/v2\/product\/6143","targetHints":{"allow":["GET"]}}],"collection":[{"href":"https:\/\/www.happysunday.eu\/index.php?rest_route=\/wp\/v2\/product"}],"about":[{"href":"https:\/\/www.happysunday.eu\/index.php?rest_route=\/wp\/v2\/types\/product"}],"wp:featuredmedia":[{"embeddable":true,"href":"https:\/\/www.happysunday.eu\/index.php?rest_route=\/wp\/v2\/media\/6144"}],"wp:attachment":[{"href":"https:\/\/www.happysunday.eu\/index.php?rest_route=%2Fwp%2Fv2%2Fmedia&parent=6143"}],"wp:term":[{"taxonomy":"product_brand","embeddable":true,"href":"https:\/\/www.happysunday.eu\/index.php?rest_route=%2Fwp%2Fv2%2Fproduct_brand&post=6143"},{"taxonomy":"product_cat","embeddable":true,"href":"https:\/\/www.happysunday.eu\/index.php?rest_route=%2Fwp%2Fv2%2Fproduct_cat&post=6143"},{"taxonomy":"product_tag","embeddable":true,"href":"https:\/\/www.happysunday.eu\/index.php?rest_route=%2Fwp%2Fv2%2Fproduct_tag&post=6143"}],"curies":[{"name":"wp","href":"https:\/\/api.w.org\/{rel}","templated":true}]}}