{"id":6179,"date":"2024-10-28T08:04:45","date_gmt":"2024-10-28T08:04:45","guid":{"rendered":"https:\/\/www.happysunday.eu\/?post_type=product&#038;p=6179"},"modified":"2026-04-07T07:06:34","modified_gmt":"2026-04-07T07:06:34","slug":"perfekts-matu-sausais-sampuns-200ml","status":"publish","type":"product","link":"https:\/\/www.happysunday.eu\/?product=perfekts-matu-sausais-sampuns-200ml","title":{"rendered":"PERFEKTS MATU SAUSAIS \u0160AMP\u016aNS 200ml"},"content":{"rendered":"<div id=\"product-title\">\n<p>THAT SO PERFECT DRY SHAMPOO PERFEKTS MATU SAUSAIS \u0160AMP\u016aNS<\/p>\n<p>Perfect Hair Dry Shampoo ir sausais \u0161amp\u016bns, kas acumirkl\u012b att\u012bra matus bez \u016bdens nepiecie\u0161am\u012bbas, padarot tos tikpat uzmundrino\u0161us un sp\u012bd\u012bgus k\u0101 tikko izmazg\u0101tus.<br \/>\nThat\u2019so sausais \u0161amp\u016bns ir bag\u0101tin\u0101ts ar za\u013co t\u0113ju ar atsvaidzino\u0161u iedarb\u012bbu, z\u012bda prote\u012bnu ar barojo\u0161u iedarb\u012bbu un r\u012bsu cieti ar apjomu palielino\u0161u efektu. Lieliski piem\u0113rots liek\u0101 sebuma un sviedru no\u0146em\u0161anai.<br \/>\nPateicoties v\u0113rt\u012bgaj\u0101m akt\u012bvaj\u0101m sast\u0101vda\u013c\u0101m, \u0161is sausais \u0161amp\u016bns ir ide\u0101ls risin\u0101jums matu atsvaidzin\u0101\u0161anai starp mazg\u0101\u0161anas reiz\u0113m, tos neuzbr\u016bkot, un atg\u016bt v\u0113lamo apjomu matiem, kas izskat\u0101s bl\u0101vi un mat\u0113ti.<br \/>\nThat\u2019so sausais \u0161amp\u016bns ir praktisks, daudzpus\u012bgs un efekt\u012bvs perfektiem matiem pat p\u0113d\u0113j\u0101 br\u012bd\u012b!<\/p>\n<\/div>\n<p>AKT\u012aV\u0100S SAST\u0100VDA\u013bAS<br \/>\nR\u012aSU CIETES<br \/>\nAr sp\u0113c\u012bg\u0101m absorb\u0113jo\u0161\u0101m \u012bpa\u0161\u012bb\u0101m pret sebumu. Tas da\u017eu min\u016b\u0161u laik\u0101 \u013cauj matiem atjaunot neparastu vieglumu, it k\u0101 mati b\u016btu tikko izmazg\u0101ti. T\u0101 ir kosm\u0113tikas sast\u0101vda\u013ca, kas pla\u0161i paz\u012bstama ar t\u0101s maigumu, \u0101du nomierino\u0161aj\u0101m un barojo\u0161aj\u0101m \u012bpa\u0161\u012bb\u0101m.<br \/>\nZA\u013b\u0100S T\u0112JAS EKSTRAKTS<br \/>\nTo ieg\u016bst no Camelia Sinensis, m\u016b\u017eza\u013ca auga, kas n\u0101k no Dienvidaustrum\u0101zijas, lap\u0101m. Ekstrakts sast\u0101v galvenok\u0101rt no polifenoliem, kas ir atbild\u012bgi par fitokompleksa sp\u0113c\u012bgo antioksidantu \u012bpa\u0161\u012bbu, kas izpau\u017eas k\u0101 aizsarg\u0101jo\u0161a un pret br\u012bvo radik\u0101\u013cu iedarb\u012bba. Pateicoties tan\u012bnu kl\u0101tb\u016btnei, Camellia Sinesis ekstraktam piem\u012bt ar\u012b \u0101du att\u012bro\u0161as un savelko\u0161as \u012bpa\u0161\u012bbas, kas ir noder\u012bgas sebuma regul\u0113jo\u0161ai iedarb\u012bbai uz galvas \u0101du.<\/p>\n<p>Z\u012aDA PROTE\u012aNI<br \/>\nMatu l\u012bdzeklis tiek nov\u0113rt\u0113ts t\u0101 mitrino\u0161o, aizsarg\u0101jo\u0161o un izl\u012bdzino\u0161o \u012bpa\u0161\u012bbu d\u0113\u013c. Tie pie\u0161\u0137ir matiem m\u012bkstumu un sp\u012bdumu un veic mitrino\u0161u un m\u012bkstino\u0161u darb\u012bbu.<br \/>\nMati izskat\u0101s z\u012bdaini un iztur\u012bg\u0101ki.<\/p>\n<p>IZMANTO\u0160ANA<br \/>\nSakratiet un izmantojiet sausos matus. Izsmidziniet uz sakn\u0113m apm\u0113ram 15-20chm att\u0101lum\u0101. Lave vi\u0146\u0161 1-2 min\u016btes un suku, \u0137emme k\u0101 parasti.<\/p>\n<p>SAST\u0100VDA\u013bAS<br \/>\nBUT\u0100NS, IZOBUT\u0100NS, PROP\u0100NS, ORYZA SATIVA (R\u012aSI) CIETE, ALKOHOLA DEN\u0100TS, CIKLOPENTASILOKS\u0100NS, SORBIT\u0100NA LAUR\u0100TS, PARFUMS (ARROM\u0100TS), HEKSILKAIN\u0100LS, LINALOOL, CETRIMONIJA HLOR\u012aDS, BLULENICOLCOLLYPY LATE , ALFA- IZOMETILIONONS, LIMONENS, KAMELLIJAS SINENIS LAPU EKSTRAKTS, HIDROLIZ\u0112TS Z\u012aDS.<\/p>\n","protected":false},"excerpt":{"rendered":"<p>THAT SO PERFECT DRY SHAMPOO PERFEKTS MATU SAUSAIS \u0160AMP\u016aNS Perfect Hair Dry Shampoo ir sausais \u0161amp\u016bns, kas acumirkl\u012b att\u012bra matus bez \u016bdens nepiecie\u0161am\u012bbas, padarot tos tikpat uzmundrino\u0161us un sp\u012bd\u012bgus k\u0101 tikko izmazg\u0101tus. That\u2019so sausais \u0161amp\u016bns ir bag\u0101tin\u0101ts ar za\u013co t\u0113ju ar atsvaidzino\u0161u iedarb\u012bbu, z\u012bda prote\u012bnu ar barojo\u0161u iedarb\u012bbu un r\u012bsu cieti ar apjomu palielino\u0161u efektu. Lieliski piem\u0113rots liek\u0101 sebuma un sviedru no\u0146em\u0161anai. Pateicoties v\u0113rt\u012bgaj\u0101m akt\u012bvaj\u0101m sast\u0101vda\u013c\u0101m, \u0161is sausais \u0161amp\u016bns ir ide\u0101ls risin\u0101jums matu atsvaidzin\u0101\u0161anai starp mazg\u0101\u0161anas reiz\u0113m, tos neuzbr\u016bkot, un atg\u016bt v\u0113lamo apjomu matiem, kas izskat\u0101s bl\u0101vi un mat\u0113ti. That\u2019so&hellip;<\/p>\n","protected":false},"featured_media":6180,"template":"","meta":[],"product_brand":[],"product_cat":[33,69,83],"product_tag":[],"class_list":{"0":"post-6179","1":"product","2":"type-product","3":"status-publish","4":"has-post-thumbnail","6":"product_cat-uncategorized","7":"product_cat-matu-kopsana-2","8":"product_cat-that-so","10":"first","11":"instock","12":"shipping-taxable","13":"purchasable","14":"product-type-simple"},"_links":{"self":[{"href":"https:\/\/www.happysunday.eu\/index.php?rest_route=\/wp\/v2\/product\/6179","targetHints":{"allow":["GET"]}}],"collection":[{"href":"https:\/\/www.happysunday.eu\/index.php?rest_route=\/wp\/v2\/product"}],"about":[{"href":"https:\/\/www.happysunday.eu\/index.php?rest_route=\/wp\/v2\/types\/product"}],"wp:featuredmedia":[{"embeddable":true,"href":"https:\/\/www.happysunday.eu\/index.php?rest_route=\/wp\/v2\/media\/6180"}],"wp:attachment":[{"href":"https:\/\/www.happysunday.eu\/index.php?rest_route=%2Fwp%2Fv2%2Fmedia&parent=6179"}],"wp:term":[{"taxonomy":"product_brand","embeddable":true,"href":"https:\/\/www.happysunday.eu\/index.php?rest_route=%2Fwp%2Fv2%2Fproduct_brand&post=6179"},{"taxonomy":"product_cat","embeddable":true,"href":"https:\/\/www.happysunday.eu\/index.php?rest_route=%2Fwp%2Fv2%2Fproduct_cat&post=6179"},{"taxonomy":"product_tag","embeddable":true,"href":"https:\/\/www.happysunday.eu\/index.php?rest_route=%2Fwp%2Fv2%2Fproduct_tag&post=6179"}],"curies":[{"name":"wp","href":"https:\/\/api.w.org\/{rel}","templated":true}]}}