{"id":621,"date":"2021-01-15T14:59:46","date_gmt":"2021-01-15T14:59:46","guid":{"rendered":"https:\/\/www.happysunday.eu\/?post_type=product&#038;p=621"},"modified":"2026-04-07T06:53:35","modified_gmt":"2026-04-07T06:53:35","slug":"black-caviar-serum-120ml","status":"publish","type":"product","link":"https:\/\/www.happysunday.eu\/?product=black-caviar-serum-120ml","title":{"rendered":"BLACK CAVIAR SERUMS 120ml"},"content":{"rendered":"<p>Re\u0123ener\u0113jo\u0161s s\u0113rums matu gali\u0146iem profesion\u0101lai lieto\u0161anai ar provitam\u012bnu B5, A un E vitam\u012bniem un Omega 6 un 9.\u00a0 \u00a0Pasarg\u0101 matus no \u0101r\u0113jiem kait\u012bgiem faktoriem: piesar\u0146ots gaiss, saules stari, hlor\u0113rs \u016bdens, \u0137imiskie kop\u0161anas l\u012bdzek\u013ci.\u00a0 Ar burv\u012bgu arom\u0101tu.<\/p>\n<p>&#8211; A vitam\u012bns stiprina matus no sakn\u0113m l\u012bdz galiem, aptur matu l\u016b\u0161anu un matu \u0161\u0137el\u0161anos un pal\u012bdz tiem augt.<br \/>\n&#8211; E vitam\u012bns uztur matus mitrin\u0101tu, aizsarg\u0101 tos no saules iedarb\u012bbas un sausuma un pied\u0101v\u0101 sp\u012bdumu.<\/p>\n<p>Formula bez parab\u0113niem un silikona.<\/p>\n<p>Ide\u0101li piem\u0113rots ikdienas lieto\u0161anai un visiem matu tipiem.<\/p>\n<p>Padoms: Izmantojiet \u0161amp\u016bnu ar masku dzi\u013cai mitrin\u0101\u0161anai un ilgsto\u0161iem arom\u0101tiskiem matiem!<\/p>\n","protected":false},"excerpt":{"rendered":"<p>Re\u0123ener\u0113jo\u0161s s\u0113rums matu gali\u0146iem profesion\u0101lai lieto\u0161anai ar provitam\u012bnu B5, A un E vitam\u012bniem un Omega 6 un 9.\u00a0 \u00a0Pasarg\u0101 matus no \u0101r\u0113jiem kait\u012bgiem faktoriem: piesar\u0146ots gaiss, saules stari, hlor\u0113rs \u016bdens, \u0137imiskie kop\u0161anas l\u012bdzek\u013ci.\u00a0 Ar burv\u012bgu arom\u0101tu. &#8211; A vitam\u012bns stiprina matus no sakn\u0113m l\u012bdz galiem, aptur matu l\u016b\u0161anu un matu \u0161\u0137el\u0161anos un pal\u012bdz tiem augt. &#8211; E vitam\u012bns uztur matus mitrin\u0101tu, aizsarg\u0101 tos no saules iedarb\u012bbas un sausuma un pied\u0101v\u0101 sp\u012bdumu. Formula bez parab\u0113niem un silikona. Ide\u0101li piem\u0113rots ikdienas lieto\u0161anai un visiem matu tipiem. Padoms: Izmantojiet \u0161amp\u016bnu ar masku dzi\u013cai&hellip;<\/p>\n","protected":false},"featured_media":622,"template":"","meta":[],"product_brand":[],"product_cat":[69],"product_tag":[],"class_list":{"0":"post-621","1":"product","2":"type-product","3":"status-publish","4":"has-post-thumbnail","6":"product_cat-matu-kopsana-2","8":"first","9":"instock","10":"shipping-taxable","11":"purchasable","12":"product-type-simple"},"_links":{"self":[{"href":"https:\/\/www.happysunday.eu\/index.php?rest_route=\/wp\/v2\/product\/621","targetHints":{"allow":["GET"]}}],"collection":[{"href":"https:\/\/www.happysunday.eu\/index.php?rest_route=\/wp\/v2\/product"}],"about":[{"href":"https:\/\/www.happysunday.eu\/index.php?rest_route=\/wp\/v2\/types\/product"}],"wp:featuredmedia":[{"embeddable":true,"href":"https:\/\/www.happysunday.eu\/index.php?rest_route=\/wp\/v2\/media\/622"}],"wp:attachment":[{"href":"https:\/\/www.happysunday.eu\/index.php?rest_route=%2Fwp%2Fv2%2Fmedia&parent=621"}],"wp:term":[{"taxonomy":"product_brand","embeddable":true,"href":"https:\/\/www.happysunday.eu\/index.php?rest_route=%2Fwp%2Fv2%2Fproduct_brand&post=621"},{"taxonomy":"product_cat","embeddable":true,"href":"https:\/\/www.happysunday.eu\/index.php?rest_route=%2Fwp%2Fv2%2Fproduct_cat&post=621"},{"taxonomy":"product_tag","embeddable":true,"href":"https:\/\/www.happysunday.eu\/index.php?rest_route=%2Fwp%2Fv2%2Fproduct_tag&post=621"}],"curies":[{"name":"wp","href":"https:\/\/api.w.org\/{rel}","templated":true}]}}