{"id":623,"date":"2021-01-15T15:02:41","date_gmt":"2021-01-15T15:02:41","guid":{"rendered":"https:\/\/www.happysunday.eu\/?post_type=product&#038;p=623"},"modified":"2026-04-07T06:53:35","modified_gmt":"2026-04-07T06:53:35","slug":"silver-shampoo-1l","status":"publish","type":"product","link":"https:\/\/www.happysunday.eu\/?product=silver-shampoo-1l","title":{"rendered":"Silver Shampoo 1L"},"content":{"rendered":"<p>\u0160amp\u016bns profesion\u0101lai lieto\u0161anai,\u00a0 kas no\u0146em nev\u0113lamo dzelteno matu toni, kas radies matu balin\u0101\u0161anas, \u0161\u0137ipsnu balin\u0101\u0161anas vai saules kait\u012bg\u0101s ietekmes rezult\u0101t\u0101.<\/p>\n<p>Formula bez parab\u0113niem un silikona.<\/p>\n<p>Ide\u0101li piem\u0113rots balin\u0101tiem blondiem matiem.<\/p>\n<p>Padoms: Izmantojiet \u0161amp\u016bnu ar masku dzi\u013cai mitrin\u0101\u0161anai un ilgsto\u0161iem arom\u0101tiskiem matiem!<\/p>\n","protected":false},"excerpt":{"rendered":"<p>\u0160amp\u016bns profesion\u0101lai lieto\u0161anai,\u00a0 kas no\u0146em nev\u0113lamo dzelteno matu toni, kas radies matu balin\u0101\u0161anas, \u0161\u0137ipsnu balin\u0101\u0161anas vai saules kait\u012bg\u0101s ietekmes rezult\u0101t\u0101. Formula bez parab\u0113niem un silikona. Ide\u0101li piem\u0113rots balin\u0101tiem blondiem matiem. Padoms: Izmantojiet \u0161amp\u016bnu ar masku dzi\u013cai mitrin\u0101\u0161anai un ilgsto\u0161iem arom\u0101tiskiem matiem!<\/p>\n","protected":false},"featured_media":625,"template":"","meta":[],"product_brand":[],"product_cat":[69],"product_tag":[],"class_list":{"0":"post-623","1":"product","2":"type-product","3":"status-publish","4":"has-post-thumbnail","6":"product_cat-matu-kopsana-2","8":"first","9":"instock","10":"shipping-taxable","11":"purchasable","12":"product-type-simple"},"_links":{"self":[{"href":"https:\/\/www.happysunday.eu\/index.php?rest_route=\/wp\/v2\/product\/623","targetHints":{"allow":["GET"]}}],"collection":[{"href":"https:\/\/www.happysunday.eu\/index.php?rest_route=\/wp\/v2\/product"}],"about":[{"href":"https:\/\/www.happysunday.eu\/index.php?rest_route=\/wp\/v2\/types\/product"}],"wp:featuredmedia":[{"embeddable":true,"href":"https:\/\/www.happysunday.eu\/index.php?rest_route=\/wp\/v2\/media\/625"}],"wp:attachment":[{"href":"https:\/\/www.happysunday.eu\/index.php?rest_route=%2Fwp%2Fv2%2Fmedia&parent=623"}],"wp:term":[{"taxonomy":"product_brand","embeddable":true,"href":"https:\/\/www.happysunday.eu\/index.php?rest_route=%2Fwp%2Fv2%2Fproduct_brand&post=623"},{"taxonomy":"product_cat","embeddable":true,"href":"https:\/\/www.happysunday.eu\/index.php?rest_route=%2Fwp%2Fv2%2Fproduct_cat&post=623"},{"taxonomy":"product_tag","embeddable":true,"href":"https:\/\/www.happysunday.eu\/index.php?rest_route=%2Fwp%2Fv2%2Fproduct_tag&post=623"}],"curies":[{"name":"wp","href":"https:\/\/api.w.org\/{rel}","templated":true}]}}