{"id":632,"date":"2021-01-15T15:16:32","date_gmt":"2021-01-15T15:16:32","guid":{"rendered":"https:\/\/www.happysunday.eu\/?post_type=product&#038;p=632"},"modified":"2026-05-05T07:37:59","modified_gmt":"2026-05-05T07:37:59","slug":"after-keratin-shampoo-500ml","status":"publish","type":"product","link":"https:\/\/www.happysunday.eu\/?product=after-keratin-shampoo-500ml","title":{"rendered":"AFTER KERATIN\/BOTOX \u0160AMP\u016aNS 500ml"},"content":{"rendered":"<p>Matu \u0161amp\u016bns profesion\u0101lai lieto\u0161anai. \u0160amp\u016bns bez sulf\u0101tiem ar kolag\u0113nu. Ide\u0101li p\u0113c kerat\u012bna taisno\u0161an\u0101s un botoksa proced\u016bras. Pasarg\u0101 matus no \u0101r\u0113jiem kait\u012bgiem faktoriem: piesar\u0146ots gaiss, saules stari, hlor\u0113rs \u016bdens, \u0137imiskie kop\u0161anas l\u012bdzek\u013ci.\u00a0 Ar burv\u012bgu arom\u0101tu.<\/p>\n<p>Formula bez parab\u0113niem un silikona.<\/p>\n<p>Ide\u0101li piem\u0113rots visiem matu tipiem.<\/p>\n<p>Padoms: Izmantojiet \u0161amp\u016bnu ar masku dzi\u013cai mitrin\u0101\u0161anai un ilgsto\u0161iem arom\u0101tiskiem matiem!<\/p>\n","protected":false},"excerpt":{"rendered":"<p>Matu \u0161amp\u016bns profesion\u0101lai lieto\u0161anai. \u0160amp\u016bns bez sulf\u0101tiem ar kolag\u0113nu. Ide\u0101li p\u0113c kerat\u012bna taisno\u0161an\u0101s un botoksa proced\u016bras. Pasarg\u0101 matus no \u0101r\u0113jiem kait\u012bgiem faktoriem: piesar\u0146ots gaiss, saules stari, hlor\u0113rs \u016bdens, \u0137imiskie kop\u0161anas l\u012bdzek\u013ci.\u00a0 Ar burv\u012bgu arom\u0101tu. Formula bez parab\u0113niem un silikona. Ide\u0101li piem\u0113rots visiem matu tipiem. Padoms: Izmantojiet \u0161amp\u016bnu ar masku dzi\u013cai mitrin\u0101\u0161anai un ilgsto\u0161iem arom\u0101tiskiem matiem!<\/p>\n","protected":false},"featured_media":633,"template":"","meta":[],"product_brand":[],"product_cat":[69,58],"product_tag":[],"class_list":{"0":"post-632","1":"product","2":"type-product","3":"status-publish","4":"has-post-thumbnail","6":"product_cat-matu-kopsana-2","7":"product_cat-super-sale","9":"first","10":"instock","11":"shipping-taxable","12":"purchasable","13":"product-type-simple"},"_links":{"self":[{"href":"https:\/\/www.happysunday.eu\/index.php?rest_route=\/wp\/v2\/product\/632","targetHints":{"allow":["GET"]}}],"collection":[{"href":"https:\/\/www.happysunday.eu\/index.php?rest_route=\/wp\/v2\/product"}],"about":[{"href":"https:\/\/www.happysunday.eu\/index.php?rest_route=\/wp\/v2\/types\/product"}],"wp:featuredmedia":[{"embeddable":true,"href":"https:\/\/www.happysunday.eu\/index.php?rest_route=\/wp\/v2\/media\/633"}],"wp:attachment":[{"href":"https:\/\/www.happysunday.eu\/index.php?rest_route=%2Fwp%2Fv2%2Fmedia&parent=632"}],"wp:term":[{"taxonomy":"product_brand","embeddable":true,"href":"https:\/\/www.happysunday.eu\/index.php?rest_route=%2Fwp%2Fv2%2Fproduct_brand&post=632"},{"taxonomy":"product_cat","embeddable":true,"href":"https:\/\/www.happysunday.eu\/index.php?rest_route=%2Fwp%2Fv2%2Fproduct_cat&post=632"},{"taxonomy":"product_tag","embeddable":true,"href":"https:\/\/www.happysunday.eu\/index.php?rest_route=%2Fwp%2Fv2%2Fproduct_tag&post=632"}],"curies":[{"name":"wp","href":"https:\/\/api.w.org\/{rel}","templated":true}]}}