{"id":6374,"date":"2026-05-04T07:34:27","date_gmt":"2026-05-04T07:34:27","guid":{"rendered":"https:\/\/www.happysunday.eu\/?post_type=product&#038;p=6374"},"modified":"2026-05-05T07:26:37","modified_gmt":"2026-05-05T07:26:37","slug":"spicy-sun-hot-rum-tanning-lotion-221ml","status":"publish","type":"product","link":"https:\/\/www.happysunday.eu\/?product=spicy-sun-hot-rum-tanning-lotion-221ml","title":{"rendered":"SPICY SUN HOT RUM TANNING LOTION 221ml"},"content":{"rendered":"<div id=\"product-title\">\n<h3 class=\"font_2\">SPICY SUN HOT RUM TANNING LOTION 221ml AR HOT TINGLE EFEKTU<\/h3>\n<p>Dom\u0101ts visiem \u0101du tiem , kas grib ieg\u016bt memont\u0101lu <strong>super br\u016bno<\/strong> iedegumu. Nodro\u0161ina \u0101tru efektu, dzi\u013cam un \u013coti tum\u0161am iedegumam, pateicoties Advanced Tanning &amp; Redlight Technology.<br \/>\n&#8220;Medus bi\u0161u karalienes&#8221; Karalisk\u0101 medus un kokosriekstu sviesta inf\u016bzija mitrina \u0101du, lai ieg\u016btu vislab\u0101ko iedegumu.<br \/>\nSp\u0113c\u012bgs kolag\u0113na, pept\u012bda un hialuronsk\u0101bes trio ir slepenais &#8220;m\u016b\u017e\u012bg\u0101s jaun\u012bbas&#8221; serums<br \/>\nBag\u0101t\u012bgs burk\u0101nu e\u013c\u013cas daudzums pal\u012bdz j\u016bsu iedegumam sasniegt piln\u012bgi jaunus l\u012bme\u0146us<br \/>\nTriple Coconut Complex ir t\u012bra sv\u0113tlaime jums un j\u016bsu \u0101dai<br \/>\nTattoo Enhancing Tech aizsarg\u0101 j\u016bsu tetov\u0113jumus. Clean Beauty: Vegan, Gluten-free, Paraben-free, Cruelty-free, Phthalate-free<\/p>\n<p>Satur tropisko aug\u013cu ekstraktus. Intens\u012bvi mitrin\u0101, re\u0123ener\u0113 un b\u0101ro \u0101du un padara z\u012bdainu.<\/p>\n<\/div>\n","protected":false},"excerpt":{"rendered":"<p>SPICY SUN HOT RUM TANNING LOTION 221ml AR HOT TINGLE EFEKTU Dom\u0101ts visiem \u0101du tiem , kas grib ieg\u016bt memont\u0101lu super br\u016bno iedegumu. Nodro\u0161ina \u0101tru efektu, dzi\u013cam un \u013coti tum\u0161am iedegumam, pateicoties Advanced Tanning &amp; Redlight Technology. &#8220;Medus bi\u0161u karalienes&#8221; Karalisk\u0101 medus un kokosriekstu sviesta inf\u016bzija mitrina \u0101du, lai ieg\u016btu vislab\u0101ko iedegumu. Sp\u0113c\u012bgs kolag\u0113na, pept\u012bda un hialuronsk\u0101bes trio ir slepenais &#8220;m\u016b\u017e\u012bg\u0101s jaun\u012bbas&#8221; serums Bag\u0101t\u012bgs burk\u0101nu e\u013c\u013cas daudzums pal\u012bdz j\u016bsu iedegumam sasniegt piln\u012bgi jaunus l\u012bme\u0146us Triple Coconut Complex ir t\u012bra sv\u0113tlaime jums un j\u016bsu \u0101dai Tattoo Enhancing Tech aizsarg\u0101 j\u016bsu tetov\u0113jumus.&hellip;<\/p>\n","protected":false},"featured_media":6375,"template":"","meta":[],"product_brand":[],"product_cat":[34],"product_tag":[],"class_list":{"0":"post-6374","1":"product","2":"type-product","3":"status-publish","4":"has-post-thumbnail","6":"product_cat-kosmetika","8":"first","9":"outofstock","10":"shipping-taxable","11":"purchasable","12":"product-type-simple"},"_links":{"self":[{"href":"https:\/\/www.happysunday.eu\/index.php?rest_route=\/wp\/v2\/product\/6374","targetHints":{"allow":["GET"]}}],"collection":[{"href":"https:\/\/www.happysunday.eu\/index.php?rest_route=\/wp\/v2\/product"}],"about":[{"href":"https:\/\/www.happysunday.eu\/index.php?rest_route=\/wp\/v2\/types\/product"}],"wp:featuredmedia":[{"embeddable":true,"href":"https:\/\/www.happysunday.eu\/index.php?rest_route=\/wp\/v2\/media\/6375"}],"wp:attachment":[{"href":"https:\/\/www.happysunday.eu\/index.php?rest_route=%2Fwp%2Fv2%2Fmedia&parent=6374"}],"wp:term":[{"taxonomy":"product_brand","embeddable":true,"href":"https:\/\/www.happysunday.eu\/index.php?rest_route=%2Fwp%2Fv2%2Fproduct_brand&post=6374"},{"taxonomy":"product_cat","embeddable":true,"href":"https:\/\/www.happysunday.eu\/index.php?rest_route=%2Fwp%2Fv2%2Fproduct_cat&post=6374"},{"taxonomy":"product_tag","embeddable":true,"href":"https:\/\/www.happysunday.eu\/index.php?rest_route=%2Fwp%2Fv2%2Fproduct_tag&post=6374"}],"curies":[{"name":"wp","href":"https:\/\/api.w.org\/{rel}","templated":true}]}}