{"id":6803,"date":"2025-01-09T13:26:37","date_gmt":"2025-01-09T13:26:37","guid":{"rendered":"https:\/\/www.happysunday.eu\/?post_type=product&#038;p=6803"},"modified":"2026-04-07T07:06:32","modified_gmt":"2026-04-07T07:06:32","slug":"aloha-beaches-300x-400ml","status":"publish","type":"product","link":"https:\/\/www.happysunday.eu\/?product=aloha-beaches-300x-400ml","title":{"rendered":"ALOHA BEACHES 300X 400ml"},"content":{"rendered":"<div id=\"product-title\">\n<p class=\"p1\"><strong><span class=\"s1\">ALOHA BEACHES 300X 400ml<\/span><\/strong><\/p>\n<p class=\"p1\"><span class=\"s1\">Pirms-sau\u013co\u0161an\u0101s kr\u0113ms sol\u0101rijam ar 300X Blue Hawaii Anti-Orange Magic Bronzer<\/span><\/p>\n<p class=\"p1\"><span class=\"s2\">Ieg\u016bsti neaizmirstamu, tropisku iedegumu ar <\/span><span class=\"s1\">ALOHA BEACHES 300X<\/span><span class=\"s2\"> bronzeri! T\u0101 unik\u0101l\u0101 <\/span><span class=\"s1\">300X Blue Hawaii Anti-Orange Magic Bronzer<\/span><span class=\"s2\"> formula pal\u012bdz izvair\u012bties no nev\u0113lam\u0101m oran\u017e\u0101m nokr\u0101s\u0101m, pie\u0161\u0137irot \u0101dai ide\u0101lu, silti br\u016bnu Havaju stila toni.<\/span><\/p>\n<p class=\"p1\"><span class=\"s2\">Piem\u0113rots <\/span><span class=\"s1\">tum\u0161as \u0101das \u012bpa\u0161niekiem<\/span><span class=\"s2\">, kuri v\u0113las sasniegt izteikti intens\u012bvu, bag\u0101t\u012bgu iedegumu.<\/span><\/p>\n<p class=\"p1\"><span class=\"s1\">Pept\u012bdu \u0101das nostiprino\u0161ais komplekss<\/span><span class=\"s2\"> pal\u012bdz toniz\u0113t \u0101du, samazina smalk\u0101s l\u012bnijas un grumbi\u0146as, vienlaikus pie\u0161\u0137irot vesel\u012bgu salas mirdzumu.<\/span><\/p>\n<p class=\"p1\"><strong><span class=\"s1\">Papildu priek\u0161roc\u012bbas:<\/span><\/strong><\/p>\n<ul>\n<li>\n<p class=\"p1\"><span class=\"s1\">Mitrina, baro un re\u0123ener\u0113 \u0101du, padarot to z\u012bdaini maigu<\/span><\/p>\n<\/li>\n<li>\n<p class=\"p1\"><span class=\"s1\">Bag\u0101tin\u0101ts ar tropisko aug\u013cu ekstraktiem<\/span><\/p>\n<\/li>\n<li>\n<p class=\"p1\"><span class=\"s1\">Smar\u017ea: <\/span><span class=\"s2\">Persiki un m\u012blest\u012bba<\/span><\/p>\n<\/li>\n<li>\n<p class=\"p1\"><span class=\"s1\">Ra\u017eots ASV<\/span><\/p>\n<\/li>\n<li><\/li>\n<\/ul>\n<p class=\"p1\"><span class=\"s1\">Clean Beauty<\/span><span class=\"s2\">: Veg\u0101nisks, bez glut\u0113na, parab\u0113niem, ftal\u0101tiem un nav test\u0113ts uz dz\u012bvniekiem.<\/span><\/p>\n<\/div>\n","protected":false},"excerpt":{"rendered":"<p>ALOHA BEACHES 300X 400ml Pirms-sau\u013co\u0161an\u0101s kr\u0113ms sol\u0101rijam ar 300X Blue Hawaii Anti-Orange Magic Bronzer Ieg\u016bsti neaizmirstamu, tropisku iedegumu ar ALOHA BEACHES 300X bronzeri! T\u0101 unik\u0101l\u0101 300X Blue Hawaii Anti-Orange Magic Bronzer formula pal\u012bdz izvair\u012bties no nev\u0113lam\u0101m oran\u017e\u0101m nokr\u0101s\u0101m, pie\u0161\u0137irot \u0101dai ide\u0101lu, silti br\u016bnu Havaju stila toni. Piem\u0113rots tum\u0161as \u0101das \u012bpa\u0161niekiem, kuri v\u0113las sasniegt izteikti intens\u012bvu, bag\u0101t\u012bgu iedegumu. Pept\u012bdu \u0101das nostiprino\u0161ais komplekss pal\u012bdz toniz\u0113t \u0101du, samazina smalk\u0101s l\u012bnijas un grumbi\u0146as, vienlaikus pie\u0161\u0137irot vesel\u012bgu salas mirdzumu. Papildu priek\u0161roc\u012bbas: Mitrina, baro un re\u0123ener\u0113 \u0101du, padarot to z\u012bdaini maigu Bag\u0101tin\u0101ts ar tropisko aug\u013cu ekstraktiem&hellip;<\/p>\n","protected":false},"featured_media":6804,"template":"","meta":[],"product_brand":[],"product_cat":[34],"product_tag":[],"class_list":{"0":"post-6803","1":"product","2":"type-product","3":"status-publish","4":"has-post-thumbnail","6":"product_cat-kosmetika","8":"first","9":"instock","10":"shipping-taxable","11":"purchasable","12":"product-type-simple"},"_links":{"self":[{"href":"https:\/\/www.happysunday.eu\/index.php?rest_route=\/wp\/v2\/product\/6803","targetHints":{"allow":["GET"]}}],"collection":[{"href":"https:\/\/www.happysunday.eu\/index.php?rest_route=\/wp\/v2\/product"}],"about":[{"href":"https:\/\/www.happysunday.eu\/index.php?rest_route=\/wp\/v2\/types\/product"}],"wp:featuredmedia":[{"embeddable":true,"href":"https:\/\/www.happysunday.eu\/index.php?rest_route=\/wp\/v2\/media\/6804"}],"wp:attachment":[{"href":"https:\/\/www.happysunday.eu\/index.php?rest_route=%2Fwp%2Fv2%2Fmedia&parent=6803"}],"wp:term":[{"taxonomy":"product_brand","embeddable":true,"href":"https:\/\/www.happysunday.eu\/index.php?rest_route=%2Fwp%2Fv2%2Fproduct_brand&post=6803"},{"taxonomy":"product_cat","embeddable":true,"href":"https:\/\/www.happysunday.eu\/index.php?rest_route=%2Fwp%2Fv2%2Fproduct_cat&post=6803"},{"taxonomy":"product_tag","embeddable":true,"href":"https:\/\/www.happysunday.eu\/index.php?rest_route=%2Fwp%2Fv2%2Fproduct_tag&post=6803"}],"curies":[{"name":"wp","href":"https:\/\/api.w.org\/{rel}","templated":true}]}}