{"id":6816,"date":"2026-05-04T07:34:27","date_gmt":"2026-05-04T07:34:27","guid":{"rendered":"https:\/\/www.happysunday.eu\/?post_type=product&#038;p=6816"},"modified":"2026-05-05T07:26:37","modified_gmt":"2026-05-05T07:26:37","slug":"double-dark-chocolate-martini-400x-221ml","status":"publish","type":"product","link":"https:\/\/www.happysunday.eu\/?product=double-dark-chocolate-martini-400x-221ml","title":{"rendered":"DOUBLE DARK CHOCOLATE MARTINI 400x 221ml"},"content":{"rendered":"<div id=\"product-title\">\n<h3 class=\"font_2\">DOUBLE DARK CHOCOLATE MARTINI<strong>\u00a0400x<\/strong> Kr\u0113ms pirms sau\u013co\u0161an\u0101s sol\u0101rij\u0101 ar Ultra-Advanced <strong>400x DHA-Free <\/strong>bronzeriem Colortopia\u2122 Peptide Infusion formulu!<\/h3>\n<p>Dom\u0101ts tum\u0161as \u0101das \u012bpa\u0161niekiem, kas grib ieg\u016bt memont\u0101lu <strong>super br\u016bno<\/strong> iedegumu. Nodro\u0161ina \u0101tru efektu, dzi\u013cam un \u013coti tum\u0161am iedegumam, pateicoties Double Dark Black Chocolate 400X Bronzers &amp; Dark Caramel formulai, pan\u0101kot pies\u0101tin\u0101tu toni, un jaun\u0101s paaudzes att\u012bst\u012bt\u0101jam. Clean Beauty: Vegan, Gluten-free, Paraben-free, Cruelty-free, Phthalate-free<\/p>\n<p>Satur tropisko aug\u013cu ekstraktus. Intens\u012bvi mitrin\u0101, re\u0123ener\u0113 un b\u0101ro \u0101du un padara z\u012bdainu.<\/p>\n<\/div>\n","protected":false},"excerpt":{"rendered":"<p>DOUBLE DARK CHOCOLATE MARTINI\u00a0400x Kr\u0113ms pirms sau\u013co\u0161an\u0101s sol\u0101rij\u0101 ar Ultra-Advanced 400x DHA-Free bronzeriem Colortopia\u2122 Peptide Infusion formulu! Dom\u0101ts tum\u0161as \u0101das \u012bpa\u0161niekiem, kas grib ieg\u016bt memont\u0101lu super br\u016bno iedegumu. Nodro\u0161ina \u0101tru efektu, dzi\u013cam un \u013coti tum\u0161am iedegumam, pateicoties Double Dark Black Chocolate 400X Bronzers &amp; Dark Caramel formulai, pan\u0101kot pies\u0101tin\u0101tu toni, un jaun\u0101s paaudzes att\u012bst\u012bt\u0101jam. Clean Beauty: Vegan, Gluten-free, Paraben-free, Cruelty-free, Phthalate-free Satur tropisko aug\u013cu ekstraktus. Intens\u012bvi mitrin\u0101, re\u0123ener\u0113 un b\u0101ro \u0101du un padara z\u012bdainu.<\/p>\n","protected":false},"featured_media":6817,"template":"","meta":[],"product_brand":[],"product_cat":[34],"product_tag":[],"class_list":{"0":"post-6816","1":"product","2":"type-product","3":"status-publish","4":"has-post-thumbnail","6":"product_cat-kosmetika","8":"first","9":"outofstock","10":"shipping-taxable","11":"purchasable","12":"product-type-simple"},"_links":{"self":[{"href":"https:\/\/www.happysunday.eu\/index.php?rest_route=\/wp\/v2\/product\/6816","targetHints":{"allow":["GET"]}}],"collection":[{"href":"https:\/\/www.happysunday.eu\/index.php?rest_route=\/wp\/v2\/product"}],"about":[{"href":"https:\/\/www.happysunday.eu\/index.php?rest_route=\/wp\/v2\/types\/product"}],"wp:featuredmedia":[{"embeddable":true,"href":"https:\/\/www.happysunday.eu\/index.php?rest_route=\/wp\/v2\/media\/6817"}],"wp:attachment":[{"href":"https:\/\/www.happysunday.eu\/index.php?rest_route=%2Fwp%2Fv2%2Fmedia&parent=6816"}],"wp:term":[{"taxonomy":"product_brand","embeddable":true,"href":"https:\/\/www.happysunday.eu\/index.php?rest_route=%2Fwp%2Fv2%2Fproduct_brand&post=6816"},{"taxonomy":"product_cat","embeddable":true,"href":"https:\/\/www.happysunday.eu\/index.php?rest_route=%2Fwp%2Fv2%2Fproduct_cat&post=6816"},{"taxonomy":"product_tag","embeddable":true,"href":"https:\/\/www.happysunday.eu\/index.php?rest_route=%2Fwp%2Fv2%2Fproduct_tag&post=6816"}],"curies":[{"name":"wp","href":"https:\/\/api.w.org\/{rel}","templated":true}]}}