{"id":6843,"date":"2025-01-23T14:15:38","date_gmt":"2025-01-23T14:15:38","guid":{"rendered":"https:\/\/www.happysunday.eu\/?post_type=product&#038;p=6843"},"modified":"2026-04-07T07:06:31","modified_gmt":"2026-04-07T07:06:31","slug":"shock-illuminate-procedura-adas-tona-izlidzinasanai-7x2-ml","status":"publish","type":"product","link":"https:\/\/www.happysunday.eu\/?product=shock-illuminate-procedura-adas-tona-izlidzinasanai-7x2-ml","title":{"rendered":"SHOCK ILLUMINATE \u2013 PROCED\u016aRA \u0100DAS TO\u0145A IZL\u012aDZIN\u0100\u0160ANAI 7X2 ml"},"content":{"rendered":"<h1 class=\"product-title product_title entry-title\">Shock Illuminate \u2013 Shock treatment to unify the skin tone and illuminate the skin 2ml x 7u<\/h1>\n<p>\u0160oka proced\u016bra, lai vienotu \u0101das toni un izgaismotu \u0101du.<\/p>\n<p>Ar margrieti\u0146u ekstraktu un glikoprote\u012bniem<\/p>\n<p>Vienotu \u0101das toni un izgaismo \u0101du, vienlaikus paaugstinot \u0161\u016bnu ener\u0123ijas l\u012bmeni.<\/p>\n<p>Satur margrieti\u0146u ekstraktu bl\u0101vas \u0101das profilaksei un \u0101rst\u0113\u0161anai ar \u0123eneraliz\u0113tiem un lok\u0101liem melan\u012bna un asinsvadu izcelsmes plankumiem. Nov\u0113r\u0161, pal\u0113nina un noskaidro bl\u0101vu \u0101du, pateicoties augstajai izgaismojo\u0161o akt\u012bvo sast\u0101vda\u013cu koncentr\u0101cijai, lai ieg\u016btu vienm\u0113r\u012bgu toni un vitalit\u0101ti.<\/p>\n<p>Ar glikoprote\u012bniem un aminosk\u0101b\u0113m, kas palielina \u0161\u016bnu ener\u0123ijas l\u012bmeni, lai piln\u012bb\u0101 atjaunotu j\u016bsu \u0101das potenci\u0101lu.<\/p>\n<p>Rezult\u0101ts ir \u0101da ar vienotu toni, liel\u0101ku vitalit\u0101ti un mirdzumu.<\/p>\n<p>&nbsp;<\/p>\n<p>Ar augstu dabisko akt\u012bvo sast\u0101vda\u013cu koncentr\u0101ciju, kas iedarbojas kombin\u0101cij\u0101 ar<\/p>\n<p>depigment\u0113jo\u0161as \u012bpa\u0161\u012bbas, kas pal\u012bdz nov\u0113rst un \u0101rst\u0113t plankumu izm\u0113ru un skaitu. Ar revitaliz\u0113jo\u0161iem l\u012bdzek\u013ciem, kas veicina \u0161\u016bnu prolifer\u0101ciju, pal\u012bdzot ieg\u016bt jaun\u0101ku \u0101das toni, c\u012bnoties pret fotonoveco\u0161an\u0101s paz\u012bm\u0113m.<\/p>\n<p>Kav\u0113 melan\u012bna veido\u0161anos, pateicoties margrieti\u0146u ekstraktam, kas ne\u013cauj melan\u012bnam sagrup\u0113ties melanosom\u0101s, kas tiek p\u0101rnestas uz \u0101das virspus\u0113jiem sl\u0101\u0146iem, veidojot redzamus plankumus.<\/p>\n<p>AKT\u012aV\u0100S SAST\u0100VDA\u013bAS<\/p>\n<p>Margrieti\u0146as ekstrakts: kav\u0113 melan\u012bna veido\u0161anos \u0101d\u0101, trauc\u0113jot pirms sint\u0113zes s\u0101kuma un kav\u0113jot melan\u012bna sint\u0113zei nepiecie\u0161amo prote\u012bnu ekspresiju, kas tiek aktiviz\u0113ta, kad \u0101da tiek pak\u013cauta UV starojumam. Melan\u012bna ra\u017eo\u0161anas procesa laik\u0101 margrieti\u0146u ekstrakts samazina keratinoc\u012btu rad\u012bt\u0101s melanosomas un pal\u0113nina enz\u012bma, ko sauc par tirozin\u0101zi, aktivit\u0101ti, kas iedarbojas, pa\u0101trinot melan\u012bna ra\u017eo\u0161anu.<br \/>\nGlikoprote\u012bni: to galven\u0101 funkcija ir atjaunot dehidr\u0113tu \u0101du, uzlabot kolag\u0113na veido\u0161anos un palielin\u0101t to siner\u0123isko iedarb\u012bbu ar citiem uztura mikroelementiem un antioksidantiem, piem\u0113ram, vitam\u012bniem.<\/p>\n<p>K\u0100 LIETOT:<\/p>\n<p>P\u0101rlau\u017eiet ampulu un uzkl\u0101jiet ar maigu ap\u013cveida mas\u0101\u017euas kust\u012bb\u0101m uz att\u012br\u012btas sejas \u0101das. P\u0113c 2 min\u016bt\u0113m izmantojiet savu ikdienas kr\u0113mu. \u00a0Izvairieties no acu kont\u016bras. \u0100r\u0113jai lieto\u0161anai. Nav injic\u0113jams. Proced\u016bru var veikt reizi ned\u0113\u013c\u0101<\/p>\n<p>&nbsp;<\/p>\n","protected":false},"excerpt":{"rendered":"<p>Shock Illuminate \u2013 Shock treatment to unify the skin tone and illuminate the skin 2ml x 7u \u0160oka proced\u016bra, lai vienotu \u0101das toni un izgaismotu \u0101du. Ar margrieti\u0146u ekstraktu un glikoprote\u012bniem Vienotu \u0101das toni un izgaismo \u0101du, vienlaikus paaugstinot \u0161\u016bnu ener\u0123ijas l\u012bmeni. Satur margrieti\u0146u ekstraktu bl\u0101vas \u0101das profilaksei un \u0101rst\u0113\u0161anai ar \u0123eneraliz\u0113tiem un lok\u0101liem melan\u012bna un asinsvadu izcelsmes plankumiem. Nov\u0113r\u0161, pal\u0113nina un noskaidro bl\u0101vu \u0101du, pateicoties augstajai izgaismojo\u0161o akt\u012bvo sast\u0101vda\u013cu koncentr\u0101cijai, lai ieg\u016btu vienm\u0113r\u012bgu toni un vitalit\u0101ti. Ar glikoprote\u012bniem un aminosk\u0101b\u0113m, kas palielina \u0161\u016bnu ener\u0123ijas l\u012bmeni, lai piln\u012bb\u0101 atjaunotu j\u016bsu&hellip;<\/p>\n","protected":false},"featured_media":6845,"template":"","meta":[],"product_brand":[],"product_cat":[63],"product_tag":[],"class_list":{"0":"post-6843","1":"product","2":"type-product","3":"status-publish","4":"has-post-thumbnail","6":"product_cat-kosmetologija","8":"first","9":"instock","10":"shipping-taxable","11":"purchasable","12":"product-type-simple"},"_links":{"self":[{"href":"https:\/\/www.happysunday.eu\/index.php?rest_route=\/wp\/v2\/product\/6843","targetHints":{"allow":["GET"]}}],"collection":[{"href":"https:\/\/www.happysunday.eu\/index.php?rest_route=\/wp\/v2\/product"}],"about":[{"href":"https:\/\/www.happysunday.eu\/index.php?rest_route=\/wp\/v2\/types\/product"}],"wp:featuredmedia":[{"embeddable":true,"href":"https:\/\/www.happysunday.eu\/index.php?rest_route=\/wp\/v2\/media\/6845"}],"wp:attachment":[{"href":"https:\/\/www.happysunday.eu\/index.php?rest_route=%2Fwp%2Fv2%2Fmedia&parent=6843"}],"wp:term":[{"taxonomy":"product_brand","embeddable":true,"href":"https:\/\/www.happysunday.eu\/index.php?rest_route=%2Fwp%2Fv2%2Fproduct_brand&post=6843"},{"taxonomy":"product_cat","embeddable":true,"href":"https:\/\/www.happysunday.eu\/index.php?rest_route=%2Fwp%2Fv2%2Fproduct_cat&post=6843"},{"taxonomy":"product_tag","embeddable":true,"href":"https:\/\/www.happysunday.eu\/index.php?rest_route=%2Fwp%2Fv2%2Fproduct_tag&post=6843"}],"curies":[{"name":"wp","href":"https:\/\/api.w.org\/{rel}","templated":true}]}}