{"id":6848,"date":"2025-01-23T14:25:28","date_gmt":"2025-01-23T14:25:28","guid":{"rendered":"https:\/\/www.happysunday.eu\/?post_type=product&#038;p=6848"},"modified":"2026-04-07T07:06:31","modified_gmt":"2026-04-07T07:06:31","slug":"biopeel-shock-28-dienu-intensiva-procedura","status":"publish","type":"product","link":"https:\/\/www.happysunday.eu\/?product=biopeel-shock-28-dienu-intensiva-procedura","title":{"rendered":"BIOPEEL SHOCK 28 dienu intens\u012bva proced\u016bra"},"content":{"rendered":"<h1 class=\"product-title product_title entry-title\">Biopeel Shock \u2013 28 Days Intensive Treatment<\/h1>\n<p>Jaunas, gludas, mirdzo\u0161as un vit\u0101las \u0101das nosl\u0113pums ir ikm\u0113ne\u0161a proced\u016bra, kas katru dienu iedarbojas uz da\u017e\u0101d\u0101m m\u016bsu \u0101das vajadz\u012bb\u0101m, iek\u013caujot zin\u0101tniski progres\u012bvas molekulas, kas ir p\u0101rbaud\u012btas un biolo\u0123iski sader\u012bgas ar ikdienas derm\u0101l\u0101m vajadz\u012bb\u0101m.<\/p>\n<p>\u0160\u012b proced\u016bra nov\u0113rs\u012bs priek\u0161laic\u012bgu noveco\u0161anos, plankumus, dehidrat\u0101ciju un bl\u0101vu \u0101du, vienlaikus optim\u0101li uzturot dz\u012bv\u012bbai svar\u012bg\u0101s funkcijas un pastiprinot \u0101das re\u0123ener\u0101cijas meh\u0101nismus.<\/p>\n<p>Tas ir novatorisks sast\u0101vs no 28 ampul\u0101m no 8 da\u017e\u0101du veidu ampul\u0101m, kas nodro\u0161in\u0101s j\u016bsu \u0101das piln\u012bgu kop\u0161anu no j\u016bsu m\u0101jas komforta. Ar atlas\u012bt\u0101m sast\u0101vda\u013c\u0101m, kas piel\u0101gojas bio\u0137\u012bmijai avangarda m\u0101ksl\u0101, kas raug\u0101s n\u0101kotn\u0113, ar \u013coti efekt\u012bv\u0101m ampul\u0101m un t\u016bl\u012bt\u0113ju rezult\u0101tu mekl\u0113\u0161anu.<\/p>\n<p>Rad\u012bts, lai lietotu vienu ampulu dien\u0101, katru ned\u0113\u013cu apstr\u0101d\u0101jot vienu no \u0101das pamatvajadz\u012bb\u0101m un konfigur\u0113jot kop\u0113jo \u0101rst\u0113\u0161anu visa m\u0113ne\u0161a garum\u0101, kas aptver visas dermas vajadz\u012bbas.<\/p>\n<p>Profesion\u0101\u013cu izstr\u0101d\u0101ti atbilsto\u0161i \u0101das vajadz\u012bb\u0101m un klientu \u012bpa\u0161aj\u0101m vajadz\u012bb\u0101m.<\/p>\n","protected":false},"excerpt":{"rendered":"<p>Biopeel Shock \u2013 28 Days Intensive Treatment Jaunas, gludas, mirdzo\u0161as un vit\u0101las \u0101das nosl\u0113pums ir ikm\u0113ne\u0161a proced\u016bra, kas katru dienu iedarbojas uz da\u017e\u0101d\u0101m m\u016bsu \u0101das vajadz\u012bb\u0101m, iek\u013caujot zin\u0101tniski progres\u012bvas molekulas, kas ir p\u0101rbaud\u012btas un biolo\u0123iski sader\u012bgas ar ikdienas derm\u0101l\u0101m vajadz\u012bb\u0101m. \u0160\u012b proced\u016bra nov\u0113rs\u012bs priek\u0161laic\u012bgu noveco\u0161anos, plankumus, dehidrat\u0101ciju un bl\u0101vu \u0101du, vienlaikus optim\u0101li uzturot dz\u012bv\u012bbai svar\u012bg\u0101s funkcijas un pastiprinot \u0101das re\u0123ener\u0101cijas meh\u0101nismus. Tas ir novatorisks sast\u0101vs no 28 ampul\u0101m no 8 da\u017e\u0101du veidu ampul\u0101m, kas nodro\u0161in\u0101s j\u016bsu \u0101das piln\u012bgu kop\u0161anu no j\u016bsu m\u0101jas komforta. Ar atlas\u012bt\u0101m sast\u0101vda\u013c\u0101m, kas piel\u0101gojas bio\u0137\u012bmijai avangarda&hellip;<\/p>\n","protected":false},"featured_media":6849,"template":"","meta":[],"product_brand":[],"product_cat":[63],"product_tag":[],"class_list":{"0":"post-6848","1":"product","2":"type-product","3":"status-publish","4":"has-post-thumbnail","6":"product_cat-kosmetologija","8":"first","9":"instock","10":"shipping-taxable","11":"purchasable","12":"product-type-simple"},"_links":{"self":[{"href":"https:\/\/www.happysunday.eu\/index.php?rest_route=\/wp\/v2\/product\/6848","targetHints":{"allow":["GET"]}}],"collection":[{"href":"https:\/\/www.happysunday.eu\/index.php?rest_route=\/wp\/v2\/product"}],"about":[{"href":"https:\/\/www.happysunday.eu\/index.php?rest_route=\/wp\/v2\/types\/product"}],"wp:featuredmedia":[{"embeddable":true,"href":"https:\/\/www.happysunday.eu\/index.php?rest_route=\/wp\/v2\/media\/6849"}],"wp:attachment":[{"href":"https:\/\/www.happysunday.eu\/index.php?rest_route=%2Fwp%2Fv2%2Fmedia&parent=6848"}],"wp:term":[{"taxonomy":"product_brand","embeddable":true,"href":"https:\/\/www.happysunday.eu\/index.php?rest_route=%2Fwp%2Fv2%2Fproduct_brand&post=6848"},{"taxonomy":"product_cat","embeddable":true,"href":"https:\/\/www.happysunday.eu\/index.php?rest_route=%2Fwp%2Fv2%2Fproduct_cat&post=6848"},{"taxonomy":"product_tag","embeddable":true,"href":"https:\/\/www.happysunday.eu\/index.php?rest_route=%2Fwp%2Fv2%2Fproduct_tag&post=6848"}],"curies":[{"name":"wp","href":"https:\/\/api.w.org\/{rel}","templated":true}]}}