{"id":6850,"date":"2025-01-23T14:30:15","date_gmt":"2025-01-23T14:30:15","guid":{"rendered":"https:\/\/www.happysunday.eu\/?post_type=product&#038;p=6850"},"modified":"2026-04-07T07:07:11","modified_gmt":"2026-04-07T07:07:11","slug":"biopeel-perfect-pilings-pret-fotopigmentaciju-7x2-ml","status":"publish","type":"product","link":"https:\/\/www.happysunday.eu\/?product=biopeel-perfect-pilings-pret-fotopigmentaciju-7x2-ml","title":{"rendered":"BIOPEEL PERFECT \u2013 P\u012aLINGS PRET FOTOPIGMENT\u0100CIJU 7&#215;2 ml"},"content":{"rendered":"<h1 class=\"product-title product_title entry-title\">Biopeel Unify \u2013 Photoaging Biochemical Peel 2ml x 7u<\/h1>\n<p>Fotonoveco\u0161anas bio\u0137\u012bmiskais p\u012blings<\/p>\n<p>Traneks\u0101msk\u0101be 3%, margrieti\u0146u ekstrakts, glikolsk\u0101be 5%<\/p>\n<p>\u0100das fotonoveco\u0161an\u0101s \u0101rst\u0113\u0161ana, uzlabo bl\u0101vu \u0101du, izl\u012bdzina \u0101das toni un padara \u0101du gai\u0161\u0101ku. Izstr\u0101d\u0101ts, lai \u0101rst\u0113tu priek\u0161laic\u012bgas grumbi\u0146as, nokar\u0101\u0161anos, raupjumu, sausumu un bl\u0101vu \u0101du, kas ir pigment\u0101cijas izmai\u0146u rezult\u0101ts, kas par\u0101d\u0101s saulei pak\u013cautaj\u0101s viet\u0101s.<\/p>\n<p>IZPILDE<\/p>\n<p>\u0160is biop\u012blings iedarbojas tr\u012bs l\u012bme\u0146os, lai izgaismotu \u0101du:<\/p>\n<p>\u0160\u016bnu l\u012bmen\u012b no\u0146emot atmiru\u0161\u0101s \u0161\u016bnas, kas pie\u0161\u0137ir \u0101dai bl\u0101vu toni.<br \/>\n\u0100das pigmentos tas pal\u012bdz no\u0101rd\u012bt melan\u012bnu, samazinot plankumu veido\u0161anos.<br \/>\nTas uzlabo jaunu \u0161\u016bnu izskatu, kas atdz\u012bvina \u0101du, pan\u0101kot vienm\u0113r\u012bg\u0101ku un mirdzo\u0161\u0101ku toni.<br \/>\nAKT\u012aV\u0100S SAST\u0100VDA\u013bAS<\/p>\n<p>Glikolsk\u0101be: t\u0101 ir \u013coti daudzpus\u012bga akt\u012bv\u0101 sast\u0101vda\u013ca, kuru, pateicoties t\u0101 \u012bpa\u0161\u012bb\u0101m, izmanto da\u017e\u0101du \u0101das probl\u0113mu \u0101rst\u0113\u0161anai. P\u012blings par excellence, tas atbr\u012bvo \u0161\u016bnas \u0101das lob\u012b\u0161an\u0101s proces\u0101, p\u0101rtraucot starp\u0161\u016bnu savienojumus, radot jaunas \u0161\u016bnas ar liel\u0101ku vitalit\u0101ti.<br \/>\nTraneks\u0101msk\u0101be: izdodas depigment\u0113t \u0101du, kav\u0113jot plazminog\u0113na saist\u012b\u0161anos ar keratinoc\u012btiem, kas ir epidermas virspus\u0113j\u0101s \u0161\u016bnas, kur\u0101s uzkr\u0101jas melan\u012bns. Tas savuk\u0101rt samazina arahidonsk\u0101bes veido\u0161anos, radot maz\u0101k prostagland\u012bnu un leikotri\u0113nu, radot inhib\u0113jo\u0161u iedarb\u012bbu uz enz\u012bmu tirozin\u0101zi, kas regul\u0113 pigmenta melan\u012bna veido\u0161anos.<br \/>\nMargrieti\u0146u ekstrakts: dabiska sast\u0101vda\u013ca ar zin\u0101tniski pier\u0101d\u012btu efektivit\u0101ti, kas iedarbojas da\u017e\u0101dos l\u012bme\u0146os, samazina tirozin\u0101zes aktivit\u0101ti pat pirms melan\u012bna sint\u0113zes ierosin\u0101\u0161anas un rada melan\u012bna samazin\u0101\u0161anos \u0101d\u0101.<\/p>\n<p>K\u0100 LIETOT:<\/p>\n<p>Uzkl\u0101jiet da\u017eus pilienus uz sejas un dekolt\u0113 \u0101das. Atst\u0101jiet iedarb\u012bb\u0101 3-10 min\u016btes un no\u0146emiet ar \u016bdeni. Katru reizi palielinot apstr\u0101des laiku uz 1 min\u016bti. \u00a0Ja tiek nov\u0113rota jebk\u0101da veida reakcija, nekav\u0113joties no\u0146emiet. Nelietot uz g\u013cot\u0101d\u0101m vai ap ac\u012bm. Var lie tot reizi 2 ned\u0113\u013c\u0101s.<\/p>\n<p>P\u0113c visa veida p\u012blingiem oblig\u0101ti izmantojiet SPF kr\u0113mus ar\u012b ziemas laik\u0101.<\/p>\n<p>&nbsp;<\/p>\n","protected":false},"excerpt":{"rendered":"<p>Biopeel Unify \u2013 Photoaging Biochemical Peel 2ml x 7u Fotonoveco\u0161anas bio\u0137\u012bmiskais p\u012blings Traneks\u0101msk\u0101be 3%, margrieti\u0146u ekstrakts, glikolsk\u0101be 5% \u0100das fotonoveco\u0161an\u0101s \u0101rst\u0113\u0161ana, uzlabo bl\u0101vu \u0101du, izl\u012bdzina \u0101das toni un padara \u0101du gai\u0161\u0101ku. Izstr\u0101d\u0101ts, lai \u0101rst\u0113tu priek\u0161laic\u012bgas grumbi\u0146as, nokar\u0101\u0161anos, raupjumu, sausumu un bl\u0101vu \u0101du, kas ir pigment\u0101cijas izmai\u0146u rezult\u0101ts, kas par\u0101d\u0101s saulei pak\u013cautaj\u0101s viet\u0101s. IZPILDE \u0160is biop\u012blings iedarbojas tr\u012bs l\u012bme\u0146os, lai izgaismotu \u0101du: \u0160\u016bnu l\u012bmen\u012b no\u0146emot atmiru\u0161\u0101s \u0161\u016bnas, kas pie\u0161\u0137ir \u0101dai bl\u0101vu toni. \u0100das pigmentos tas pal\u012bdz no\u0101rd\u012bt melan\u012bnu, samazinot plankumu veido\u0161anos. Tas uzlabo jaunu \u0161\u016bnu izskatu, kas atdz\u012bvina \u0101du, pan\u0101kot vienm\u0113r\u012bg\u0101ku&hellip;<\/p>\n","protected":false},"featured_media":6851,"template":"","meta":[],"product_brand":[],"product_cat":[63],"product_tag":[],"class_list":{"0":"post-6850","1":"product","2":"type-product","3":"status-publish","4":"has-post-thumbnail","6":"product_cat-kosmetologija","8":"first","9":"instock","10":"shipping-taxable","11":"purchasable","12":"product-type-simple"},"_links":{"self":[{"href":"https:\/\/www.happysunday.eu\/index.php?rest_route=\/wp\/v2\/product\/6850","targetHints":{"allow":["GET"]}}],"collection":[{"href":"https:\/\/www.happysunday.eu\/index.php?rest_route=\/wp\/v2\/product"}],"about":[{"href":"https:\/\/www.happysunday.eu\/index.php?rest_route=\/wp\/v2\/types\/product"}],"wp:featuredmedia":[{"embeddable":true,"href":"https:\/\/www.happysunday.eu\/index.php?rest_route=\/wp\/v2\/media\/6851"}],"wp:attachment":[{"href":"https:\/\/www.happysunday.eu\/index.php?rest_route=%2Fwp%2Fv2%2Fmedia&parent=6850"}],"wp:term":[{"taxonomy":"product_brand","embeddable":true,"href":"https:\/\/www.happysunday.eu\/index.php?rest_route=%2Fwp%2Fv2%2Fproduct_brand&post=6850"},{"taxonomy":"product_cat","embeddable":true,"href":"https:\/\/www.happysunday.eu\/index.php?rest_route=%2Fwp%2Fv2%2Fproduct_cat&post=6850"},{"taxonomy":"product_tag","embeddable":true,"href":"https:\/\/www.happysunday.eu\/index.php?rest_route=%2Fwp%2Fv2%2Fproduct_tag&post=6850"}],"curies":[{"name":"wp","href":"https:\/\/api.w.org\/{rel}","templated":true}]}}