{"id":6852,"date":"2025-01-23T14:32:15","date_gmt":"2025-01-23T14:32:15","guid":{"rendered":"https:\/\/www.happysunday.eu\/?post_type=product&#038;p=6852"},"modified":"2026-04-07T07:07:11","modified_gmt":"2026-04-07T07:07:11","slug":"biopeel-perfect-pilings-pret-plankumiem-7x2ml","status":"publish","type":"product","link":"https:\/\/www.happysunday.eu\/?product=biopeel-perfect-pilings-pret-plankumiem-7x2ml","title":{"rendered":"BIOPEEL PERFECT \u2013 P\u012aLINGS PRET PLANKUMIEM 7x2ml"},"content":{"rendered":"<h1 class=\"product-title product_title entry-title\">Biopeel Perfect \u2013 Anti-blemish Biochemical Peel 2ml x 7u<\/h1>\n<p>Bio\u0137\u012bmiskais p\u012blings pret plankumiem<\/p>\n<p>Salicilsk\u0101be 1%, glikonolaktons 5%<\/p>\n<p>Profesion\u0101las lieto\u0161anas l\u012bdzeklis nepiln\u012bbu nov\u0113r\u0161anai. Samazina komedonu, p\u016bt\u012b\u0161u, melno punktu par\u0101d\u012b\u0161anos un uzlabo \u0101das izskatu, \u012bpa\u0161i taukainai \u0101dai.<\/p>\n<p>\u0160is Biopeel apvieno sast\u0101vda\u013cas ar sp\u0113c\u012bgu keratol\u012btisku un sebum regul\u0113jo\u0161u efektu taukainai, pro-akneic un seborejas \u0101dai.<\/p>\n<p>Izstr\u0101d\u0101ts, lai ieg\u016btu glud\u0101ku, viendab\u012bg\u0101ku un viendab\u012bg\u0101ku \u0101du. Pateicoties augstajai glikonolaktona koncentr\u0101cijai, tai piem\u012bt p\u012blinga, antioksidanta, vienojo\u0161as un atjaunojo\u0161as \u012bpa\u0161\u012bbas.<\/p>\n<p>AKT\u012aV\u0100S SAST\u0100VDA\u013bAS<\/p>\n<p>C vitam\u012bns: \u013coti efekt\u012bvs \u0101das kop\u0161anai, tas veicina kolag\u0113na ra\u017eo\u0161anu, lai mazin\u0101tu noveco\u0161an\u0101s paz\u012bmes un kori\u0123\u0113tu tum\u0161os plankumus. Tas ir antioksidants, kas paz\u012bstams ar sp\u0113ju uzlabot novecoju\u0161as \u0101das izskatu. Palieliniet mirdzumu, uzlabojiet tekst\u016bru un redzami samaziniet l\u012bnijas, grumbi\u0146as un citas noveco\u0161an\u0101s paz\u012bmes.<br \/>\nFloret\u012bns: darbojas k\u0101 sp\u0113c\u012bgs antioksidants, samazina \u0101das noveco\u0161an\u0101s ietekmi un padara to m\u012bkst\u0101ku, elast\u012bg\u0101ku un atjaunot\u0101ku. Pateicoties polarit\u0101tei, floret\u012bns uzlabo ar\u012b efekt\u012bvu produktu iek\u013c\u016b\u0161anu dzi\u013c\u0101kajos \u0101das sl\u0101\u0146os. Atjauno boj\u0101jumus un nodro\u0161ina izl\u012bdzino\u0161u un nomierino\u0161u efektu.<\/p>\n<p>K\u0100 LIETOT:<\/p>\n<p>Uzkl\u0101jiet da\u017eus pilienus uz sejas un dekolt\u0113 \u0101das. Atst\u0101jiet iedarb\u012bb\u0101 3-10 min\u016btes un no\u0146emiet ar \u016bdeni. Katru reizi palielinot apstr\u0101des laiku uz 1 min\u016bti. \u00a0Ja tiek nov\u0113rota jebk\u0101da veida reakcija, nekav\u0113joties no\u0146emiet. Nelietot uz g\u013cot\u0101d\u0101m vai ap ac\u012bm. Var lie tot reizi 2 ned\u0113\u013c\u0101s.<\/p>\n<p>P\u0113c visa veida p\u012blingiem oblig\u0101ti izmantojiet SPF kr\u0113mus ar\u012b ziemas laik\u0101.<\/p>\n<p>&nbsp;<\/p>\n","protected":false},"excerpt":{"rendered":"<p>Biopeel Perfect \u2013 Anti-blemish Biochemical Peel 2ml x 7u Bio\u0137\u012bmiskais p\u012blings pret plankumiem Salicilsk\u0101be 1%, glikonolaktons 5% Profesion\u0101las lieto\u0161anas l\u012bdzeklis nepiln\u012bbu nov\u0113r\u0161anai. Samazina komedonu, p\u016bt\u012b\u0161u, melno punktu par\u0101d\u012b\u0161anos un uzlabo \u0101das izskatu, \u012bpa\u0161i taukainai \u0101dai. \u0160is Biopeel apvieno sast\u0101vda\u013cas ar sp\u0113c\u012bgu keratol\u012btisku un sebum regul\u0113jo\u0161u efektu taukainai, pro-akneic un seborejas \u0101dai. Izstr\u0101d\u0101ts, lai ieg\u016btu glud\u0101ku, viendab\u012bg\u0101ku un viendab\u012bg\u0101ku \u0101du. Pateicoties augstajai glikonolaktona koncentr\u0101cijai, tai piem\u012bt p\u012blinga, antioksidanta, vienojo\u0161as un atjaunojo\u0161as \u012bpa\u0161\u012bbas. AKT\u012aV\u0100S SAST\u0100VDA\u013bAS C vitam\u012bns: \u013coti efekt\u012bvs \u0101das kop\u0161anai, tas veicina kolag\u0113na ra\u017eo\u0161anu, lai mazin\u0101tu noveco\u0161an\u0101s paz\u012bmes un kori\u0123\u0113tu tum\u0161os&hellip;<\/p>\n","protected":false},"featured_media":6853,"template":"","meta":[],"product_brand":[],"product_cat":[63],"product_tag":[],"class_list":{"0":"post-6852","1":"product","2":"type-product","3":"status-publish","4":"has-post-thumbnail","6":"product_cat-kosmetologija","8":"first","9":"instock","10":"shipping-taxable","11":"purchasable","12":"product-type-simple"},"_links":{"self":[{"href":"https:\/\/www.happysunday.eu\/index.php?rest_route=\/wp\/v2\/product\/6852","targetHints":{"allow":["GET"]}}],"collection":[{"href":"https:\/\/www.happysunday.eu\/index.php?rest_route=\/wp\/v2\/product"}],"about":[{"href":"https:\/\/www.happysunday.eu\/index.php?rest_route=\/wp\/v2\/types\/product"}],"wp:featuredmedia":[{"embeddable":true,"href":"https:\/\/www.happysunday.eu\/index.php?rest_route=\/wp\/v2\/media\/6853"}],"wp:attachment":[{"href":"https:\/\/www.happysunday.eu\/index.php?rest_route=%2Fwp%2Fv2%2Fmedia&parent=6852"}],"wp:term":[{"taxonomy":"product_brand","embeddable":true,"href":"https:\/\/www.happysunday.eu\/index.php?rest_route=%2Fwp%2Fv2%2Fproduct_brand&post=6852"},{"taxonomy":"product_cat","embeddable":true,"href":"https:\/\/www.happysunday.eu\/index.php?rest_route=%2Fwp%2Fv2%2Fproduct_cat&post=6852"},{"taxonomy":"product_tag","embeddable":true,"href":"https:\/\/www.happysunday.eu\/index.php?rest_route=%2Fwp%2Fv2%2Fproduct_tag&post=6852"}],"curies":[{"name":"wp","href":"https:\/\/api.w.org\/{rel}","templated":true}]}}