{"id":6854,"date":"2025-01-23T14:34:10","date_gmt":"2025-01-23T14:34:10","guid":{"rendered":"https:\/\/www.happysunday.eu\/?post_type=product&#038;p=6854"},"modified":"2026-04-07T07:07:11","modified_gmt":"2026-04-07T07:07:11","slug":"shock-purify-proceduda-taukainai-adai-7x2-ml","status":"publish","type":"product","link":"https:\/\/www.happysunday.eu\/?product=shock-purify-proceduda-taukainai-adai-7x2-ml","title":{"rendered":"SHOCK PURIFY \u2013 PROCED\u016aDA TAUKAINAI \u0100DAI 7&#215;2 ml"},"content":{"rendered":"<h1 class=\"product-title product_title entry-title\">Shock Purify \u2013 Shock treatment against the appearance of skin imperfections 2ml x 7u<\/h1>\n<p>\u0160oka proced\u016bra pret \u0101das nepiln\u012bbu par\u0101d\u012b\u0161anos taukainai \u0101dai.<\/p>\n<p>Ar za\u013c\u0101s t\u0113jas ekstraktu un bioflavono\u012bdiem<\/p>\n<p>Purify Shock satur dabiskas sast\u0101vda\u013cas, kas pal\u012bdz l\u012bdzsvarot lip\u012bdu sl\u0101ni, ar sp\u0113c\u012bg\u0101m antiseborejas un antibakteri\u0101l\u0101m \u012bpa\u0161\u012bb\u0101m, kas kontrol\u0113 tauku dziedzeru darb\u012bbu, nov\u0113r\u0161ot nepiln\u012bbu veido\u0161anos un samazinot bakt\u0113riju vairo\u0161anos.<\/p>\n<p>Dabiskie ekstrakti, tostarp za\u013c\u0101 t\u0113ja, samazina iekaisumu, vienlaikus m\u012bkstinot \u0101du, pan\u0101kot maz\u0101k taukainas \u0101das, bez pinn\u0113m un maz\u0101k melngalvju.<\/p>\n<p>Ieteicams taukainai \u0101dai.<\/p>\n<p>Sast\u0101v\u0101 eso\u0161\u0101s dabisk\u0101s sast\u0101vda\u013cas rada dermoatt\u012bro\u0161u darb\u012bbu, kas ir \u012bpa\u0161i paredz\u0113ta nelielu nepiln\u012bbu un net\u012brumu nov\u0113r\u0161anai \u0101d\u0101, kurai ir tendence uz pinn\u0113m. Pal\u012bdz mat\u0113t \u0101du, nov\u0113r\u0161 sp\u012bdumu un bl\u0101vu un samazina poru izskatu.<\/p>\n<p>AKT\u012aV\u0100S SAST\u0100VDA\u013bAS<\/p>\n<p>Za\u013c\u0101s t\u0113jas ekstrakts: darbojas k\u0101 mitrin\u0101t\u0101js un antibakteri\u0101ls l\u012bdzeklis, samazinot p\u0101rm\u0113r\u012bgu hormon\u0101lo aktivit\u0101ti. To veidojo\u0161o tan\u012bnu savelko\u0161\u0101 funkcija sp\u0113j regul\u0113t lieko tauku daudzumu \u0101d\u0101, kurai ir tendence uz p\u016bt\u012bt\u0113m, un sp\u0113j samazin\u0101t poras.<br \/>\nBioflavono\u012bdi: darbojas k\u0101 sp\u0113c\u012bgi antioksidanti un pal\u012bdz c\u012bn\u012bties ar noveco\u0161an\u0101s paz\u012bm\u0113m, t\u0101d\u0113j\u0101di nov\u0113r\u0161ot grumbu veido\u0161anos un \u0101das nepiln\u012bbas. Tie regul\u0113 \u0101das toni, ieg\u016bstot vienm\u0113r\u012bgu un nedaudz izgaismotu sejas kr\u0101su.<\/p>\n<p>K\u0100 LIETOT:<\/p>\n<p>P\u0101rlau\u017eiet ampulu un uzkl\u0101jiet ar maigu ap\u013cveida mas\u0101\u017euas kust\u012bb\u0101m uz att\u012br\u012btas sejas \u0101das. Izvairieties no acu kont\u016bras. \u0100r\u0113jai lieto\u0161anai. Nav injic\u0113jams. Proced\u016bru var veikt reizi ned\u0113\u013c\u0101<\/p>\n<p>P\u0113c visa veida p\u012blingiem oblig\u0101ti izmantojiet SPF kr\u0113mus ar\u012b ziemas laik\u0101.<\/p>\n<p>&nbsp;<\/p>\n","protected":false},"excerpt":{"rendered":"<p>Shock Purify \u2013 Shock treatment against the appearance of skin imperfections 2ml x 7u \u0160oka proced\u016bra pret \u0101das nepiln\u012bbu par\u0101d\u012b\u0161anos taukainai \u0101dai. Ar za\u013c\u0101s t\u0113jas ekstraktu un bioflavono\u012bdiem Purify Shock satur dabiskas sast\u0101vda\u013cas, kas pal\u012bdz l\u012bdzsvarot lip\u012bdu sl\u0101ni, ar sp\u0113c\u012bg\u0101m antiseborejas un antibakteri\u0101l\u0101m \u012bpa\u0161\u012bb\u0101m, kas kontrol\u0113 tauku dziedzeru darb\u012bbu, nov\u0113r\u0161ot nepiln\u012bbu veido\u0161anos un samazinot bakt\u0113riju vairo\u0161anos. Dabiskie ekstrakti, tostarp za\u013c\u0101 t\u0113ja, samazina iekaisumu, vienlaikus m\u012bkstinot \u0101du, pan\u0101kot maz\u0101k taukainas \u0101das, bez pinn\u0113m un maz\u0101k melngalvju. Ieteicams taukainai \u0101dai. Sast\u0101v\u0101 eso\u0161\u0101s dabisk\u0101s sast\u0101vda\u013cas rada dermoatt\u012bro\u0161u darb\u012bbu, kas ir \u012bpa\u0161i paredz\u0113ta nelielu&hellip;<\/p>\n","protected":false},"featured_media":6855,"template":"","meta":[],"product_brand":[],"product_cat":[63],"product_tag":[],"class_list":{"0":"post-6854","1":"product","2":"type-product","3":"status-publish","4":"has-post-thumbnail","6":"product_cat-kosmetologija","8":"first","9":"instock","10":"shipping-taxable","11":"purchasable","12":"product-type-simple"},"_links":{"self":[{"href":"https:\/\/www.happysunday.eu\/index.php?rest_route=\/wp\/v2\/product\/6854","targetHints":{"allow":["GET"]}}],"collection":[{"href":"https:\/\/www.happysunday.eu\/index.php?rest_route=\/wp\/v2\/product"}],"about":[{"href":"https:\/\/www.happysunday.eu\/index.php?rest_route=\/wp\/v2\/types\/product"}],"wp:featuredmedia":[{"embeddable":true,"href":"https:\/\/www.happysunday.eu\/index.php?rest_route=\/wp\/v2\/media\/6855"}],"wp:attachment":[{"href":"https:\/\/www.happysunday.eu\/index.php?rest_route=%2Fwp%2Fv2%2Fmedia&parent=6854"}],"wp:term":[{"taxonomy":"product_brand","embeddable":true,"href":"https:\/\/www.happysunday.eu\/index.php?rest_route=%2Fwp%2Fv2%2Fproduct_brand&post=6854"},{"taxonomy":"product_cat","embeddable":true,"href":"https:\/\/www.happysunday.eu\/index.php?rest_route=%2Fwp%2Fv2%2Fproduct_cat&post=6854"},{"taxonomy":"product_tag","embeddable":true,"href":"https:\/\/www.happysunday.eu\/index.php?rest_route=%2Fwp%2Fv2%2Fproduct_tag&post=6854"}],"curies":[{"name":"wp","href":"https:\/\/api.w.org\/{rel}","templated":true}]}}