{"id":6856,"date":"2025-01-23T14:35:51","date_gmt":"2025-01-23T14:35:51","guid":{"rendered":"https:\/\/www.happysunday.eu\/?post_type=product&#038;p=6856"},"modified":"2026-04-07T07:07:11","modified_gmt":"2026-04-07T07:07:11","slug":"biopeel-perfect-pilings-dzilai-adas-mitrinasanai-7x2-ml","status":"publish","type":"product","link":"https:\/\/www.happysunday.eu\/?product=biopeel-perfect-pilings-dzilai-adas-mitrinasanai-7x2-ml","title":{"rendered":"BIOPEEL PERFECT \u2013 P\u012aLINGS DZI\u013bAI ADAS MITRIN\u0100\u0160ANAI 7&#215;2 ml"},"content":{"rendered":"<h1 class=\"product-title product_title entry-title\">Biopeel Moist \u2013 Deep Hydration Biochemical Peel 2ml x 7uDzi\u013ci mitrino\u0161s bio\u0137\u012bmiskais p\u012blings<\/h1>\n<p>Piensk\u0101be 10% \u0100bolsk\u0101be 10%<\/p>\n<p>Ar augstu divu sk\u0101bju koncentr\u0101ciju tie veido perfektu kombin\u0101ciju t\u016bl\u012bt\u0113jai apstr\u0101dei pret raupjiem un nokaltu\u0161iem audiem, kas rodas \u0101das mitruma tr\u016bkuma d\u0113\u013c. Tas likvid\u0113 atmiru\u0161\u0101s \u0161\u016bnas osmotisk\u0101 nel\u012bdzsvarot\u012bbas d\u0113\u013c un aizst\u0101j t\u0101s ar jaun\u0101m un ktvirt\u0101m \u0161\u016bn\u0101m.<\/p>\n<p>\u0160\u012b proced\u016bra ir ieteicama visiem \u0101das tipiem, un da\u017eos gad\u012bjumos to parasti kombin\u0113 ar citiem Biop\u012blinga veidiem, lai ieg\u016btu lab\u0101kus rezult\u0101tus.<\/p>\n<p>&nbsp;<\/p>\n<p>Tas pan\u0101k atmiru\u0161o \u0161\u016bnu izvad\u012b\u0161anu maig\u0101 un kontrol\u0113t\u0101 veid\u0101, kas pal\u012bdz atjaunot asinsriti, dzi\u013ci att\u012br\u012bt poras un stimul\u0113t dermas audu \u0161\u016bnu mitrin\u0101\u0161anu.<\/p>\n<p>Tas uzlabo epit\u0113lija \u0161\u016bnu \u016bdens ietilp\u012bbu, ieg\u016bstot \u0101du ar liel\u0101ku \u016bdens molekulu daudzumu, kas pastiprina \u0161\u016bnu mitrin\u0101\u0161anu un uzlabo t\u0101s darb\u012bbu.<\/p>\n<p>Atjauno epidermas sl\u0101\u0146us, nolobojot virspus\u0113j\u0101s \u0161\u016bnas un veicinot \u0161\u016bnu atjauno\u0161anos, kas rada jaunu, jaun\u0101ku un funkcion\u0101l\u0101ku epidermu.<\/p>\n<p>AKT\u012aV\u0100S SAST\u0100VDA\u013bAS<\/p>\n<p>Piensk\u0101be: pal\u012bdz atdal\u012bties vec\u0101kaj\u0101m un disfunkcion\u0101l\u0101kaj\u0101m \u0161\u016bn\u0101m uz \u0101das virsmas, iz\u0161\u0137\u012bdinot saites, kas t\u0101s satur kop\u0101. Piensk\u0101be pa\u0101trina \u0161\u016bnu atjauno\u0161anos un stimul\u0113 \u0161\u016bnu atjauno\u0161anos. Piensk\u0101be pal\u012bdz uzlabot \u0101das dabisko mitrin\u0101\u0161anas faktoru jeb to, k\u0101 \u0101da paliek mitrin\u0101ta.<br \/>\n\u0100bolsk\u0101be: \u0100bolsk\u0101be, kas dabiski ieg\u016bta no \u0101boliem, iesp\u0113jams, ir vismaz\u0101k zin\u0101m\u0101 no visbie\u017e\u0101k izmantotaj\u0101m \u0101das kop\u0161anas sast\u0101vda\u013c\u0101m. K\u0101 AHA tas stimul\u0113 \u0101das \u0161\u016bnu atjauno\u0161an\u0101s \u0101trumu un palielina kolag\u0113na ra\u017eo\u0161anu.<\/p>\n<p>K\u0100 LIETOT:<\/p>\n<p>Uzkl\u0101jiet da\u017eus pilienus uz sejas un dekolt\u0113 \u0101das. Atst\u0101jiet iedarb\u012bb\u0101 3-10 min\u016btes un no\u0146emiet ar \u016bdeni. Katru reizi palielinot apstr\u0101des laiku uz 1 min\u016bti. \u00a0Ja tiek nov\u0113rota jebk\u0101da veida reakcija, nekav\u0113joties no\u0146emiet. Nelietot uz g\u013cot\u0101d\u0101m vai ap ac\u012bm. Var lie tot reizi 2 ned\u0113\u013c\u0101s.<\/p>\n<p>P\u0113c visa veida p\u012blingiem oblig\u0101ti izmantojiet SPF kr\u0113mus ar\u012b ziemas laik\u0101.<\/p>\n<p>&nbsp;<\/p>\n","protected":false},"excerpt":{"rendered":"<p>Biopeel Moist \u2013 Deep Hydration Biochemical Peel 2ml x 7uDzi\u013ci mitrino\u0161s bio\u0137\u012bmiskais p\u012blings Piensk\u0101be 10% \u0100bolsk\u0101be 10% Ar augstu divu sk\u0101bju koncentr\u0101ciju tie veido perfektu kombin\u0101ciju t\u016bl\u012bt\u0113jai apstr\u0101dei pret raupjiem un nokaltu\u0161iem audiem, kas rodas \u0101das mitruma tr\u016bkuma d\u0113\u013c. Tas likvid\u0113 atmiru\u0161\u0101s \u0161\u016bnas osmotisk\u0101 nel\u012bdzsvarot\u012bbas d\u0113\u013c un aizst\u0101j t\u0101s ar jaun\u0101m un ktvirt\u0101m \u0161\u016bn\u0101m. \u0160\u012b proced\u016bra ir ieteicama visiem \u0101das tipiem, un da\u017eos gad\u012bjumos to parasti kombin\u0113 ar citiem Biop\u012blinga veidiem, lai ieg\u016btu lab\u0101kus rezult\u0101tus. &nbsp; Tas pan\u0101k atmiru\u0161o \u0161\u016bnu izvad\u012b\u0161anu maig\u0101 un kontrol\u0113t\u0101 veid\u0101, kas pal\u012bdz atjaunot asinsriti, dzi\u013ci&hellip;<\/p>\n","protected":false},"featured_media":6857,"template":"","meta":[],"product_brand":[],"product_cat":[63],"product_tag":[],"class_list":{"0":"post-6856","1":"product","2":"type-product","3":"status-publish","4":"has-post-thumbnail","6":"product_cat-kosmetologija","8":"first","9":"instock","10":"shipping-taxable","11":"purchasable","12":"product-type-simple"},"_links":{"self":[{"href":"https:\/\/www.happysunday.eu\/index.php?rest_route=\/wp\/v2\/product\/6856","targetHints":{"allow":["GET"]}}],"collection":[{"href":"https:\/\/www.happysunday.eu\/index.php?rest_route=\/wp\/v2\/product"}],"about":[{"href":"https:\/\/www.happysunday.eu\/index.php?rest_route=\/wp\/v2\/types\/product"}],"wp:featuredmedia":[{"embeddable":true,"href":"https:\/\/www.happysunday.eu\/index.php?rest_route=\/wp\/v2\/media\/6857"}],"wp:attachment":[{"href":"https:\/\/www.happysunday.eu\/index.php?rest_route=%2Fwp%2Fv2%2Fmedia&parent=6856"}],"wp:term":[{"taxonomy":"product_brand","embeddable":true,"href":"https:\/\/www.happysunday.eu\/index.php?rest_route=%2Fwp%2Fv2%2Fproduct_brand&post=6856"},{"taxonomy":"product_cat","embeddable":true,"href":"https:\/\/www.happysunday.eu\/index.php?rest_route=%2Fwp%2Fv2%2Fproduct_cat&post=6856"},{"taxonomy":"product_tag","embeddable":true,"href":"https:\/\/www.happysunday.eu\/index.php?rest_route=%2Fwp%2Fv2%2Fproduct_tag&post=6856"}],"curies":[{"name":"wp","href":"https:\/\/api.w.org\/{rel}","templated":true}]}}