{"id":6860,"date":"2025-01-23T14:40:25","date_gmt":"2025-01-23T14:40:25","guid":{"rendered":"https:\/\/www.happysunday.eu\/?post_type=product&#038;p=6860"},"modified":"2026-04-07T07:07:11","modified_gmt":"2026-04-07T07:07:11","slug":"biopeel-perfect-pilings-tvirtumam-un-elastibai-7x2-ml","status":"publish","type":"product","link":"https:\/\/www.happysunday.eu\/?product=biopeel-perfect-pilings-tvirtumam-un-elastibai-7x2-ml","title":{"rendered":"BIOPEEL PERFECT \u2013 P\u012aLINGS TVIRTUMAM UN ELAST\u012aBAI 7&#215;2 ml"},"content":{"rendered":"<h1 class=\"product-title product_title entry-title\">Biopeel Age \u2013 Antiage Biochemical Peel 2ml x 7u<\/h1>\n<p>Antiage bio\u0137\u012bmiskais p\u012blings<\/p>\n<p>Glikolsk\u0101be 5%, azela\u012bnsk\u0101be 5%, niacinam\u012bds 5%<\/p>\n<p>Formula, kas sakaus\u0113 sk\u0101bes ar sp\u0113c\u012bgu pretiekaisuma akt\u012bvo sast\u0101vda\u013cu: Niacinam\u012bds. Ar p\u012blingu, atjaunojo\u0161u, atjaunojo\u0161u un re\u0123ener\u0113jo\u0161u darb\u012bbu, tai ir \u012bpa\u0161as \u012bpa\u0161\u012bbas, pateicoties siner\u0123ijai, kas ieg\u016bta no kombin\u0113to akt\u012bvo sast\u0101vda\u013cu savienojuma, kas uzlabo rezult\u0101tus un palielina formulas jaudu.<\/p>\n<p>Ieteicams, lai vis\u0101 pasaul\u0113 \u0101rst\u0113tu visas noveco\u0161an\u0101s paz\u012bmes un intens\u012bvi atjaunotu seju.<\/p>\n<p>IZPILDE<\/p>\n<p>Tas no\u0146em virspus\u0113jos \u0101das sl\u0101\u0146us, atjaunojot tos un uzlabojot \u0101das mikroreljefu, vienlaikus stimul\u0113jot \u0161\u016bnu darb\u012bbu, izraisot b\u016btisku \u0101das elast\u012bbas, tvirtuma un turgora uzlabo\u0161anos.<\/p>\n<p>Atjauno epidermas sl\u0101\u0146us, nolobojot virspus\u0113j\u0101s \u0161\u016bnas un veicinot \u0161\u016bnu atjauno\u0161anos, kas rada jaunu, jaun\u0101ku un funkcion\u0101l\u0101ku epidermu.<\/p>\n<p>AKT\u012aV\u0100S SAST\u0100VDA\u013bAS<\/p>\n<p>Glikolsk\u0101be: t\u0101 ir \u013coti daudzpus\u012bga akt\u012bv\u0101 sast\u0101vda\u013ca, kuru, pateicoties t\u0101 \u012bpa\u0161\u012bb\u0101m, izmanto da\u017e\u0101du \u0101das probl\u0113mu \u0101rst\u0113\u0161anai. P\u012blings par excellence, tas atbr\u012bvo \u0161\u016bnas \u0101das lob\u012b\u0161an\u0101s proces\u0101, p\u0101rtraucot starp\u0161\u016bnu savienojumus, radot jaunas \u0161\u016bnas ar liel\u0101ku vitalit\u0101ti.<br \/>\nAzela\u012bnsk\u0101be: iedarbojas uz \u0101du k\u0101 maigs, nenos\u012bksto\u0161s p\u012blings, kas pal\u012bdz atbr\u012bvot poras un uzlabot \u0101das virsmu. Iev\u0113rojami samazina faktorus \u0101d\u0101, kas izraisa jut\u012bgumu un plankumus, un nodro\u0161ina antioksidantu priek\u0161roc\u012bbas.<br \/>\nNiacinam\u012bds: viens no sp\u0113c\u012bg\u0101kajiem pretiekaisuma l\u012bdzek\u013ciem skaistumkop\u0161anas pasaul\u0113, padarot to par lielisku sabiedroto cilv\u0113kiem ar pinn\u0113m, rosaceju, paaugstin\u0101tu jut\u012bbu vai kairin\u0101tu \u0101du. Tas uzreiz atsl\u0101bina \u0101du un ir lielisks citu akt\u012bvo vielu pastiprin\u0101t\u0101js. Tas ir sp\u0113c\u012bgs antioksidants, kas aizsarg\u0101 \u0101du no br\u012bvajiem radik\u0101\u013ciem, piem\u0113ram, pies\u0101r\u0146ojuma vai saules starojuma. Tas ir dabiski stabils un pal\u012bdz \u0101dai aizsarg\u0101ties un kontrol\u0113t savu sebuma ra\u017eo\u0161anu.<\/p>\n<p>K\u0100 LIETOT:<\/p>\n<p>Uzkl\u0101jiet da\u017eus pilienus uz sejas un dekolt\u0113 \u0101das. Atst\u0101jiet iedarb\u012bb\u0101 3-10 min\u016btes un no\u0146emiet ar \u016bdeni. Katru reizi palielinot apstr\u0101des laiku uz 1 min\u016bti. \u00a0Ja tiek nov\u0113rota jebk\u0101da veida reakcija, nekav\u0113joties no\u0146emiet. Nelietot uz g\u013cot\u0101d\u0101m vai ap ac\u012bm. Var lie tot reizi 2 ned\u0113\u013c\u0101s.<\/p>\n<p>P\u0113c visa veida p\u012blingiem oblig\u0101ti izmantojiet SPF kr\u0113mus ar\u012b ziemas laik\u0101.<\/p>\n<p>&nbsp;<\/p>\n","protected":false},"excerpt":{"rendered":"<p>Biopeel Age \u2013 Antiage Biochemical Peel 2ml x 7u Antiage bio\u0137\u012bmiskais p\u012blings Glikolsk\u0101be 5%, azela\u012bnsk\u0101be 5%, niacinam\u012bds 5% Formula, kas sakaus\u0113 sk\u0101bes ar sp\u0113c\u012bgu pretiekaisuma akt\u012bvo sast\u0101vda\u013cu: Niacinam\u012bds. Ar p\u012blingu, atjaunojo\u0161u, atjaunojo\u0161u un re\u0123ener\u0113jo\u0161u darb\u012bbu, tai ir \u012bpa\u0161as \u012bpa\u0161\u012bbas, pateicoties siner\u0123ijai, kas ieg\u016bta no kombin\u0113to akt\u012bvo sast\u0101vda\u013cu savienojuma, kas uzlabo rezult\u0101tus un palielina formulas jaudu. Ieteicams, lai vis\u0101 pasaul\u0113 \u0101rst\u0113tu visas noveco\u0161an\u0101s paz\u012bmes un intens\u012bvi atjaunotu seju. IZPILDE Tas no\u0146em virspus\u0113jos \u0101das sl\u0101\u0146us, atjaunojot tos un uzlabojot \u0101das mikroreljefu, vienlaikus stimul\u0113jot \u0161\u016bnu darb\u012bbu, izraisot b\u016btisku \u0101das elast\u012bbas, tvirtuma un turgora&hellip;<\/p>\n","protected":false},"featured_media":6861,"template":"","meta":[],"product_brand":[],"product_cat":[63],"product_tag":[],"class_list":{"0":"post-6860","1":"product","2":"type-product","3":"status-publish","4":"has-post-thumbnail","6":"product_cat-kosmetologija","8":"first","9":"instock","10":"shipping-taxable","11":"purchasable","12":"product-type-simple"},"_links":{"self":[{"href":"https:\/\/www.happysunday.eu\/index.php?rest_route=\/wp\/v2\/product\/6860","targetHints":{"allow":["GET"]}}],"collection":[{"href":"https:\/\/www.happysunday.eu\/index.php?rest_route=\/wp\/v2\/product"}],"about":[{"href":"https:\/\/www.happysunday.eu\/index.php?rest_route=\/wp\/v2\/types\/product"}],"wp:featuredmedia":[{"embeddable":true,"href":"https:\/\/www.happysunday.eu\/index.php?rest_route=\/wp\/v2\/media\/6861"}],"wp:attachment":[{"href":"https:\/\/www.happysunday.eu\/index.php?rest_route=%2Fwp%2Fv2%2Fmedia&parent=6860"}],"wp:term":[{"taxonomy":"product_brand","embeddable":true,"href":"https:\/\/www.happysunday.eu\/index.php?rest_route=%2Fwp%2Fv2%2Fproduct_brand&post=6860"},{"taxonomy":"product_cat","embeddable":true,"href":"https:\/\/www.happysunday.eu\/index.php?rest_route=%2Fwp%2Fv2%2Fproduct_cat&post=6860"},{"taxonomy":"product_tag","embeddable":true,"href":"https:\/\/www.happysunday.eu\/index.php?rest_route=%2Fwp%2Fv2%2Fproduct_tag&post=6860"}],"curies":[{"name":"wp","href":"https:\/\/api.w.org\/{rel}","templated":true}]}}