{"id":6895,"date":"2025-02-04T07:45:24","date_gmt":"2025-02-04T07:45:24","guid":{"rendered":"https:\/\/www.happysunday.eu\/?post_type=product&#038;p=6895"},"modified":"2026-04-07T07:07:11","modified_gmt":"2026-04-07T07:07:11","slug":"kleral-system-arstnieciskas-ampules-pret-matu-izskrisanu","status":"publish","type":"product","link":"https:\/\/www.happysunday.eu\/?product=kleral-system-arstnieciskas-ampules-pret-matu-izskrisanu","title":{"rendered":"KLERAL SYSTEM  \u0101rstniecisk\u0101s ampules pret matu izskri\u0161anu"},"content":{"rendered":"<p>BCOSI Energy Boost Extra Boost Action ir matu losjons ampul\u0101s, kas izstr\u0101d\u0101ts, lai atjaunotu galvas \u0101du un veicin\u0101tu matu aug\u0161anu un sabiez\u0113\u0161anu, vienlaikus aizsarg\u0101jot matus un galvas \u0101du no apk\u0101rt\u0113j\u0101s vides kait\u012bg\u0101s ietekmes.\u00a0 \ufffc<\/p>\n<p>Galven\u0101s sast\u0101vda\u013cas un to priek\u0161roc\u012bbas:<br \/>\n\u2022\u00a0\u00a0\u00a0\u00a0\u00a0\u00a0 N\u0101tru ekstrakts: Bag\u0101ts ar fermentiem un aminosk\u0101b\u0113m, kas veicina matu aug\u0161anu un kav\u0113 DHT veido\u0161anos \u2013 galveno matu izkri\u0161anas c\u0113loni gan v\u012brie\u0161iem, gan sieviet\u0113m.<br \/>\n\u2022\u00a0\u00a0\u00a0\u00a0\u00a0\u00a0 ** \u017ee\u0146\u0161e\u0146a ekstrakts**: Atjauno un l\u012bdzsvaro galvas \u0101das mitrumu, veicina \u0101das \u0161\u016bnu re\u0123ener\u0101ciju un efekt\u012bvi detoksic\u0113.<br \/>\n\u2022\u00a0\u00a0\u00a0\u00a0\u00a0\u00a0 Api\u0146u ekstrakts: Nodro\u0161ina detoksic\u0113jo\u0161u, antioksidantu un ener\u0123iz\u0113jo\u0161u iedarb\u012bbu v\u0101jiem matiem.\u00a0 \ufffc<br \/>\n\u2022\u00a0\u00a0\u00a0\u00a0\u00a0\u00a0 S\u0113rs: Pretiekaisuma sast\u0101vda\u013ca, kas samazina sebuma sekr\u0113ciju galvas \u0101d\u0101 un atver poras, maigi iedarbojoties uz galvas \u0101das virsmu, saglab\u0101jot nepiecie\u0161amo mitrumu un minimiz\u0113jot kairin\u0101jumu.<br \/>\n\u2022\u00a0\u00a0\u00a0\u00a0\u00a0\u00a0 Citronsk\u0101be: Pal\u012bdz att\u012br\u012bt galvas \u0101du, nov\u0113r\u0161 liek\u0101 tauku uzkr\u0101\u0161anos matu folikulos un samazina iekaisumu un piet\u016bkumu.<br \/>\n\u2022\u00a0\u00a0\u00a0\u00a0\u00a0\u00a0 Vitam\u012bns B5: Aizsarg\u0101 matu folikulus, uzlabo mikrocirkul\u0101ciju, atbalstot matu aug\u0161anu.<br \/>\n\u2022\u00a0\u00a0\u00a0\u00a0\u00a0\u00a0 Hidroliz\u0113ts kolag\u0113ns: Atjauno galvas \u0101das mitrumu, baro vecos matus un efekt\u012bvi aizsarg\u0101 jaunus matus.<\/p>\n<p>Lieto\u0161anas instrukcija:<\/p>\n<p>Uz 80% sausiem matiem uzkl\u0101jiet esences A un B uz galvas \u0101das, iemas\u0113jiet l\u012bdz piln\u012bgai uzs\u016bk\u0161anai. Lai sasniegtu v\u0113lamo efektu, lietojiet regul\u0101ri vismaz 3 m\u0113ne\u0161us.\u00a0 \ufffc<\/p>\n<p>\u0160is produkts ir \u012bpa\u0161i piem\u0113rots cilv\u0113kiem ar v\u0101jiem matiem, kas v\u0113las uzlabot matu aug\u0161anu un stiprin\u0101t galvas \u0101das vesel\u012bbu.<\/p>\n","protected":false},"excerpt":{"rendered":"<p>BCOSI Energy Boost Extra Boost Action ir matu losjons ampul\u0101s, kas izstr\u0101d\u0101ts, lai atjaunotu galvas \u0101du un veicin\u0101tu matu aug\u0161anu un sabiez\u0113\u0161anu, vienlaikus aizsarg\u0101jot matus un galvas \u0101du no apk\u0101rt\u0113j\u0101s vides kait\u012bg\u0101s ietekmes.\u00a0 \ufffc Galven\u0101s sast\u0101vda\u013cas un to priek\u0161roc\u012bbas: \u2022\u00a0\u00a0\u00a0\u00a0\u00a0\u00a0 N\u0101tru ekstrakts: Bag\u0101ts ar fermentiem un aminosk\u0101b\u0113m, kas veicina matu aug\u0161anu un kav\u0113 DHT veido\u0161anos \u2013 galveno matu izkri\u0161anas c\u0113loni gan v\u012brie\u0161iem, gan sieviet\u0113m. \u2022\u00a0\u00a0\u00a0\u00a0\u00a0\u00a0 ** \u017ee\u0146\u0161e\u0146a ekstrakts**: Atjauno un l\u012bdzsvaro galvas \u0101das mitrumu, veicina \u0101das \u0161\u016bnu re\u0123ener\u0101ciju un efekt\u012bvi detoksic\u0113. \u2022\u00a0\u00a0\u00a0\u00a0\u00a0\u00a0 Api\u0146u ekstrakts: Nodro\u0161ina detoksic\u0113jo\u0161u, antioksidantu un ener\u0123iz\u0113jo\u0161u iedarb\u012bbu&hellip;<\/p>\n","protected":false},"featured_media":6896,"template":"","meta":[],"product_brand":[],"product_cat":[71,33,69,58],"product_tag":[],"class_list":{"0":"post-6895","1":"product","2":"type-product","3":"status-publish","4":"has-post-thumbnail","6":"product_cat-davanas","7":"product_cat-uncategorized","8":"product_cat-matu-kopsana-2","9":"product_cat-super-sale","11":"first","12":"instock","13":"shipping-taxable","14":"purchasable","15":"product-type-simple"},"_links":{"self":[{"href":"https:\/\/www.happysunday.eu\/index.php?rest_route=\/wp\/v2\/product\/6895","targetHints":{"allow":["GET"]}}],"collection":[{"href":"https:\/\/www.happysunday.eu\/index.php?rest_route=\/wp\/v2\/product"}],"about":[{"href":"https:\/\/www.happysunday.eu\/index.php?rest_route=\/wp\/v2\/types\/product"}],"wp:featuredmedia":[{"embeddable":true,"href":"https:\/\/www.happysunday.eu\/index.php?rest_route=\/wp\/v2\/media\/6896"}],"wp:attachment":[{"href":"https:\/\/www.happysunday.eu\/index.php?rest_route=%2Fwp%2Fv2%2Fmedia&parent=6895"}],"wp:term":[{"taxonomy":"product_brand","embeddable":true,"href":"https:\/\/www.happysunday.eu\/index.php?rest_route=%2Fwp%2Fv2%2Fproduct_brand&post=6895"},{"taxonomy":"product_cat","embeddable":true,"href":"https:\/\/www.happysunday.eu\/index.php?rest_route=%2Fwp%2Fv2%2Fproduct_cat&post=6895"},{"taxonomy":"product_tag","embeddable":true,"href":"https:\/\/www.happysunday.eu\/index.php?rest_route=%2Fwp%2Fv2%2Fproduct_tag&post=6895"}],"curies":[{"name":"wp","href":"https:\/\/api.w.org\/{rel}","templated":true}]}}