{"id":6948,"date":"2025-02-10T12:14:29","date_gmt":"2025-02-10T12:14:29","guid":{"rendered":"https:\/\/www.happysunday.eu\/?post_type=product&#038;p=6948"},"modified":"2026-04-07T07:07:11","modified_gmt":"2026-04-07T07:07:11","slug":"masazas-ella-elastibai-500ml","status":"publish","type":"product","link":"https:\/\/www.happysunday.eu\/?product=masazas-ella-elastibai-500ml","title":{"rendered":"MAS\u0100\u017dAS E\u013b\u013bA ELAST\u012aBAI 500ml"},"content":{"rendered":"<p><b>BODY MASSAGE &#8211; <\/b><strong>MASSAGE OIL ELASTICIZING with Omega 3-6<\/strong><\/p>\n<p>\u0136ERME\u0145A MAS\u0100\u017dA &#8211; MAS\u0100\u017dAS E\u013b\u013bA ELASTICIZ\u0112JO\u0160A ar Omega 3-6<\/p>\n<p>Mas\u0101\u017eas e\u013c\u013ca paredz\u0113ta \u0101dai ar noslieci uz tonusa un elast\u012bbas zudumu. T\u0101s formula, kas bag\u0101tin\u0101ta ar Omega 3-6 sk\u0101b\u0113m, stiprina \u0101das dabisko barjeru, nov\u0113r\u0161ot strijas un \u0101das atsl\u0101bumu. Omega 3-6 sk\u0101bju antioksidanta sp\u0113ks aizsarg\u0101 \u0101du no priek\u0161laic\u012bgas noveco\u0161anas, saglab\u0101jot to vesel\u012bgu un tvirtu.<\/p>\n<p>Mas\u0101\u017eas e\u013c\u013ca, kas izstr\u0101d\u0101ta bezton\u012bgas \u0101das kop\u0161anai. Omega 3-6 nov\u0113r\u0161 sausumu, padarot \u0101du elast\u012bgu un kompaktu.<br \/>\n99,1% DAB\u012aGS<\/p>\n<p>OMEGA 3-6: tauksk\u0101bes, ko raksturo l\u012bdzsvarots linolsk\u0101bes un linol\u0113nsk\u0101bes saturs, kas ir noder\u012bgi elementi \u0101das elast\u012bbas saglab\u0101\u0161anai. To augst\u0101 barojo\u0161\u0101 jauda aizsarg\u0101 \u0101das dabisko hidrolip\u012bdu barjeru, izvairoties no \u016bdens zuduma, kas izraisa \u0101das sausumu un nokar\u0101\u0161anos. Turkl\u0101t Omega 3-6 sk\u0101b\u0113m piem\u012bt svar\u012bgas antioksidanta \u012bpa\u0161\u012bbas pret priek\u0161laic\u012bgu \u0101das noveco\u0161anos, ko izraisa saules iedarb\u012bba un oksidat\u012bvais stress.<\/p>\n<p>&nbsp;<\/p>\n","protected":false},"excerpt":{"rendered":"<p>BODY MASSAGE &#8211; MASSAGE OIL ELASTICIZING with Omega 3-6 \u0136ERME\u0145A MAS\u0100\u017dA &#8211; MAS\u0100\u017dAS E\u013b\u013bA ELASTICIZ\u0112JO\u0160A ar Omega 3-6 Mas\u0101\u017eas e\u013c\u013ca paredz\u0113ta \u0101dai ar noslieci uz tonusa un elast\u012bbas zudumu. T\u0101s formula, kas bag\u0101tin\u0101ta ar Omega 3-6 sk\u0101b\u0113m, stiprina \u0101das dabisko barjeru, nov\u0113r\u0161ot strijas un \u0101das atsl\u0101bumu. Omega 3-6 sk\u0101bju antioksidanta sp\u0113ks aizsarg\u0101 \u0101du no priek\u0161laic\u012bgas noveco\u0161anas, saglab\u0101jot to vesel\u012bgu un tvirtu. Mas\u0101\u017eas e\u013c\u013ca, kas izstr\u0101d\u0101ta bezton\u012bgas \u0101das kop\u0161anai. Omega 3-6 nov\u0113r\u0161 sausumu, padarot \u0101du elast\u012bgu un kompaktu. 99,1% DAB\u012aGS OMEGA 3-6: tauksk\u0101bes, ko raksturo l\u012bdzsvarots linolsk\u0101bes un linol\u0113nsk\u0101bes saturs, kas&hellip;<\/p>\n","protected":false},"featured_media":6949,"template":"","meta":[],"product_brand":[],"product_cat":[64,73],"product_tag":[],"class_list":{"0":"post-6948","1":"product","2":"type-product","3":"status-publish","4":"has-post-thumbnail","6":"product_cat-kermenu-kopsana","7":"product_cat-masaza","9":"first","10":"instock","11":"shipping-taxable","12":"purchasable","13":"product-type-simple"},"_links":{"self":[{"href":"https:\/\/www.happysunday.eu\/index.php?rest_route=\/wp\/v2\/product\/6948","targetHints":{"allow":["GET"]}}],"collection":[{"href":"https:\/\/www.happysunday.eu\/index.php?rest_route=\/wp\/v2\/product"}],"about":[{"href":"https:\/\/www.happysunday.eu\/index.php?rest_route=\/wp\/v2\/types\/product"}],"wp:featuredmedia":[{"embeddable":true,"href":"https:\/\/www.happysunday.eu\/index.php?rest_route=\/wp\/v2\/media\/6949"}],"wp:attachment":[{"href":"https:\/\/www.happysunday.eu\/index.php?rest_route=%2Fwp%2Fv2%2Fmedia&parent=6948"}],"wp:term":[{"taxonomy":"product_brand","embeddable":true,"href":"https:\/\/www.happysunday.eu\/index.php?rest_route=%2Fwp%2Fv2%2Fproduct_brand&post=6948"},{"taxonomy":"product_cat","embeddable":true,"href":"https:\/\/www.happysunday.eu\/index.php?rest_route=%2Fwp%2Fv2%2Fproduct_cat&post=6948"},{"taxonomy":"product_tag","embeddable":true,"href":"https:\/\/www.happysunday.eu\/index.php?rest_route=%2Fwp%2Fv2%2Fproduct_tag&post=6948"}],"curies":[{"name":"wp","href":"https:\/\/api.w.org\/{rel}","templated":true}]}}