{"id":7067,"date":"2025-02-25T11:10:34","date_gmt":"2025-02-25T11:10:34","guid":{"rendered":"https:\/\/www.happysunday.eu\/?post_type=product&#038;p=7067"},"modified":"2026-04-07T07:07:10","modified_gmt":"2026-04-07T07:07:10","slug":"spf-50-saules-aizsargkrems-lupam","status":"publish","type":"product","link":"https:\/\/www.happysunday.eu\/?product=spf-50-saules-aizsargkrems-lupam","title":{"rendered":"SPF 50 SAULES AIZSARGKR\u0112MS L\u016aP\u0100M"},"content":{"rendered":"<div id=\"product-title\">\n<h1 class=\"product_title entry-title\">THAT&#8217;S SO ALL IN ONE LIPSTICK SPF50<\/h1>\n<p class=\"p1\"><span class=\"s1\">That So Lip SPF 50 \u2013 J\u016bsu saules aizsardz\u012bba visaugst\u0101kaj\u0101 l\u012bmen\u012b!<\/span><\/p>\n<p class=\"p1\"><span class=\"s2\">Pied\u0101v\u0101jiet sav\u0101m l\u016bp\u0101m un \u0101dai uzticamu aizsardz\u012bbu ar \u0161o unik\u0101lo balzamu ar SPF 50! \u0160is produkts ir rad\u012bts ne tikai l\u016bp\u0101m, bet ar\u012b past\u0101v\u012bgajam tetov\u0113jumam, dzimumz\u012bm\u0113m, tetov\u0113jumiem un pat visjut\u012bg\u0101kaj\u0101m \u0101das viet\u0101m. Ar t\u0101 pal\u012bdz\u012bbu j\u016bs pasarg\u0101siet \u0161\u012bs zonas no agres\u012bvajiem saules stariem, saglab\u0101jot to skaistumu un dz\u012bvotsp\u0113ju ilgi.<\/span><\/p>\n<p class=\"p1\"><span class=\"s2\">Ar <\/span><span class=\"s1\">That So Lip SPF 50<\/span><span class=\"s2\"> j\u016bsu l\u016bpas vienm\u0113r b\u016bs mitrin\u0101tas, bet past\u0101v\u012bgais tetov\u0113jums, dzimumz\u012bmes un tetov\u0113jumi paliks ide\u0101l\u0101 st\u0101vokl\u012b, nezaud\u0113jot spilgtumu saules staru ietekm\u0113. Viegl\u0101 tekst\u016bra \u0101tri uzs\u016bcas un neatst\u0101j taukainus traipus, nodro\u0161inot ilgsto\u0161u aizsardz\u012bbu pret UVA un UVB stariem.<\/span><\/p>\n<p class=\"p1\"><span class=\"s2\">D\u0101viniet sev komfortu un p\u0101rliec\u012bbu katru dienu, vai tas b\u016btu pludmales atp\u016bta vai pastaigas pa pils\u0113tu. \u0160is balzams k\u013c\u016bs par neaizst\u0101jamu pal\u012bgu \u0101das kop\u0161an\u0101!<\/span><\/p>\n<\/div>\n","protected":false},"excerpt":{"rendered":"<p>THAT&#8217;S SO ALL IN ONE LIPSTICK SPF50 That So Lip SPF 50 \u2013 J\u016bsu saules aizsardz\u012bba visaugst\u0101kaj\u0101 l\u012bmen\u012b! Pied\u0101v\u0101jiet sav\u0101m l\u016bp\u0101m un \u0101dai uzticamu aizsardz\u012bbu ar \u0161o unik\u0101lo balzamu ar SPF 50! \u0160is produkts ir rad\u012bts ne tikai l\u016bp\u0101m, bet ar\u012b past\u0101v\u012bgajam tetov\u0113jumam, dzimumz\u012bm\u0113m, tetov\u0113jumiem un pat visjut\u012bg\u0101kaj\u0101m \u0101das viet\u0101m. Ar t\u0101 pal\u012bdz\u012bbu j\u016bs pasarg\u0101siet \u0161\u012bs zonas no agres\u012bvajiem saules stariem, saglab\u0101jot to skaistumu un dz\u012bvotsp\u0113ju ilgi. Ar That So Lip SPF 50 j\u016bsu l\u016bpas vienm\u0113r b\u016bs mitrin\u0101tas, bet past\u0101v\u012bgais tetov\u0113jums, dzimumz\u012bmes un tetov\u0113jumi paliks ide\u0101l\u0101 st\u0101vokl\u012b, nezaud\u0113jot spilgtumu saules&hellip;<\/p>\n","protected":false},"featured_media":7068,"template":"","meta":[],"product_brand":[],"product_cat":[84,34,58,83],"product_tag":[],"class_list":{"0":"post-7067","1":"product","2":"type-product","3":"status-publish","4":"has-post-thumbnail","6":"product_cat-saules-kosmetika","7":"product_cat-kosmetika","8":"product_cat-super-sale","9":"product_cat-that-so","11":"first","12":"instock","13":"featured","14":"shipping-taxable","15":"purchasable","16":"product-type-simple"},"_links":{"self":[{"href":"https:\/\/www.happysunday.eu\/index.php?rest_route=\/wp\/v2\/product\/7067","targetHints":{"allow":["GET"]}}],"collection":[{"href":"https:\/\/www.happysunday.eu\/index.php?rest_route=\/wp\/v2\/product"}],"about":[{"href":"https:\/\/www.happysunday.eu\/index.php?rest_route=\/wp\/v2\/types\/product"}],"wp:featuredmedia":[{"embeddable":true,"href":"https:\/\/www.happysunday.eu\/index.php?rest_route=\/wp\/v2\/media\/7068"}],"wp:attachment":[{"href":"https:\/\/www.happysunday.eu\/index.php?rest_route=%2Fwp%2Fv2%2Fmedia&parent=7067"}],"wp:term":[{"taxonomy":"product_brand","embeddable":true,"href":"https:\/\/www.happysunday.eu\/index.php?rest_route=%2Fwp%2Fv2%2Fproduct_brand&post=7067"},{"taxonomy":"product_cat","embeddable":true,"href":"https:\/\/www.happysunday.eu\/index.php?rest_route=%2Fwp%2Fv2%2Fproduct_cat&post=7067"},{"taxonomy":"product_tag","embeddable":true,"href":"https:\/\/www.happysunday.eu\/index.php?rest_route=%2Fwp%2Fv2%2Fproduct_tag&post=7067"}],"curies":[{"name":"wp","href":"https:\/\/api.w.org\/{rel}","templated":true}]}}