{"id":7069,"date":"2025-02-25T11:20:39","date_gmt":"2025-02-25T11:20:39","guid":{"rendered":"https:\/\/www.happysunday.eu\/?post_type=product&#038;p=7069"},"modified":"2026-04-07T07:07:10","modified_gmt":"2026-04-07T07:07:10","slug":"spf-30-saules-aizsargputas-sejai-antioxidant-100ml","status":"publish","type":"product","link":"https:\/\/www.happysunday.eu\/?product=spf-30-saules-aizsargputas-sejai-antioxidant-100ml","title":{"rendered":"SEJAS ANTIOXIDANT PUTAS AR ANTI-AGE EFEKTU UN SPF30 100ML"},"content":{"rendered":"<div id=\"product-title\">\n<h1 class=\"product_title entry-title\">THAT&#8217;S SO ALL IN ONE SPF 30 SAULES AIZSARGPUTAS SEJAI ANTIOXIDANT 100ML<\/h1>\n<p class=\"p1\"><span class=\"s1\">That So Active Antioxidant SPF 30 \u2013 J\u016bsu \u0101das aizsardz\u012bba un vitalit\u0101te!<\/span><\/p>\n<p class=\"p1\"><span class=\"s1\">Unik\u0101ls produkts \u2013 sejas putas ar anti-age efektu un maigu mirdzo\u0161u glow efektu, lielisks antioksidants un lieliska alternat\u012bva parastajam sejas kr\u0113mam. SPF30 nodro\u0161ina dro\u0161u aizsardz\u012bbu pavasar\u012b un vasar\u0101. \u0112rti lietojams un viegli uzkl\u0101jams, tas sniedz \u0101dai svaigumu un mitrin\u0101\u0161anu visas dienas garum\u0101. Ide\u0101li piem\u0113rots pirms MAKE UP uzkl\u0101\u0161anas, jo nodro\u0161ina vienm\u0113r\u012bgu pamatu un pal\u012bdz saglab\u0101t make-up notur\u012bbu!<\/span><\/p>\n<p class=\"p1\">T\u0101s antioksidanta formula pal\u012bdz neitraliz\u0113t br\u012bvo radik\u0101\u013cu darb\u012bbu. Tas ir bag\u0101tin\u0101ts ar Greentech KIGELINE\u00ae fitobioakt\u012bvo vielu, novatorisku sast\u0101vda\u013cu, kas, pateicoties lipol\u012btiskajai iedarb\u012bbai, pal\u012bdz saglab\u0101t \u0101du toniz\u0113tu un elast\u012bgu.<br \/>\nV\u0113rt\u012bgais Gold Filter Tech p\u0113r\u013cu efekta pigmentu mais\u012bjums pie\u0161\u0137ir \u0101dai mirdzo\u0161u un vienm\u0113r\u012bgu efektu.<\/p>\n<p>Akt\u012bv\u0101s putas ir ide\u0101ls pal\u012bgs, lai sagatavotu \u0101du grimam, pie\u0161\u0137irot tai antioksidantu un mirdzuma efektu.<br \/>\nAr savu \u012bpa\u0161i vieglo tekst\u016bru tas garant\u0113 \u0101dai visu nepiecie\u0161amo mitrin\u0101\u0161anu ar vienu mirkli, lai veiktu v\u0113l \u0101tr\u0101ku, bet efekt\u012bvu skaistumkop\u0161anas proced\u016bru.<\/p>\n<\/div>\n","protected":false},"excerpt":{"rendered":"<p>THAT&#8217;S SO ALL IN ONE SPF 30 SAULES AIZSARGPUTAS SEJAI ANTIOXIDANT 100ML That So Active Antioxidant SPF 30 \u2013 J\u016bsu \u0101das aizsardz\u012bba un vitalit\u0101te! Unik\u0101ls produkts \u2013 sejas putas ar anti-age efektu un maigu mirdzo\u0161u glow efektu, lielisks antioksidants un lieliska alternat\u012bva parastajam sejas kr\u0113mam. SPF30 nodro\u0161ina dro\u0161u aizsardz\u012bbu pavasar\u012b un vasar\u0101. \u0112rti lietojams un viegli uzkl\u0101jams, tas sniedz \u0101dai svaigumu un mitrin\u0101\u0161anu visas dienas garum\u0101. Ide\u0101li piem\u0113rots pirms MAKE UP uzkl\u0101\u0161anas, jo nodro\u0161ina vienm\u0113r\u012bgu pamatu un pal\u012bdz saglab\u0101t make-up notur\u012bbu! T\u0101s antioksidanta formula pal\u012bdz neitraliz\u0113t br\u012bvo radik\u0101\u013cu darb\u012bbu. Tas&hellip;<\/p>\n","protected":false},"featured_media":7070,"template":"","meta":[],"product_brand":[],"product_cat":[33,84,83],"product_tag":[],"class_list":{"0":"post-7069","1":"product","2":"type-product","3":"status-publish","4":"has-post-thumbnail","6":"product_cat-uncategorized","7":"product_cat-saules-kosmetika","8":"product_cat-that-so","10":"first","11":"instock","12":"featured","13":"shipping-taxable","14":"purchasable","15":"product-type-simple"},"_links":{"self":[{"href":"https:\/\/www.happysunday.eu\/index.php?rest_route=\/wp\/v2\/product\/7069","targetHints":{"allow":["GET"]}}],"collection":[{"href":"https:\/\/www.happysunday.eu\/index.php?rest_route=\/wp\/v2\/product"}],"about":[{"href":"https:\/\/www.happysunday.eu\/index.php?rest_route=\/wp\/v2\/types\/product"}],"wp:featuredmedia":[{"embeddable":true,"href":"https:\/\/www.happysunday.eu\/index.php?rest_route=\/wp\/v2\/media\/7070"}],"wp:attachment":[{"href":"https:\/\/www.happysunday.eu\/index.php?rest_route=%2Fwp%2Fv2%2Fmedia&parent=7069"}],"wp:term":[{"taxonomy":"product_brand","embeddable":true,"href":"https:\/\/www.happysunday.eu\/index.php?rest_route=%2Fwp%2Fv2%2Fproduct_brand&post=7069"},{"taxonomy":"product_cat","embeddable":true,"href":"https:\/\/www.happysunday.eu\/index.php?rest_route=%2Fwp%2Fv2%2Fproduct_cat&post=7069"},{"taxonomy":"product_tag","embeddable":true,"href":"https:\/\/www.happysunday.eu\/index.php?rest_route=%2Fwp%2Fv2%2Fproduct_tag&post=7069"}],"curies":[{"name":"wp","href":"https:\/\/api.w.org\/{rel}","templated":true}]}}