{"id":719,"date":"2021-01-17T13:48:28","date_gmt":"2021-01-17T13:48:28","guid":{"rendered":"https:\/\/www.happysunday.eu\/?post_type=product&#038;p=719"},"modified":"2026-04-07T06:53:15","modified_gmt":"2026-04-07T06:53:15","slug":"cleansing-liquid-1000ml","status":"publish","type":"product","link":"https:\/\/www.happysunday.eu\/?product=cleansing-liquid-1000ml","title":{"rendered":"ARCOCERE Cleansing Liquid 1000ml"},"content":{"rendered":"<div id=\"product-title\">\n<p>T\u012br\u012b\u0161anas \u0161\u0137\u012bdin\u0101t\u0101js, kas no\u0146em vaska paliekas no iek\u0101rt\u0101m, instrumentiem, ku\u0161et\u0113m un darba virsm\u0101m.<\/p>\n<\/div>\n","protected":false},"excerpt":{"rendered":"<p>T\u012br\u012b\u0161anas \u0161\u0137\u012bdin\u0101t\u0101js, kas no\u0146em vaska paliekas no iek\u0101rt\u0101m, instrumentiem, ku\u0161et\u0113m un darba virsm\u0101m.<\/p>\n","protected":false},"featured_media":815,"template":"","meta":[],"product_brand":[],"product_cat":[33,58],"product_tag":[],"class_list":{"0":"post-719","1":"product","2":"type-product","3":"status-publish","4":"has-post-thumbnail","6":"product_cat-uncategorized","7":"product_cat-super-sale","9":"first","10":"instock","11":"sale","12":"shipping-taxable","13":"purchasable","14":"product-type-simple"},"_links":{"self":[{"href":"https:\/\/www.happysunday.eu\/index.php?rest_route=\/wp\/v2\/product\/719","targetHints":{"allow":["GET"]}}],"collection":[{"href":"https:\/\/www.happysunday.eu\/index.php?rest_route=\/wp\/v2\/product"}],"about":[{"href":"https:\/\/www.happysunday.eu\/index.php?rest_route=\/wp\/v2\/types\/product"}],"wp:featuredmedia":[{"embeddable":true,"href":"https:\/\/www.happysunday.eu\/index.php?rest_route=\/wp\/v2\/media\/815"}],"wp:attachment":[{"href":"https:\/\/www.happysunday.eu\/index.php?rest_route=%2Fwp%2Fv2%2Fmedia&parent=719"}],"wp:term":[{"taxonomy":"product_brand","embeddable":true,"href":"https:\/\/www.happysunday.eu\/index.php?rest_route=%2Fwp%2Fv2%2Fproduct_brand&post=719"},{"taxonomy":"product_cat","embeddable":true,"href":"https:\/\/www.happysunday.eu\/index.php?rest_route=%2Fwp%2Fv2%2Fproduct_cat&post=719"},{"taxonomy":"product_tag","embeddable":true,"href":"https:\/\/www.happysunday.eu\/index.php?rest_route=%2Fwp%2Fv2%2Fproduct_tag&post=719"}],"curies":[{"name":"wp","href":"https:\/\/api.w.org\/{rel}","templated":true}]}}