{"id":727,"date":"2021-01-19T14:23:42","date_gmt":"2021-01-19T14:23:42","guid":{"rendered":"https:\/\/www.happysunday.eu\/?post_type=product&#038;p=727"},"modified":"2026-04-07T06:53:08","modified_gmt":"2026-04-07T06:53:08","slug":"gelpolish-remover-1000ml","status":"publish","type":"product","link":"https:\/\/www.happysunday.eu\/?product=gelpolish-remover-1000ml","title":{"rendered":"Gelpolish remover 1000ml"},"content":{"rendered":"<div id=\"product-title\">\n<p>Profesion\u0101lais l\u012bdzeklis gela lakas no\u0146em\u0161anai.<br \/>\nL\u012bdzeklis 10-15 min\u016b\u0161u laik\u0101 sairdina un iz\u0161\u0137\u012bdina gellakas, lai J\u016bs var\u0113tu viegli no\u0146emt manik\u012bru. Samitriniet vates disku l\u012bdzekl\u012b un pielieciet pie naga virsmas. Katru nagu atsevi\u0161\u0137i ietiniet folij\u0101 uz 10-15 min\u016bt\u0113m un p\u0113c folija un vates no\u0146em\u0161anas ar koci\u0146a pal\u012bdz\u012bbu no\u0146emiet no naga sairdin\u0101to biog\u0113lu vai g\u0113llaku!<br \/>\nAtbr\u012bvojieties no apniku\u0161\u0101 vai ataugu\u0161\u0101 manik\u012bra jaud\u012bgi un vienlaikus saudz\u012bgi pret dab\u012bgajiem nagiem!<\/p>\n<\/div>\n","protected":false},"excerpt":{"rendered":"<p>Profesion\u0101lais l\u012bdzeklis gela lakas no\u0146em\u0161anai. L\u012bdzeklis 10-15 min\u016b\u0161u laik\u0101 sairdina un iz\u0161\u0137\u012bdina gellakas, lai J\u016bs var\u0113tu viegli no\u0146emt manik\u012bru. Samitriniet vates disku l\u012bdzekl\u012b un pielieciet pie naga virsmas. Katru nagu atsevi\u0161\u0137i ietiniet folij\u0101 uz 10-15 min\u016bt\u0113m un p\u0113c folija un vates no\u0146em\u0161anas ar koci\u0146a pal\u012bdz\u012bbu no\u0146emiet no naga sairdin\u0101to biog\u0113lu vai g\u0113llaku! Atbr\u012bvojieties no apniku\u0161\u0101 vai ataugu\u0161\u0101 manik\u012bra jaud\u012bgi un vienlaikus saudz\u012bgi pret dab\u012bgajiem nagiem!<\/p>\n","protected":false},"featured_media":728,"template":"","meta":[],"product_brand":[],"product_cat":[58],"product_tag":[],"class_list":{"0":"post-727","1":"product","2":"type-product","3":"status-publish","4":"has-post-thumbnail","6":"product_cat-super-sale","8":"first","9":"instock","10":"sale","11":"shipping-taxable","12":"purchasable","13":"product-type-simple"},"_links":{"self":[{"href":"https:\/\/www.happysunday.eu\/index.php?rest_route=\/wp\/v2\/product\/727","targetHints":{"allow":["GET"]}}],"collection":[{"href":"https:\/\/www.happysunday.eu\/index.php?rest_route=\/wp\/v2\/product"}],"about":[{"href":"https:\/\/www.happysunday.eu\/index.php?rest_route=\/wp\/v2\/types\/product"}],"wp:featuredmedia":[{"embeddable":true,"href":"https:\/\/www.happysunday.eu\/index.php?rest_route=\/wp\/v2\/media\/728"}],"wp:attachment":[{"href":"https:\/\/www.happysunday.eu\/index.php?rest_route=%2Fwp%2Fv2%2Fmedia&parent=727"}],"wp:term":[{"taxonomy":"product_brand","embeddable":true,"href":"https:\/\/www.happysunday.eu\/index.php?rest_route=%2Fwp%2Fv2%2Fproduct_brand&post=727"},{"taxonomy":"product_cat","embeddable":true,"href":"https:\/\/www.happysunday.eu\/index.php?rest_route=%2Fwp%2Fv2%2Fproduct_cat&post=727"},{"taxonomy":"product_tag","embeddable":true,"href":"https:\/\/www.happysunday.eu\/index.php?rest_route=%2Fwp%2Fv2%2Fproduct_tag&post=727"}],"curies":[{"name":"wp","href":"https:\/\/api.w.org\/{rel}","templated":true}]}}