{"id":7333,"date":"2025-03-19T09:55:34","date_gmt":"2025-03-19T09:55:34","guid":{"rendered":"https:\/\/www.happysunday.eu\/?post_type=product&#038;p=7333"},"modified":"2026-04-07T07:07:10","modified_gmt":"2026-04-07T07:07:10","slug":"niacinamids-serums-sejais-ar-niacinamidu-cinku-magneju-un-lakricu","status":"publish","type":"product","link":"https:\/\/www.happysunday.eu\/?product=niacinamids-serums-sejais-ar-niacinamidu-cinku-magneju-un-lakricu","title":{"rendered":"SERUMS SEJAI AR NIACINAM\u012aDU, CINKU, MAGN\u0112JU UN LAKRICU"},"content":{"rendered":"<div id=\"product-title\">\n<p>NIAC\u012aNAM\u012aDS<br \/>\nSERUMS PRET PIGMENT\u0100CIJU<br \/>\nNIAC\u012aNAM\u012aDS &#8211; CINKS &#8211; MAGN\u0112JS &#8211; MANG\u0100NS &#8211; VA\u0160S &#8211; LAKRICA<\/p>\n<p>Niacinam\u012bda serums ir \u012bstais produkts tiem, kas v\u0113las ieg\u016bt gludu, vienm\u0113r\u012bgu un mirdzo\u0161u \u0101du. Izstr\u0101d\u0101ts, lai efekt\u012bvi nov\u0113rstu, pigment\u0101ciju, tum\u0161os plankumus un pinnes.<br \/>\nVEG\u0100NU FORMULA\u00a0\u2014 VAIR\u0100K\u0100K\u0100K 96% DAB\u012aGAS IZCELSMES SAST\u0100VDA\u013bU<\/p>\n<p class=\"p1\"><span class=\"s1\">Niacinamide Booster<\/span><span class=\"s2\"> \u2013 efekt\u012bvs l\u012bdzeklis, kas pal\u012bdz c\u012bn\u012bties ar tum\u0161iem plankumiem, \u0101das nepiln\u012bb\u0101m un papla\u0161in\u0101t\u0101m por\u0101m. Regul\u0101ra lieto\u0161ana padara \u0101du glud\u0101ku un vienm\u0113r\u012bg\u0101ku, uzlabojot t\u0101s tekst\u016bru un tonusu.<\/span><\/p>\n<p class=\"p1\"><span class=\"s2\">T\u0101 formula stiprina \u0101das aizsargbarjeru, uztur optim\u0101lu mitruma l\u012bmeni un baro epidermu. Niacinam\u012bds veicina kolag\u0113na ra\u017eo\u0161anu, pal\u012bdzot samazin\u0101t grumbi\u0146as un smalk\u0101s l\u012bnijas, padarot \u0101du tvirt\u0101ku un jaunekl\u012bg\u0101ku.<\/span><\/p>\n<p class=\"p1\"><span class=\"s2\">Papildus tas samazina noguruma un bl\u0101vuma paz\u012bmes, pie\u0161\u0137irot \u0101dai vesel\u012bgu mirdzumu un vienm\u0113r\u012bgu izskatu.<\/span><\/p>\n<p>Ieteicams produkts norm\u0101lai, biezai un taukainai \u0101dai. Ide\u0101li piem\u0113rots visiem vecumiem. Svaiga un viegla tekst\u016bra. BR\u012aDIN\u0100JUMS: T\u0101 k\u0101 tas satur sk\u0101bi, tas var izrais\u012bt vieglu tirp\u0161anas saj\u016btu uzkl\u0101\u0161anas laik\u0101, \u012bpa\u0161i uz jut\u012bgas \u0101das. Ja dedzino\u0161\u0101 saj\u016bta nep\u0101riet, r\u016bp\u012bgi noskalojiet ar remdenu \u016bdeni.<\/p>\n<p class=\"p1\"><span class=\"s1\">K\u0101 lietot?<\/span><\/p>\n<p class=\"p2\"><span class=\"s1\">1. Pirms lieto\u0161anas izt\u012briet un no\u017e\u0101v\u0113jiet \u0101du.<\/span><\/p>\n<p class=\"p2\"><span class=\"s1\">2. Uzkl\u0101jiet da\u017eus pilienus uz \u0101das un viegli iemas\u0113jiet, l\u012bdz tas piln\u012bb\u0101 uzs\u016bcas.<\/span><\/p>\n<p class=\"p2\"><span class=\"s1\">3. Izvairieties no saskares ar ac\u012bm.<\/span><\/p>\n<p class=\"p2\"><span class=\"s1\">4. Uzglab\u0101jiet b\u0113rniem nepieejam\u0101 viet\u0101.<\/span><\/p>\n<p class=\"p1\"><span class=\"s1\">Tikai \u0101r\u0113jai lieto\u0161anai.<\/span><\/p>\n<\/div>\n<div id=\"product-title\">\n<p style=\"font-weight: 400;\">Funkcion\u0101l\u0101s sast\u0101vda\u013cas un \u012bpa\u0161\u012bbas<br \/>\nNIACINAM\u012aDS: superzvaigznes sast\u0101vda\u013ca. Zin\u0101ms ar\u012b k\u0101 nikot\u012bnam\u012bds, tas ir B3 vitam\u012bna (niac\u012bna) atvasin\u0101jums un v\u0113rt\u012bgs sabiedrotais \u0101das kop\u0161an\u0101. Niacinam\u012bds inhib\u0113 tirozin\u0101zi, enz\u012bmu, kas atbild par melan\u012bna ra\u017eo\u0161anu, pal\u012bdzot izl\u012bdzin\u0101t \u0101das toni. Tas efekt\u012bvi nov\u0113r\u0161 tum\u0161os plankumus, saules rad\u012btos boj\u0101jumus, vecuma plankumus, vasaras raibumus, hiperpigment\u0101ciju un aps\u0101rtumu. B3 vitam\u012bns veicina mirdzo\u0161u, mirdzo\u0161u sejas kr\u0101su, ide\u0101li piem\u0113rots bl\u0101vai \u0101dai. P\u0113t\u012bjumi ar\u012b par\u0101da t\u0101 sp\u0113ju palielin\u0101t lip\u012bdu ra\u017eo\u0161anu un stimul\u0113t jauna kolag\u0113na veido\u0161anos.<br \/>\nVARA, CINKA, MANG\u0100NS, MAGNIJA MIKRELEMENTI: l\u012bdzsvaro akt\u012bv\u0101s sast\u0101vda\u013cas. Tas izl\u012bdzina sejas kr\u0101su, pal\u012bdz nov\u0113rst \u0101das noveco\u0161anos un p\u0101rm\u0113r\u012bgu sebuma veido\u0161anos, k\u0101 rezult\u0101t\u0101 \u0101da k\u013c\u016bst tvirt\u0101ka un elast\u012bg\u0101ka. VA\u0160S: stimul\u0113 kolag\u0113na ra\u017eo\u0161anu un pal\u012bdz izl\u012bdzin\u0101t sejas kr\u0101su. Kop\u0101 ar cinku tas regul\u0113 lieko sebuma veido\u0161anos. CINKS: stimul\u0113 kolag\u0113na ra\u017eo\u0161anu un pal\u012bdz c\u012bn\u012bties ar \u0101das defektiem. Kop\u0101 ar varu tas kontrol\u0113 lieko sebuma sekr\u0113ciju. MAGN\u0112JS: atbalsta kolag\u0113na stimul\u0101ciju. MANG\u0100NS: stimul\u0113 kolag\u0113na ra\u017eo\u0161anu un nodro\u0161ina mitrin\u0101\u0161anu. Kombin\u0101cij\u0101 ar cinku un varu tas nov\u0113r\u0161 \u0101das plankumus un darbojas k\u0101 pretiekaisuma l\u012bdzeklis.<br \/>\nLAKRICA: ekstrah\u0113ta no lakricas sakn\u0113m, ekstrah\u0113jot ar etanolu, \u0161ai biolo\u0123iski pieejamajai sast\u0101vda\u013cai piem\u012bt pretiekaisuma, nomierino\u0161as un antioksidanta \u012bpa\u0161\u012bbas. To parasti lieto produktos iekaisu\u0161ai un kairin\u0101tai \u0101dai, \u012bpa\u0161i dermat\u012bta gad\u012bjumos.<br \/>\nNEROLI AROM\u0100TAIS \u016aDENS: Akt\u012bv\u0101 sast\u0101vda\u013ca, nomierino\u0161a un antiseptiska. \u0160is \u016bdens ir piem\u0113rots jut\u012bgai, taukainai vai problem\u0101tiskai \u0101dai (akne, rosacea, ekz\u0113ma). Tas pal\u012bdz atjaunot mirdzumu bl\u0101vai \u0101dai. Delik\u0101ts arom\u0101ts.<\/p>\n<\/div>\n<p>SAST\u0100VS:<\/p>\n<p>AQUA (\u016aDENS), CITRUS AURANTIUM AMARA FLOWER WATER (CITRUS AURANTIUM AMARA (BITTER ORANGE) FLOWER WATER), PENTIL\u0112NGLIKOLS, SORBITOLS, GLICER\u012aNS, NIAC\u012aNAM\u012aDS, DIPOT\u0100CIJA GLICIRAMAGANEZ\u0100ZS, MIACI\u0145ASIRAZ\u0100TS VARA ASPART\u0100TS, CINKA ASPART\u0100TS, FENOKSIETANOLS, HIDROKSIETILCELULOZE, K\u0100LIJA SORB\u0100TS, KAPRILIGLIKOLS, N\u0100TRIJA FIT\u0100TS, CITRSK\u0100BE, LINALOLS<\/p>\n<p>CITRUS AURANTIUM AMARA ZIEDU \u016aDENS (CITRUS AURANTIUM AMARA (R\u016aGTA APELS\u012aNA) ZIEDU \u016aDENS), KAPRILILA GLIKOLS, N\u0100TRIJA FIT\u0100TS, CITRSK\u0100BE: COSMOS APSTIPRIN\u0100TS<br \/>\nPENTIL\u0112NGLIKOLS: COSMOS SERTIFIK\u0100TS<\/p>\n<p>&nbsp;<\/p>\n","protected":false},"excerpt":{"rendered":"<p>NIAC\u012aNAM\u012aDS SERUMS PRET PIGMENT\u0100CIJU NIAC\u012aNAM\u012aDS &#8211; CINKS &#8211; MAGN\u0112JS &#8211; MANG\u0100NS &#8211; VA\u0160S &#8211; LAKRICA Niacinam\u012bda serums ir \u012bstais produkts tiem, kas v\u0113las ieg\u016bt gludu, vienm\u0113r\u012bgu un mirdzo\u0161u \u0101du. Izstr\u0101d\u0101ts, lai efekt\u012bvi nov\u0113rstu, pigment\u0101ciju, tum\u0161os plankumus un pinnes. VEG\u0100NU FORMULA\u00a0\u2014 VAIR\u0100K\u0100K\u0100K 96% DAB\u012aGAS IZCELSMES SAST\u0100VDA\u013bU Niacinamide Booster \u2013 efekt\u012bvs l\u012bdzeklis, kas pal\u012bdz c\u012bn\u012bties ar tum\u0161iem plankumiem, \u0101das nepiln\u012bb\u0101m un papla\u0161in\u0101t\u0101m por\u0101m. Regul\u0101ra lieto\u0161ana padara \u0101du glud\u0101ku un vienm\u0113r\u012bg\u0101ku, uzlabojot t\u0101s tekst\u016bru un tonusu. T\u0101 formula stiprina \u0101das aizsargbarjeru, uztur optim\u0101lu mitruma l\u012bmeni un baro epidermu. Niacinam\u012bds veicina kolag\u0113na ra\u017eo\u0161anu, pal\u012bdzot&hellip;<\/p>\n","protected":false},"featured_media":7334,"template":"","meta":[],"product_brand":[],"product_cat":[71,33,63],"product_tag":[],"class_list":{"0":"post-7333","1":"product","2":"type-product","3":"status-publish","4":"has-post-thumbnail","6":"product_cat-davanas","7":"product_cat-uncategorized","8":"product_cat-kosmetologija","10":"first","11":"instock","12":"shipping-taxable","13":"purchasable","14":"product-type-simple"},"_links":{"self":[{"href":"https:\/\/www.happysunday.eu\/index.php?rest_route=\/wp\/v2\/product\/7333","targetHints":{"allow":["GET"]}}],"collection":[{"href":"https:\/\/www.happysunday.eu\/index.php?rest_route=\/wp\/v2\/product"}],"about":[{"href":"https:\/\/www.happysunday.eu\/index.php?rest_route=\/wp\/v2\/types\/product"}],"wp:featuredmedia":[{"embeddable":true,"href":"https:\/\/www.happysunday.eu\/index.php?rest_route=\/wp\/v2\/media\/7334"}],"wp:attachment":[{"href":"https:\/\/www.happysunday.eu\/index.php?rest_route=%2Fwp%2Fv2%2Fmedia&parent=7333"}],"wp:term":[{"taxonomy":"product_brand","embeddable":true,"href":"https:\/\/www.happysunday.eu\/index.php?rest_route=%2Fwp%2Fv2%2Fproduct_brand&post=7333"},{"taxonomy":"product_cat","embeddable":true,"href":"https:\/\/www.happysunday.eu\/index.php?rest_route=%2Fwp%2Fv2%2Fproduct_cat&post=7333"},{"taxonomy":"product_tag","embeddable":true,"href":"https:\/\/www.happysunday.eu\/index.php?rest_route=%2Fwp%2Fv2%2Fproduct_tag&post=7333"}],"curies":[{"name":"wp","href":"https:\/\/api.w.org\/{rel}","templated":true}]}}