{"id":7335,"date":"2025-03-19T10:03:38","date_gmt":"2025-03-19T10:03:38","guid":{"rendered":"https:\/\/www.happysunday.eu\/?post_type=product&#038;p=7335"},"modified":"2026-04-07T07:07:10","modified_gmt":"2026-04-07T07:07:10","slug":"bui-retinols-sejai-ar-probiotikiem-un-fibronektina-peptidiem","status":"publish","type":"product","link":"https:\/\/www.happysunday.eu\/?product=bui-retinols-sejai-ar-probiotikiem-un-fibronektina-peptidiem","title":{"rendered":"BIO RETINOLS SEJAI AR PROBIOTI\u0136IEM UN FIBRONEKT\u012aNA PEPT\u012aDIEM"},"content":{"rendered":"<div id=\"product-title\">\n<p>BIO RETINOLS<br \/>\nBOOSTER ANTI-AGE<br \/>\nDAB\u012aGS BIORETINOLS &#8211; PROBIOTISKS &#8211; FIBRONEKT\u012aNA PEPT\u012aDI<\/p>\n<p>MULTI DARB\u012aBAS &#8211; DERMATOLO\u0122ISKI P\u0100RBAUD\u012aTA<\/p>\n<p>Daudzfunkcion\u0101ls serums. Tas iedarbojas pret \u0101das noveco\u0161an\u0101s paz\u012bm\u0113m, samazinot dzi\u013c\u0101s grumbas un uzlabojot audu tvirtumu. Tas veicina \u0161\u016bnu atjauno\u0161anos un uzlabo \u0101das elast\u012bbu. Tas izl\u012bdzina \u0101das tekst\u016bru, padarot to mirdzo\u0161\u0101ku.<br \/>\nVEG\u0100NU FORMULA\u00a0\u2014 VAIR\u0100K\u0100K\u0100K 96% DAB\u012aGAS IZCELSMES SAST\u0100VDA\u013bU<\/p>\n<p>&nbsp;<\/p>\n<p class=\"p1\"><span class=\"s1\">Bioretinol Booster \u2013 dab\u012bgs risin\u0101jums jaun\u0101kai un tvirt\u0101kai \u0101dai. VISIEM \u0100DU TIPIEM!<\/span><\/p>\n<p class=\"p1\"><span class=\"s2\">Bioretinol Booster pal\u012bdz samazin\u0101t grumbas un uzlabo \u0101das tvirtumu, nodro\u0161inot dabiski jaunekl\u012bgu izskatu. T\u0101 sast\u0101v\u0101 eso\u0161ais bioretinols, ieg\u016bts no Vidusj\u016bras br\u016bnaj\u0101m a\u013c\u0123\u0113m <\/span><span class=\"s3\">Padina pavonica<\/span><span class=\"s2\">, pied\u0101v\u0101 efektivit\u0101ti, kas l\u012bdz\u012bga sint\u0113tiskajiem retino\u012bdiem, ta\u010du bez kairin\u0101juma riska.<\/span><\/p>\n<p class=\"p1\"><span class=\"s2\">Papildus taj\u0101 iek\u013cautais fibronekt\u012bna prekursors veicina \u0101das elast\u012bbu, mitrin\u0101\u0161anu un samazina smalk\u0101s krunci\u0146as. At\u0161\u0137ir\u012bb\u0101 no \u0137\u012bmisk\u0101 retinola, augu izcelsmes bioretinols ir saudz\u012bgs pret \u0101du, padarot to ide\u0101li piem\u0113rotu pat jut\u012bgai \u0101dai.<\/span><\/p>\n<p class=\"p1\"><span class=\"s2\">Turkl\u0101t <\/span><span class=\"s3\">Repair Complex<\/span><span class=\"s2\"> \u2013 \u012bpa\u0161a biotehnolo\u0123iska akt\u012bv\u0101 sast\u0101vda\u013ca \u2013 pal\u012bdz aizsarg\u0101t \u0101du no UVA staru rad\u012btiem boj\u0101jumiem, nodro\u0161inot papildu aizsardz\u012bbu pret noveco\u0161an\u0101s paz\u012bm\u0113m.<\/span><\/p>\n<p class=\"p1\"><span class=\"s1\">K\u0101 lietot?<\/span><\/p>\n<p class=\"p2\"><span class=\"s2\">1. Not\u012briet un nosusiniet \u0101du.<\/span><\/p>\n<p class=\"p2\"><span class=\"s2\">2. Uzkl\u0101jiet da\u017eus pilienus uz \u0101das.<\/span><\/p>\n<p class=\"p2\"><span class=\"s2\">3. Viegli iemas\u0113jiet, l\u012bdz l\u012bdzeklis piln\u012bb\u0101 uzs\u016bcas.<\/span><\/p>\n<p class=\"p2\"><span class=\"s2\">4. Izvairieties no saskares ar ac\u012bm.<\/span><\/p>\n<p class=\"p2\"><span class=\"s2\">5. Uzglab\u0101jiet b\u0113rniem nepieejam\u0101 viet\u0101.<\/span><\/p>\n<p class=\"p1\"><span class=\"s1\">Tikai \u0101r\u0113jai lieto\u0161anai.<\/span><\/p>\n<\/div>\n<div id=\"product-title\">\n<p style=\"font-weight: 400;\">Funkcion\u0101l\u0101s sast\u0101vda\u013cas un \u012bpa\u0161\u012bbas<br \/>\nBIO RETINOLS: ieg\u016bts no ilgtsp\u0113j\u012bgas Vidusj\u016bras izcelsmes, \u0161is dabiskais retinols tiek ieg\u016bts no br\u016bnaj\u0101m a\u013c\u0123\u0113m Padina pavonica. At\u0161\u0137ir\u012bb\u0101 no sint\u0113tisk\u0101 retinola (A vitam\u012bna), tam nav kontrindik\u0101ciju. Tas uzlabo epidermas darb\u012bbu, uzlabo \u0101das tvirtumu un elast\u012bbu, palielina \u0101das bl\u012bvumu un samazina grumbu par\u0101d\u012b\u0161anos. Tas ar\u012b pal\u012bdz izl\u012bdzin\u0101t \u0101das toni un padar\u012bt sejas kr\u0101su gai\u0161\u0101ku.<br \/>\nFIBRONEKT\u012aNA PEPT\u012aDI: pirmais efekt\u012bvais fibronekt\u012bna prekursors, \u0161ie pept\u012bdi palielina \u0101das tvirtumu un elast\u012bbu. Tie uzlabo elast\u012bbu un mitrin\u0101\u0161anu, samazina smalk\u0101s l\u012bnijas un grumbi\u0146as.<br \/>\nPROBIOTIC: biotehnolo\u0123isk\u0101 akt\u012bv\u0101 sast\u0101vda\u013ca, kas pal\u012bdz aizsarg\u0101t \u0101du pret priek\u0161laic\u012bgu noveco\u0161anos. Tas pasarg\u0101 no UV izrais\u012btiem boj\u0101jumiem un veicina vienm\u0113r\u012bgu sejas kr\u0101su, pal\u012bdzot \u0101dai saglab\u0101t jaunekl\u012bgu izskatu.<\/p>\n<\/div>\n<p>SAST\u0100VS:<\/p>\n<p>\u016aDENS, SORBITOLS, GLICER\u012aNS, PEG-40 HIDROG\u0112N\u0112TA R\u012aCINE\u013b\u013bA, PADINA PAVONICA TALUS EKSTRAKTS, BIFIDA FERMENTA LIZ\u0100TS, OLIGOPEPT\u012aDS-5, HIDROKSIETILCELULOZE, PROPIL\u0112NPANEDIUMSOLIKOLS, PROPIL\u0112NPANEDIUMSOLUMS, (Smar\u017eviela), n\u0101trija fit\u0101ts, n\u0101trija benzo\u0101ts, benzilsalicil\u0101ts, citronelols, limon\u0113ns, GERANIOLS, TERPINEOLS, alfa-IZOMETILIONONS, fenoksietanols, eti\u0137sk\u0101be, citronsk\u0101be*, citronsk\u0101be<\/p>\n<p>SEZAMA INDICUM S\u0112KLU E\u013b\u013bA: PADINA PAVONICA TALUS EKSTRAKTS, PROP\u0100NDIOLS, N\u0100TRIJA FIT\u0100TS: COSMOS APSTIPRIN\u0100TS<\/p>\n","protected":false},"excerpt":{"rendered":"<p>BIO RETINOLS BOOSTER ANTI-AGE DAB\u012aGS BIORETINOLS &#8211; PROBIOTISKS &#8211; FIBRONEKT\u012aNA PEPT\u012aDI MULTI DARB\u012aBAS &#8211; DERMATOLO\u0122ISKI P\u0100RBAUD\u012aTA Daudzfunkcion\u0101ls serums. Tas iedarbojas pret \u0101das noveco\u0161an\u0101s paz\u012bm\u0113m, samazinot dzi\u013c\u0101s grumbas un uzlabojot audu tvirtumu. Tas veicina \u0161\u016bnu atjauno\u0161anos un uzlabo \u0101das elast\u012bbu. Tas izl\u012bdzina \u0101das tekst\u016bru, padarot to mirdzo\u0161\u0101ku. VEG\u0100NU FORMULA\u00a0\u2014 VAIR\u0100K\u0100K\u0100K 96% DAB\u012aGAS IZCELSMES SAST\u0100VDA\u013bU &nbsp; Bioretinol Booster \u2013 dab\u012bgs risin\u0101jums jaun\u0101kai un tvirt\u0101kai \u0101dai. VISIEM \u0100DU TIPIEM! Bioretinol Booster pal\u012bdz samazin\u0101t grumbas un uzlabo \u0101das tvirtumu, nodro\u0161inot dabiski jaunekl\u012bgu izskatu. T\u0101 sast\u0101v\u0101 eso\u0161ais bioretinols, ieg\u016bts no Vidusj\u016bras br\u016bnaj\u0101m a\u013c\u0123\u0113m Padina pavonica,&hellip;<\/p>\n","protected":false},"featured_media":7336,"template":"","meta":[],"product_brand":[],"product_cat":[71,33,63],"product_tag":[],"class_list":{"0":"post-7335","1":"product","2":"type-product","3":"status-publish","4":"has-post-thumbnail","6":"product_cat-davanas","7":"product_cat-uncategorized","8":"product_cat-kosmetologija","10":"first","11":"instock","12":"shipping-taxable","13":"purchasable","14":"product-type-simple"},"_links":{"self":[{"href":"https:\/\/www.happysunday.eu\/index.php?rest_route=\/wp\/v2\/product\/7335","targetHints":{"allow":["GET"]}}],"collection":[{"href":"https:\/\/www.happysunday.eu\/index.php?rest_route=\/wp\/v2\/product"}],"about":[{"href":"https:\/\/www.happysunday.eu\/index.php?rest_route=\/wp\/v2\/types\/product"}],"wp:featuredmedia":[{"embeddable":true,"href":"https:\/\/www.happysunday.eu\/index.php?rest_route=\/wp\/v2\/media\/7336"}],"wp:attachment":[{"href":"https:\/\/www.happysunday.eu\/index.php?rest_route=%2Fwp%2Fv2%2Fmedia&parent=7335"}],"wp:term":[{"taxonomy":"product_brand","embeddable":true,"href":"https:\/\/www.happysunday.eu\/index.php?rest_route=%2Fwp%2Fv2%2Fproduct_brand&post=7335"},{"taxonomy":"product_cat","embeddable":true,"href":"https:\/\/www.happysunday.eu\/index.php?rest_route=%2Fwp%2Fv2%2Fproduct_cat&post=7335"},{"taxonomy":"product_tag","embeddable":true,"href":"https:\/\/www.happysunday.eu\/index.php?rest_route=%2Fwp%2Fv2%2Fproduct_tag&post=7335"}],"curies":[{"name":"wp","href":"https:\/\/api.w.org\/{rel}","templated":true}]}}