{"id":741,"date":"2021-01-21T13:48:27","date_gmt":"2021-01-21T13:48:27","guid":{"rendered":"https:\/\/www.happysunday.eu\/?post_type=product&#038;p=741"},"modified":"2026-04-07T06:53:34","modified_gmt":"2026-04-07T06:53:34","slug":"softening-tonic-500ml","status":"publish","type":"product","link":"https:\/\/www.happysunday.eu\/?product=softening-tonic-500ml","title":{"rendered":"PROFESION\u0100LS SEJAS TONIKS 500ml"},"content":{"rendered":"<div id=\"product-title\">\n<p><strong>Softening Tonic <\/strong>ar pantenolu.<\/p>\n<p>Svaigs un delik\u0101ts toniks, kas atjauno \u0101das hidrolip\u012bdu l\u012bdzsvaru. Pantenols, burvju lazdas \u016bdens un kumel\u012b\u0161u ekstrakts sniedz komfortu, mirdzumu un svaigumu, padarot \u0101du gatavu n\u0101kamajiem kop\u0161anas l\u012bdzek\u013ciem.<br \/>\nVEG\u0100NU FORMULA \u2013 VAIR\u0100K\u0100K\u0100K 85% DAB\u012aGU SAST\u0100VDA\u013bU<\/p>\n<p>Softening Tonic ir svaigs, viegls un maigs \u016bdens \u0161\u0137\u012bdums, kas ir b\u016btisks, lai pabeigtu \u0101das att\u012br\u012b\u0161anu un sagatavotu to turpm\u0101k\u0101m proced\u016br\u0101m. T\u0101s formula, kas bag\u0101tin\u0101ta ar pantenolu, saglab\u0101 \u0101das dabisko hidrolip\u012bdu barjeru un atjauno norm\u0101lu \u0101das pH p\u0113c att\u012br\u012b\u0161anas, savuk\u0101rt Hamemelis \u016bdens un kumel\u012b\u0161u ekstrakts nodro\u0161ina atsvaidzino\u0161u un nomierino\u0161u iedarb\u012bbu. To var lietot ikreiz, kad nepiecie\u0161ams, lai sejas \u0101dai pie\u0161\u0137irtu komfortu un svaigumu.<\/p>\n<p>K\u0101 lietot: P\u0113c r\u012bta un vakara t\u012br\u012b\u0161anas vai p\u0113c maskas izsmidziniet produktu tie\u0161i uz sejas vai viegli nositiet ar vates tamponu.<br \/>\nPagaidiet da\u017eas sekundes un turpiniet ar n\u0101kamo \u0101rst\u0113\u0161anu.<br \/>\nTo var lietot jebkur\u0101 diennakts laik\u0101, pat uz grima, lai pie\u0161\u0137irtu sejai svaigumu un komfortu.<br \/>\nIzvairieties no saskares ar ac\u012bm.<\/p>\n<p>PANTENOLS: paz\u012bstams ar\u012b k\u0101 B5 vitam\u012bns, kam rakstur\u012bgas re\u0123ener\u0113jo\u0161as un nomierino\u0161as \u012bpa\u0161\u012bbas, tas saglab\u0101 \u0101du elast\u012bgu un aizsarg\u0101tu.<br \/>\nHAMAMELIS \u016aDENS: nomierino\u0161s ziedu ekstrakts, kas piem\u0113rots pat visjut\u012bg\u0101kajai \u0101dai, \u0146emot v\u0113r\u0101 t\u0101 izcil\u0101s nomierino\u0161\u0101s \u012bpa\u0161\u012bbas.<br \/>\nKumel\u012b\u0161u ekstrakts: kumel\u012bte ir augs, kas paz\u012bstams ar sav\u0101m nomierino\u0161aj\u0101m \u012bpa\u0161\u012bb\u0101m. t\u0101s ekstrakts tiek izmantots t\u0101 nomierino\u0161ai darb\u012bbai, kas sp\u0113j nomierin\u0101t kairin\u0101jumu un aps\u0101rtumu.<br \/>\nKASTA\u0145U EKSTRAKTS: ieg\u016bts no kasta\u0146a auga, satur esc\u012bnu ar nomierino\u0161u un m\u012bkstino\u0161u efektu, kas var pal\u012bdz\u0113t aizsarg\u0101t \u0101das kapil\u0101ru trauslumu un nomierin\u0101t kairin\u0101jumus un aps\u0101rtumu.<br \/>\nPIENSK\u0100BE: augu izcelsmes organiska viela, kas veicina dabisku \u0101das lob\u012b\u0161anos. To lieto k\u0101 \u0101das pH regulatoru.<\/p>\n<p>Profesion\u0101l\u0101 kosm\u0113tika kosmetolo\u0123iskaj\u0101m proced\u016br\u0101m.<\/p>\n<\/div>\n","protected":false},"excerpt":{"rendered":"<p>Softening Tonic ar pantenolu. Svaigs un delik\u0101ts toniks, kas atjauno \u0101das hidrolip\u012bdu l\u012bdzsvaru. Pantenols, burvju lazdas \u016bdens un kumel\u012b\u0161u ekstrakts sniedz komfortu, mirdzumu un svaigumu, padarot \u0101du gatavu n\u0101kamajiem kop\u0161anas l\u012bdzek\u013ciem. VEG\u0100NU FORMULA \u2013 VAIR\u0100K\u0100K\u0100K 85% DAB\u012aGU SAST\u0100VDA\u013bU Softening Tonic ir svaigs, viegls un maigs \u016bdens \u0161\u0137\u012bdums, kas ir b\u016btisks, lai pabeigtu \u0101das att\u012br\u012b\u0161anu un sagatavotu to turpm\u0101k\u0101m proced\u016br\u0101m. T\u0101s formula, kas bag\u0101tin\u0101ta ar pantenolu, saglab\u0101 \u0101das dabisko hidrolip\u012bdu barjeru un atjauno norm\u0101lu \u0101das pH p\u0113c att\u012br\u012b\u0161anas, savuk\u0101rt Hamemelis \u016bdens un kumel\u012b\u0161u ekstrakts nodro\u0161ina atsvaidzino\u0161u un nomierino\u0161u iedarb\u012bbu. To var&hellip;<\/p>\n","protected":false},"featured_media":5532,"template":"","meta":[],"product_brand":[],"product_cat":[63],"product_tag":[],"class_list":{"0":"post-741","1":"product","2":"type-product","3":"status-publish","4":"has-post-thumbnail","6":"product_cat-kosmetologija","8":"first","9":"instock","10":"shipping-taxable","11":"purchasable","12":"product-type-simple"},"_links":{"self":[{"href":"https:\/\/www.happysunday.eu\/index.php?rest_route=\/wp\/v2\/product\/741","targetHints":{"allow":["GET"]}}],"collection":[{"href":"https:\/\/www.happysunday.eu\/index.php?rest_route=\/wp\/v2\/product"}],"about":[{"href":"https:\/\/www.happysunday.eu\/index.php?rest_route=\/wp\/v2\/types\/product"}],"wp:featuredmedia":[{"embeddable":true,"href":"https:\/\/www.happysunday.eu\/index.php?rest_route=\/wp\/v2\/media\/5532"}],"wp:attachment":[{"href":"https:\/\/www.happysunday.eu\/index.php?rest_route=%2Fwp%2Fv2%2Fmedia&parent=741"}],"wp:term":[{"taxonomy":"product_brand","embeddable":true,"href":"https:\/\/www.happysunday.eu\/index.php?rest_route=%2Fwp%2Fv2%2Fproduct_brand&post=741"},{"taxonomy":"product_cat","embeddable":true,"href":"https:\/\/www.happysunday.eu\/index.php?rest_route=%2Fwp%2Fv2%2Fproduct_cat&post=741"},{"taxonomy":"product_tag","embeddable":true,"href":"https:\/\/www.happysunday.eu\/index.php?rest_route=%2Fwp%2Fv2%2Fproduct_tag&post=741"}],"curies":[{"name":"wp","href":"https:\/\/api.w.org\/{rel}","templated":true}]}}