{"id":742,"date":"2024-08-22T09:38:22","date_gmt":"2024-08-22T09:38:22","guid":{"rendered":"https:\/\/www.happysunday.eu\/?post_type=product&#038;p=742"},"modified":"2026-04-07T07:04:45","modified_gmt":"2026-04-07T07:04:45","slug":"detox-black-mask-500ml","status":"publish","type":"product","link":"https:\/\/www.happysunday.eu\/?product=detox-black-mask-500ml","title":{"rendered":"DETOX MELN\u0100 MASKA AR AKT\u012aVO OGLES UN M\u0100LI 500ML"},"content":{"rendered":"<div id=\"product-title\">\n<p><strong>DETOX BLACK MASK WITH ACTIVE CHARCOAL AND PURE CLAY<\/strong><\/p>\n<p>Detox maska un p\u012blings skrubis ar kr\u0113m\u012bgu tekst\u016bru, izstr\u0101d\u0101ts visu \u0101das tipu kop\u0161anai. Tas atst\u0101j \u0101du mat\u0113tu un mirdzo\u0161u.<br \/>\n76,69% dab\u012bgs<\/p>\n<p>Detox Black Mask dzi\u013ci att\u012bra \u0101du, pateicoties Pure Clay iedarb\u012bbai, kas absorb\u0113 \u0101das net\u012brumus un pie\u0161\u0137ir \u0101dai miner\u0101ls\u0101\u013cus. Pure Clay ar aktiv\u0113to ogli siner\u0123isk\u0101 iedarb\u012bba mazina papla\u0161in\u0101t\u0101s poras un no\u0146em lieko sebumu, padarot \u0101du bl\u0101vu. Detox Black Mask var izmantot ar\u012b k\u0101 p\u012blingu skrubi, lai likvid\u0113tu net\u012brumus un pie\u0161\u0137irtu sejai t\u016bl\u012bt\u0113ju mirdzumu.<\/p>\n<p>Detox Black Mask ir piem\u0113rota visiem \u0101das tipiem un to var lietot jebkur\u0101 vecum\u0101. Ide\u0101li piem\u0113rots pat saus\u0101k\u0101s \u0101das att\u012br\u012b\u0161anai, jo formula ir bag\u0101tin\u0101ta ar augu e\u013c\u013c\u0101m, kas iedarb\u012bbas laik\u0101 nomierina \u0101du un l\u012bdzsvaro m\u0101lu absorb\u0113jo\u0161o darb\u012bbu.<\/p>\n<p>K\u0101 lietot:<\/p>\n<p>1. Lietojiet produktu p\u0113c r\u016bp\u012bgas \u0101das att\u012br\u012b\u0161anas.<br \/>\n2. Uzkl\u0101jiet pl\u0101nu k\u0101rtu uz sejas, kakla un dekolt\u0113, izvairoties no acu kont\u016bras un l\u016bpu kont\u016bras.<br \/>\n3. Atst\u0101jiet iedarboties 5\/10 min\u016btes, lai veicin\u0101tu liek\u0101 sebuma uzs\u016bk\u0161anos.<br \/>\n4. Ja v\u0113laties izmantot maskas p\u012blinga darb\u012bbu, maigi iemas\u0113jiet ar ap\u013cveida kust\u012bb\u0101m, lai veicin\u0101tu \u0101das mikrop\u012blingu.<br \/>\n5. R\u016bp\u012bgi noskalojiet ar siltu \u016bdeni un uzkl\u0101jiet parasto serumu vai kr\u0113mu.<br \/>\n6. Izvairieties no saskares ar ac\u012bm.Profesion\u0101l\u0101 kosm\u0113tika kosmetolo\u0123iskaj\u0101m proced\u016br\u0101m.<\/p>\n<p>AKT\u012aV\u0100 OGLE: augu izcelsmes, ir \u012bpa\u0161i apstr\u0101d\u0101ta, lai izmantotu \u0101das att\u012br\u012b\u0161anas proced\u016br\u0101s. Tas darbojas siner\u0123ij\u0101 ar t\u012bru m\u0101lu, lai no\u0146emtu un absorb\u0113tu \u0101das nepiln\u012bbas.<br \/>\nPURE CAY: miner\u0101lu avots, kam rakstur\u012bga lieliska att\u012bro\u0161a un mineraliz\u0113jo\u0161a iedarb\u012bba. Pateicoties apmai\u0146as procesam, m\u0101ls sp\u0113j absorb\u0113t net\u012brumus no \u0101das, izdalot miner\u0101ls\u0101\u013cus.<br \/>\nMANDE\u013bU E\u013b\u013bA: aukst\u0101 e\u013c\u013ca, kas ieg\u016bta no saldaj\u0101m mandel\u0113m un bag\u0101ta ar t\u0101diem mikroelementiem k\u0101 linolsk\u0101be un D vitam\u012bns, kas noder \u0101das elast\u012bbas saglab\u0101\u0161anai.<br \/>\nAVOKADO E\u013b\u013bA: ieg\u016bta no svaigu aug\u013cu m\u012bkstuma un bag\u0101ta ar linolsk\u0101bi. Pateicoties t\u0101 nomierino\u0161aj\u0101m un m\u012bkstino\u0161aj\u0101m \u012bpa\u0161\u012bb\u0101m, tas dzi\u013ci baro un aizsarg\u0101 \u0101du.<br \/>\nMALVA EKSTRAKTS: ieg\u016bts no malvas lakstauga lap\u0101m, sp\u0113l\u0113 intens\u012bvu m\u012bkstino\u0161u, m\u012bkstino\u0161u un atsvaidzino\u0161u efektu.<br \/>\nSALVIJU EKSTRAKTS: ieg\u016bts no salvijas auga, kas paz\u012bstams ar savu savelko\u0161o, att\u012bro\u0161o un l\u012bdzsvarojo\u0161o darb\u012bbu. Tas mazina net\u012brumus, papla\u0161in\u0101tas poras un lieko sebumu.<br \/>\nAUGU GLICER\u012aNS: ieg\u016bts no augu e\u013c\u013c\u0101m un taukiem, piem\u012bt m\u012bkstino\u0161as \u012bpa\u0161\u012bbas.<\/p>\n<\/div>\n","protected":false},"excerpt":{"rendered":"<p>DETOX BLACK MASK WITH ACTIVE CHARCOAL AND PURE CLAY Detox maska un p\u012blings skrubis ar kr\u0113m\u012bgu tekst\u016bru, izstr\u0101d\u0101ts visu \u0101das tipu kop\u0161anai. Tas atst\u0101j \u0101du mat\u0113tu un mirdzo\u0161u. 76,69% dab\u012bgs Detox Black Mask dzi\u013ci att\u012bra \u0101du, pateicoties Pure Clay iedarb\u012bbai, kas absorb\u0113 \u0101das net\u012brumus un pie\u0161\u0137ir \u0101dai miner\u0101ls\u0101\u013cus. Pure Clay ar aktiv\u0113to ogli siner\u0123isk\u0101 iedarb\u012bba mazina papla\u0161in\u0101t\u0101s poras un no\u0146em lieko sebumu, padarot \u0101du bl\u0101vu. Detox Black Mask var izmantot ar\u012b k\u0101 p\u012blingu skrubi, lai likvid\u0113tu net\u012brumus un pie\u0161\u0137irtu sejai t\u016bl\u012bt\u0113ju mirdzumu. Detox Black Mask ir piem\u0113rota visiem \u0101das tipiem&hellip;<\/p>\n","protected":false},"featured_media":749,"template":"","meta":[],"product_brand":[],"product_cat":[63],"product_tag":[],"class_list":{"0":"post-742","1":"product","2":"type-product","3":"status-publish","4":"has-post-thumbnail","6":"product_cat-kosmetologija","8":"first","9":"instock","10":"shipping-taxable","11":"purchasable","12":"product-type-simple"},"_links":{"self":[{"href":"https:\/\/www.happysunday.eu\/index.php?rest_route=\/wp\/v2\/product\/742","targetHints":{"allow":["GET"]}}],"collection":[{"href":"https:\/\/www.happysunday.eu\/index.php?rest_route=\/wp\/v2\/product"}],"about":[{"href":"https:\/\/www.happysunday.eu\/index.php?rest_route=\/wp\/v2\/types\/product"}],"wp:featuredmedia":[{"embeddable":true,"href":"https:\/\/www.happysunday.eu\/index.php?rest_route=\/wp\/v2\/media\/749"}],"wp:attachment":[{"href":"https:\/\/www.happysunday.eu\/index.php?rest_route=%2Fwp%2Fv2%2Fmedia&parent=742"}],"wp:term":[{"taxonomy":"product_brand","embeddable":true,"href":"https:\/\/www.happysunday.eu\/index.php?rest_route=%2Fwp%2Fv2%2Fproduct_brand&post=742"},{"taxonomy":"product_cat","embeddable":true,"href":"https:\/\/www.happysunday.eu\/index.php?rest_route=%2Fwp%2Fv2%2Fproduct_cat&post=742"},{"taxonomy":"product_tag","embeddable":true,"href":"https:\/\/www.happysunday.eu\/index.php?rest_route=%2Fwp%2Fv2%2Fproduct_tag&post=742"}],"curies":[{"name":"wp","href":"https:\/\/api.w.org\/{rel}","templated":true}]}}