{"id":7450,"date":"2025-04-08T11:10:04","date_gmt":"2025-04-08T11:10:04","guid":{"rendered":"https:\/\/www.happysunday.eu\/?post_type=product&#038;p=7450"},"modified":"2026-04-07T07:07:10","modified_gmt":"2026-04-07T07:07:10","slug":"pakapeniski-tonejoss-kermena-krems-200ml","status":"publish","type":"product","link":"https:\/\/www.happysunday.eu\/?product=pakapeniski-tonejoss-kermena-krems-200ml","title":{"rendered":"PAK\u0100PENISKI TON\u0112JO\u0160S \u0136ERMENA KR\u0112MS 200ml"},"content":{"rendered":"<div id=\"product-title\">\n<p class=\"p1\"><span class=\"s1\">PAK\u0100PENISKI TON\u0112JO\u0160S \u0136ERMENA KR\u0112MS 200ml <\/span><\/p>\n<p class=\"p1\"><span class=\"s2\">Ieg\u016bsti dabisku, pak\u0101penisku iedegumu un samtaini gludu \u0101du!<\/span><\/p>\n<p class=\"p1\"><span class=\"s1\">Gradual Tanning Moisturizer<\/span><span class=\"s2\"> ir \u012bpa\u0161i mitrino\u0161s \u0137erme\u0146a kr\u0113ms, kas pie\u0161\u0137ir \u0101dai maigu t\u016bl\u012bt\u0113ju iedeguma efektu, vienlaikus to intens\u012bvi barojot. Ide\u0101li piem\u0113rots iedeguma pagarin\u0101\u0161anai p\u0113c pa\u0161ton\u0113jo\u0161u l\u012bdzek\u013cu lieto\u0161anas.<\/span><\/p>\n<p class=\"p1\"><span class=\"s1\">Galven\u0101s priek\u0161roc\u012bbas:<\/span><\/p>\n<p class=\"p3\"><span class=\"s2\">\u2022 <\/span><span class=\"s1\">Pak\u0101penisks un dab\u012bgs iedegums<\/span><span class=\"s2\">, kas saglab\u0101jas l\u012bdz pat 2 dien\u0101m<\/span><\/p>\n<p class=\"p3\"><span class=\"s2\">\u2022 <\/span><span class=\"s1\">Bag\u0101t\u012bga formula ar alveju, anan\u0101su ekstraktu un E vitam\u012bnu<\/span><span class=\"s2\">, kas nomierina un mitrina \u0101du<\/span><\/p>\n<p class=\"p3\"><span class=\"s2\">\u2022 <\/span><span class=\"s1\">Piem\u0113rots visiem \u0101das tipiem<\/span><\/p>\n<p class=\"p3\"><span class=\"s2\">\u2022 <\/span><span class=\"s1\">Maigs arom\u0101ts ar mellen\u0113m, lavandu un vani\u013cu<\/span><span class=\"s2\">, kas iepriecina saj\u016btas<\/span><\/p>\n<p class=\"p3\"><span class=\"s2\">\u2022 <\/span><span class=\"s1\">Samta maiga un gluda \u0101da visas dienas garum\u0101<\/span><\/p>\n<p class=\"p1\"><span class=\"s2\">Lutini savu \u0101du ar luksusa saj\u016btu un dabisku iedegumu \u2014 vien\u0101 soli. <\/span><span class=\"s1\">Pas\u016bti jau \u0161odien un atkl\u0101j vasaru katr\u0101 piesk\u0101rien\u0101!<\/span><\/p>\n<\/div>\n","protected":false},"excerpt":{"rendered":"<p>PAK\u0100PENISKI TON\u0112JO\u0160S \u0136ERMENA KR\u0112MS 200ml Ieg\u016bsti dabisku, pak\u0101penisku iedegumu un samtaini gludu \u0101du! Gradual Tanning Moisturizer ir \u012bpa\u0161i mitrino\u0161s \u0137erme\u0146a kr\u0113ms, kas pie\u0161\u0137ir \u0101dai maigu t\u016bl\u012bt\u0113ju iedeguma efektu, vienlaikus to intens\u012bvi barojot. Ide\u0101li piem\u0113rots iedeguma pagarin\u0101\u0161anai p\u0113c pa\u0161ton\u0113jo\u0161u l\u012bdzek\u013cu lieto\u0161anas. Galven\u0101s priek\u0161roc\u012bbas: \u2022 Pak\u0101penisks un dab\u012bgs iedegums, kas saglab\u0101jas l\u012bdz pat 2 dien\u0101m \u2022 Bag\u0101t\u012bga formula ar alveju, anan\u0101su ekstraktu un E vitam\u012bnu, kas nomierina un mitrina \u0101du \u2022 Piem\u0113rots visiem \u0101das tipiem \u2022 Maigs arom\u0101ts ar mellen\u0113m, lavandu un vani\u013cu, kas iepriecina saj\u016btas \u2022 Samta maiga un gluda \u0101da&hellip;<\/p>\n","protected":false},"featured_media":7451,"template":"","meta":[],"product_brand":[],"product_cat":[33,34,83],"product_tag":[],"class_list":{"0":"post-7450","1":"product","2":"type-product","3":"status-publish","4":"has-post-thumbnail","6":"product_cat-uncategorized","7":"product_cat-kosmetika","8":"product_cat-that-so","10":"first","11":"instock","12":"shipping-taxable","13":"purchasable","14":"product-type-simple"},"_links":{"self":[{"href":"https:\/\/www.happysunday.eu\/index.php?rest_route=\/wp\/v2\/product\/7450","targetHints":{"allow":["GET"]}}],"collection":[{"href":"https:\/\/www.happysunday.eu\/index.php?rest_route=\/wp\/v2\/product"}],"about":[{"href":"https:\/\/www.happysunday.eu\/index.php?rest_route=\/wp\/v2\/types\/product"}],"wp:featuredmedia":[{"embeddable":true,"href":"https:\/\/www.happysunday.eu\/index.php?rest_route=\/wp\/v2\/media\/7451"}],"wp:attachment":[{"href":"https:\/\/www.happysunday.eu\/index.php?rest_route=%2Fwp%2Fv2%2Fmedia&parent=7450"}],"wp:term":[{"taxonomy":"product_brand","embeddable":true,"href":"https:\/\/www.happysunday.eu\/index.php?rest_route=%2Fwp%2Fv2%2Fproduct_brand&post=7450"},{"taxonomy":"product_cat","embeddable":true,"href":"https:\/\/www.happysunday.eu\/index.php?rest_route=%2Fwp%2Fv2%2Fproduct_cat&post=7450"},{"taxonomy":"product_tag","embeddable":true,"href":"https:\/\/www.happysunday.eu\/index.php?rest_route=%2Fwp%2Fv2%2Fproduct_tag&post=7450"}],"curies":[{"name":"wp","href":"https:\/\/api.w.org\/{rel}","templated":true}]}}