{"id":7452,"date":"2025-04-08T11:14:27","date_gmt":"2025-04-08T11:14:27","guid":{"rendered":"https:\/\/www.happysunday.eu\/?post_type=product&#038;p=7452"},"modified":"2026-04-07T07:07:10","modified_gmt":"2026-04-07T07:07:10","slug":"mirdzosa-saulosanas-eemulsija-kermenim-ar-bronzeriem-100ml","status":"publish","type":"product","link":"https:\/\/www.happysunday.eu\/?product=mirdzosa-saulosanas-eemulsija-kermenim-ar-bronzeriem-100ml","title":{"rendered":"MIRDZO\u0160A SAU\u013bO\u0160AN\u0100S EEMULSIJA  \u0136ERMENIM AR BRONZERIEM 100ML"},"content":{"rendered":"<div id=\"product-title\">\n<p class=\"p1\"><span class=\"s1\">GLOWY BRONZE<\/span><\/p>\n<p class=\"p1\"><span class=\"s1\">SP\u012aDUMA EFEKTA IEDZEGUMA EMULSIJA AR BRONZERIEM<\/span><\/p>\n<p class=\"p1\"><span class=\"s1\">Mirdzo\u0161a iedeguma nosl\u0113pums Tavai \u0101dai!<\/span><\/p>\n<p class=\"p1\"><span class=\"s2\">Glowy Bronze ir iedeguma emulsija, kas pie\u0161\u0137ir \u0101dai neatvair\u0101mu sp\u012bduma efektu. Pateicoties t\u0101s \u012bpa\u0161ajai, mirdzo\u0161ajai formulai, t\u0101 izgaismo \u0137erme\u0146a \u0101du, radot dabisku un vesel\u012bgi iedegu\u0161u izskatu.<\/span><\/p>\n<p class=\"p1\"><span class=\"s1\">Perfekta izv\u0113le vasarai:<\/span><\/p>\n<p class=\"p3\"><span class=\"s2\">\u2022 Izce\u013c jau iedegu\u0161u \u0101du, izl\u012bdzina toni un pie\u0161\u0137ir vienm\u0113r\u012bgu iedegumu<\/span><\/p>\n<p class=\"p3\"><span class=\"s2\">\u2022 Bag\u0101tin\u0101ta ar sald\u0101 mande\u013cu e\u013c\u013cu un \u0161\u012b sviestu \u2014 intens\u012bva mitrin\u0101\u0161ana bez taukainuma<\/span><\/p>\n<p class=\"p3\"><span class=\"s2\">\u2022 Viegls, pat\u012bkams sp\u012bdums, kas pie\u0161\u0137ir \u0101dai zeltainu, vesel\u012bgu mirdzumu<\/span><\/p>\n<p class=\"p1\"><span class=\"s1\">Glowy Bronze \u2014 Tava \u0101da pateiks paldies!<\/span><\/p>\n<p class=\"p1\"><span class=\"s2\">Ide\u0101li piem\u0113rota sau\u013co\u0161anai dab\u012bgaj\u0101 saul\u0113, \u00a0gan ikdienai, gan \u012bpa\u0161iem vakariem, kad v\u0113lies izcelt savu dab\u012bgo skaistumu.<\/span><\/p>\n<p class=\"p1\"><span class=\"s1\">Oblig\u0101ti ieg\u0101d\u0101jies \u0161o vasaru \u2014 mirdzo\u0161s iedegums v\u0113l nekad nav bijis tik viegli sasniedzams!<\/span><\/p>\n<\/div>\n","protected":false},"excerpt":{"rendered":"<p>GLOWY BRONZE SP\u012aDUMA EFEKTA IEDZEGUMA EMULSIJA AR BRONZERIEM Mirdzo\u0161a iedeguma nosl\u0113pums Tavai \u0101dai! Glowy Bronze ir iedeguma emulsija, kas pie\u0161\u0137ir \u0101dai neatvair\u0101mu sp\u012bduma efektu. Pateicoties t\u0101s \u012bpa\u0161ajai, mirdzo\u0161ajai formulai, t\u0101 izgaismo \u0137erme\u0146a \u0101du, radot dabisku un vesel\u012bgi iedegu\u0161u izskatu. Perfekta izv\u0113le vasarai: \u2022 Izce\u013c jau iedegu\u0161u \u0101du, izl\u012bdzina toni un pie\u0161\u0137ir vienm\u0113r\u012bgu iedegumu \u2022 Bag\u0101tin\u0101ta ar sald\u0101 mande\u013cu e\u013c\u013cu un \u0161\u012b sviestu \u2014 intens\u012bva mitrin\u0101\u0161ana bez taukainuma \u2022 Viegls, pat\u012bkams sp\u012bdums, kas pie\u0161\u0137ir \u0101dai zeltainu, vesel\u012bgu mirdzumu Glowy Bronze \u2014 Tava \u0101da pateiks paldies! Ide\u0101li piem\u0113rota sau\u013co\u0161anai dab\u012bgaj\u0101 saul\u0113, \u00a0gan&hellip;<\/p>\n","protected":false},"featured_media":7453,"template":"","meta":[],"product_brand":[],"product_cat":[33,84,58,83],"product_tag":[],"class_list":{"0":"post-7452","1":"product","2":"type-product","3":"status-publish","4":"has-post-thumbnail","6":"product_cat-uncategorized","7":"product_cat-saules-kosmetika","8":"product_cat-super-sale","9":"product_cat-that-so","11":"first","12":"instock","13":"shipping-taxable","14":"purchasable","15":"product-type-simple"},"_links":{"self":[{"href":"https:\/\/www.happysunday.eu\/index.php?rest_route=\/wp\/v2\/product\/7452","targetHints":{"allow":["GET"]}}],"collection":[{"href":"https:\/\/www.happysunday.eu\/index.php?rest_route=\/wp\/v2\/product"}],"about":[{"href":"https:\/\/www.happysunday.eu\/index.php?rest_route=\/wp\/v2\/types\/product"}],"wp:featuredmedia":[{"embeddable":true,"href":"https:\/\/www.happysunday.eu\/index.php?rest_route=\/wp\/v2\/media\/7453"}],"wp:attachment":[{"href":"https:\/\/www.happysunday.eu\/index.php?rest_route=%2Fwp%2Fv2%2Fmedia&parent=7452"}],"wp:term":[{"taxonomy":"product_brand","embeddable":true,"href":"https:\/\/www.happysunday.eu\/index.php?rest_route=%2Fwp%2Fv2%2Fproduct_brand&post=7452"},{"taxonomy":"product_cat","embeddable":true,"href":"https:\/\/www.happysunday.eu\/index.php?rest_route=%2Fwp%2Fv2%2Fproduct_cat&post=7452"},{"taxonomy":"product_tag","embeddable":true,"href":"https:\/\/www.happysunday.eu\/index.php?rest_route=%2Fwp%2Fv2%2Fproduct_tag&post=7452"}],"curies":[{"name":"wp","href":"https:\/\/api.w.org\/{rel}","templated":true}]}}